{"id":3615,"date":"2026-01-27T16:21:58","date_gmt":"2026-01-27T15:21:58","guid":{"rendered":"https:\/\/www.byenhof.nl\/konstruktionsarbeiten\/"},"modified":"2026-02-06T11:41:23","modified_gmt":"2026-02-06T10:41:23","slug":"konstruktionsarbeiten","status":"publish","type":"page","link":"https:\/\/www.byenhof.nl\/de\/massanfertigung\/konstruktionsarbeiten\/","title":{"rendered":"Konstruktionsarbeiten"},"content":{"rendered":"\t\t<div data-elementor-type=\"wp-page\" data-elementor-id=\"3615\" class=\"elementor elementor-3615 elementor-2212\" data-elementor-post-type=\"page\">\n\t\t\t\t<div class=\"elementor-element elementor-element-1a7af26e e-flex e-con-boxed e-con e-parent\" data-id=\"1a7af26e\" data-element_type=\"container\" data-e-type=\"container\" data-settings=\"{&quot;background_background&quot;:&quot;classic&quot;}\">\n\t\t\t\t\t<div class=\"e-con-inner\">\n\t\t\t\t<div class=\"elementor-element elementor-element-487b6ce1 elementor-widget elementor-widget-breadcrumbs\" data-id=\"487b6ce1\" data-element_type=\"widget\" data-e-type=\"widget\" data-widget_type=\"breadcrumbs.default\">\n\t\t\t\t\t<p id=\"breadcrumbs\"><span><span><a href=\"https:\/\/www.byenhof.nl\/de\/startseite\/\">Startseite<\/a><\/span><\/span><\/p>\t\t\t\t<\/div>\n\t\t\t\t\t<\/div>\n\t\t\t\t<\/div>\n\t\t<div class=\"elementor-element elementor-element-3cf11548   e-flex e-con-boxed e-con e-parent\" data-id=\"3cf11548\" data-element_type=\"container\" data-e-type=\"container\" data-settings=\"{&quot;background_background&quot;:&quot;classic&quot;}\">\n\t\t\t\t\t<div class=\"e-con-inner\">\n\t\t<div class=\"elementor-element elementor-element-54637ff3 e-con-full e-flex e-con e-child\" data-id=\"54637ff3\" data-element_type=\"container\" data-e-type=\"container\">\n\t\t\t\t<div class=\"elementor-element elementor-element-55fcdcf elementor-widget elementor-widget-heading\" data-id=\"55fcdcf\" data-element_type=\"widget\" data-e-type=\"widget\" data-widget_type=\"heading.default\">\n\t\t\t\t\t<h1 class=\"elementor-heading-title elementor-size-default\">Konstruktionsarbeiten<\/h1>\t\t\t\t<\/div>\n\t\t\t\t<div class=\"elementor-element elementor-element-7f8fe18d elementor-widget elementor-widget-text-editor\" data-id=\"7f8fe18d\" data-element_type=\"widget\" data-e-type=\"widget\" data-widget_type=\"text-editor.default\">\n\t\t\t\t\t\t\t\t\t<p>Dank eines modernen und umfangreichen Maschinenparks kann Byenhof Bedrijfsdeuren ma\u00dfgeschneiderte Konstruktionsarbeiten liefern, wie spezielle Antriebe und sichere Be- und Entladestellen.<\/p>\t\t\t\t\t\t\t\t<\/div>\n\t\t\t\t<\/div>\n\t\t<div class=\"elementor-element elementor-element-7e2118ba e-con-full e-flex e-con e-child\" data-id=\"7e2118ba\" data-element_type=\"container\" data-e-type=\"container\">\n\t\t\t\t<div class=\"elementor-element elementor-element-469f8fd6 elementor-absolute teaser__image elementor-widget elementor-widget-image\" data-id=\"469f8fd6\" data-element_type=\"widget\" data-e-type=\"widget\" data-settings=\"{&quot;_position&quot;:&quot;absolute&quot;}\" data-widget_type=\"image.default\">\n\t\t\t\t\t\t\t\t\t\t\t\t\t\t\t<img fetchpriority=\"high\" decoding=\"async\" width=\"990\" height=\"545\" src=\"https:\/\/www.byenhof.nl\/wp-content\/uploads\/2026\/01\/Constructiewerk-990x545-1.jpg\" class=\"attachment-large size-large wp-image-3616\" alt=\"\" srcset=\"https:\/\/www.byenhof.nl\/wp-content\/uploads\/2026\/01\/Constructiewerk-990x545-1.jpg 990w, https:\/\/www.byenhof.nl\/wp-content\/uploads\/2026\/01\/Constructiewerk-990x545-1-768x423.jpg 768w\" sizes=\"(max-width: 990px) 100vw, 990px\" \/>\t\t\t\t\t\t\t\t\t\t\t\t\t\t\t<\/div>\n\t\t\t\t<\/div>\n\t\t\t\t\t<\/div>\n\t\t\t\t<\/div>\n\t\t<div class=\"elementor-element elementor-element-684b5485 e-flex e-con-boxed e-con e-parent\" data-id=\"684b5485\" data-element_type=\"container\" data-e-type=\"container\">\n\t\t\t\t\t<div class=\"e-con-inner\">\n\t\t\t\t<div class=\"elementor-element elementor-element-71e894cb elementor-align-center elementor-icon-list--layout-traditional elementor-list-item-link-full_width elementor-widget elementor-widget-icon-list\" data-id=\"71e894cb\" data-element_type=\"widget\" data-e-type=\"widget\" data-widget_type=\"icon-list.default\">\n\t\t\t\t\t\t\t<ul class=\"elementor-icon-list-items\">\n\t\t\t\t\t\t\t<li class=\"elementor-icon-list-item\">\n\t\t\t\t\t\t\t\t\t\t\t<a href=\"#ontdek\">\n\n\t\t\t\t\t\t\t\t\t\t\t\t<span class=\"elementor-icon-list-icon\">\n\t\t\t\t\t\t\t<svg aria-hidden=\"true\" class=\"e-font-icon-svg e-fas-chevron-circle-down\" viewBox=\"0 0 512 512\" xmlns=\"http:\/\/www.w3.org\/2000\/svg\"><path d=\"M504 256c0 137-111 248-248 248S8 393 8 256 119 8 256 8s248 111 248 248zM273 369.9l135.5-135.5c9.4-9.4 9.4-24.6 0-33.9l-17-17c-9.4-9.4-24.6-9.4-33.9 0L256 285.1 154.4 183.5c-9.4-9.4-24.6-9.4-33.9 0l-17 17c-9.4 9.4-9.4 24.6 0 33.9L239 369.9c9.4 9.4 24.6 9.4 34 0z\"><\/path><\/svg>\t\t\t\t\t\t<\/span>\n\t\t\t\t\t\t\t\t\t\t<span class=\"elementor-icon-list-text\">Mehr entdecken<\/span>\n\t\t\t\t\t\t\t\t\t\t\t<\/a>\n\t\t\t\t\t\t\t\t\t<\/li>\n\t\t\t\t\t\t<\/ul>\n\t\t\t\t\t\t<\/div>\n\t\t\t\t\t<\/div>\n\t\t\t\t<\/div>\n\t\t<div class=\"elementor-element elementor-element-c3085b5 e-flex e-con-boxed e-con e-parent\" data-id=\"c3085b5\" data-element_type=\"container\" data-e-type=\"container\">\n\t\t\t\t\t<div class=\"e-con-inner\">\n\t\t<div class=\"elementor-element elementor-element-279865aa e-con-full detail e-flex e-con e-child\" data-id=\"279865aa\" data-element_type=\"container\" data-e-type=\"container\" id=\"ontdek\">\n\t\t\t\t<div class=\"elementor-element elementor-element-6128a34d elementor-widget elementor-widget-text-editor\" data-id=\"6128a34d\" data-element_type=\"widget\" data-e-type=\"widget\" data-widget_type=\"text-editor.default\">\n\t\t\t\t\t\t\t\t\t<p data-start=\"113\" data-end=\"416\">Dank eines modernen und umfangreichen Maschinenparks ist Byenhof Bedrijfsdeuren in der Lage, hochwertige ma\u00dfgeschneiderte Konstruktionsarbeiten umzusetzen. Wir fertigen unter anderem w\u00e4rmeabweisende Matrizenk\u00e4sten, spezielle Antriebe und sichere Be- und Entladestellen, vollst\u00e4ndig abgestimmt auf die spezifischen W\u00fcnsche und Anforderungen unserer Kunden. <\/p><p data-start=\"423\" data-end=\"729\">Dar\u00fcber hinaus verf\u00fcgen wir \u00fcber eine breite Palette an Schwei\u00dfger\u00e4ten und beherrschen verschiedene Schwei\u00dftechniken, darunter MIG\/MAG-, WIG-, Elektro- und Autogenschwei\u00dfen. Diese Vielseitigkeit erm\u00f6glicht es uns, problemlos mit verschiedenen Materialien wie Stahl, Aluminium und Edelstahl (RVS) zu arbeiten. <\/p><p data-start=\"736\" data-end=\"899\">Durch unsere technische Expertise, Flexibilit\u00e4t und unseren Fokus auf Qualit\u00e4t garantieren wir dauerhafte und zuverl\u00e4ssige L\u00f6sungen f\u00fcr vielf\u00e4ltige industrielle Anwendungen.<\/p>\t\t\t\t\t\t\t\t<\/div>\n\t\t\t\t<\/div>\n\t\t<div class=\"elementor-element elementor-element-287b5847 e-con-full detail__properties e-flex e-con e-child\" data-id=\"287b5847\" data-element_type=\"container\" data-e-type=\"container\" data-settings=\"{&quot;background_background&quot;:&quot;classic&quot;}\">\n\t\t\t\t<div class=\"elementor-element elementor-element-60da7d2 elementor-widget elementor-widget-image\" data-id=\"60da7d2\" data-element_type=\"widget\" data-e-type=\"widget\" data-widget_type=\"image.default\">\n\t\t\t\t\t\t\t\t\t\t\t\t\t\t\t<img decoding=\"async\" width=\"2560\" height=\"1920\" src=\"https:\/\/www.byenhof.nl\/wp-content\/uploads\/2026\/01\/image00015-scaled.jpeg\" class=\"attachment-large size-large wp-image-4023\" alt=\"\" srcset=\"https:\/\/www.byenhof.nl\/wp-content\/uploads\/2026\/01\/image00015-scaled.jpeg 2560w, https:\/\/www.byenhof.nl\/wp-content\/uploads\/2026\/01\/image00015-768x576.jpeg 768w, https:\/\/www.byenhof.nl\/wp-content\/uploads\/2026\/01\/image00015-1536x1152.jpeg 1536w, https:\/\/www.byenhof.nl\/wp-content\/uploads\/2026\/01\/image00015-2048x1536.jpeg 2048w\" sizes=\"(max-width: 2560px) 100vw, 2560px\" \/>\t\t\t\t\t\t\t\t\t\t\t\t\t\t\t<\/div>\n\t\t\t\t<\/div>\n\t\t\t\t\t<\/div>\n\t\t\t\t<\/div>\n\t\t\t\t<\/div>\n\t\t","protected":false},"excerpt":{"rendered":"<p>Konstruktionsarbeiten Dank eines modernen und umfangreichen Maschinenparks kann Byenhof Bedrijfsdeuren ma\u00dfgeschneiderte Konstruktionsarbeiten liefern, wie spezielle Antriebe und sichere Be- und Entladestellen. Mehr entdecken Dank eines modernen und umfangreichen Maschinenparks ist Byenhof Bedrijfsdeuren in der Lage, hochwertige ma\u00dfgeschneiderte Konstruktionsarbeiten umzusetzen. Wir fertigen unter anderem w\u00e4rmeabweisende Matrizenk\u00e4sten, spezielle Antriebe und sichere Be- und Entladestellen, vollst\u00e4ndig abgestimmt auf [&hellip;]<\/p>\n","protected":false},"author":1,"featured_media":0,"parent":3726,"menu_order":0,"comment_status":"closed","ping_status":"closed","template":"elementor_header_footer","meta":{"footnotes":""},"class_list":["post-3615","page","type-page","status-publish","hentry"],"yoast_head":"<!-- This site is optimized with the Yoast SEO plugin v27.1.1 - https:\/\/yoast.com\/product\/yoast-seo-wordpress\/ -->\n<title>Konstruktionsarbeiten - Byenhof Bedrijfsdeuren<\/title>\n<meta name=\"robots\" content=\"index, follow, max-snippet:-1, max-image-preview:large, max-video-preview:-1\" \/>\n<link rel=\"canonical\" href=\"https:\/\/www.byenhof.nl\/maatwerk\/constructiewerk\/\" \/>\n<meta property=\"og:locale\" content=\"de_DE\" \/>\n<meta property=\"og:type\" content=\"article\" \/>\n<meta property=\"og:title\" content=\"Konstruktionsarbeiten - Byenhof Bedrijfsdeuren\" \/>\n<meta property=\"og:description\" content=\"Konstruktionsarbeiten Dank eines modernen und umfangreichen Maschinenparks kann Byenhof Bedrijfsdeuren ma\u00dfgeschneiderte Konstruktionsarbeiten liefern, wie spezielle Antriebe und sichere Be- und Entladestellen. Mehr entdecken Dank eines modernen und umfangreichen Maschinenparks ist Byenhof Bedrijfsdeuren in der Lage, hochwertige ma\u00dfgeschneiderte Konstruktionsarbeiten umzusetzen. Wir fertigen unter anderem w\u00e4rmeabweisende Matrizenk\u00e4sten, spezielle Antriebe und sichere Be- und Entladestellen, vollst\u00e4ndig abgestimmt auf [&hellip;]\" \/>\n<meta property=\"og:url\" content=\"https:\/\/www.byenhof.nl\/maatwerk\/constructiewerk\/\" \/>\n<meta property=\"og:site_name\" content=\"Byenhof Bedrijfsdeuren\" \/>\n<meta property=\"article:publisher\" content=\"https:\/\/www.facebook.com\/Byenhof-AK-Techniek-BV-219453718085032\" \/>\n<meta property=\"article:modified_time\" content=\"2026-02-06T10:41:23+00:00\" \/>\n<meta property=\"og:image\" content=\"https:\/\/www.byenhof.nl\/wp-content\/uploads\/2026\/01\/Constructiewerk-990x545-1.jpg\" \/>\n\t<meta property=\"og:image:width\" content=\"990\" \/>\n\t<meta property=\"og:image:height\" content=\"545\" \/>\n\t<meta property=\"og:image:type\" content=\"image\/jpeg\" \/>\n<meta name=\"twitter:card\" content=\"summary_large_image\" \/>\n<meta name=\"twitter:site\" content=\"@byenhof\" \/>\n<meta name=\"twitter:label1\" content=\"Gesch\u00e4tzte Lesezeit\" \/>\n\t<meta name=\"twitter:data1\" content=\"1\u00a0Minute\" \/>\n<script type=\"application\/ld+json\" class=\"yoast-schema-graph\">{\"@context\":\"https:\/\/schema.org\",\"@graph\":[{\"@type\":\"WebPage\",\"@id\":\"https:\/\/www.byenhof.nl\/maatwerk\/constructiewerk\/\",\"url\":\"https:\/\/www.byenhof.nl\/maatwerk\/constructiewerk\/\",\"name\":\"Konstruktionsarbeiten - Byenhof Bedrijfsdeuren\",\"isPartOf\":{\"@id\":\"https:\/\/www.byenhof.nl\/#website\"},\"primaryImageOfPage\":{\"@id\":\"https:\/\/www.byenhof.nl\/maatwerk\/constructiewerk\/#primaryimage\"},\"image\":{\"@id\":\"https:\/\/www.byenhof.nl\/maatwerk\/constructiewerk\/#primaryimage\"},\"thumbnailUrl\":\"https:\/\/www.byenhof.nl\/wp-content\/uploads\/2026\/01\/Constructiewerk-990x545-1.jpg\",\"datePublished\":\"2026-01-27T15:21:58+00:00\",\"dateModified\":\"2026-02-06T10:41:23+00:00\",\"breadcrumb\":{\"@id\":\"https:\/\/www.byenhof.nl\/maatwerk\/constructiewerk\/#breadcrumb\"},\"inLanguage\":\"de\",\"potentialAction\":[{\"@type\":\"ReadAction\",\"target\":[\"https:\/\/www.byenhof.nl\/maatwerk\/constructiewerk\/\"]}]},{\"@type\":\"ImageObject\",\"inLanguage\":\"de\",\"@id\":\"https:\/\/www.byenhof.nl\/maatwerk\/constructiewerk\/#primaryimage\",\"url\":\"https:\/\/www.byenhof.nl\/wp-content\/uploads\/2026\/01\/Constructiewerk-990x545-1.jpg\",\"contentUrl\":\"https:\/\/www.byenhof.nl\/wp-content\/uploads\/2026\/01\/Constructiewerk-990x545-1.jpg\"},{\"@type\":\"BreadcrumbList\",\"@id\":\"https:\/\/www.byenhof.nl\/maatwerk\/constructiewerk\/#breadcrumb\",\"itemListElement\":[{\"@type\":\"ListItem\",\"position\":1,\"name\":\"Startseite\",\"item\":\"https:\/\/www.byenhof.nl\/de\/startseite\/\"},{\"@type\":\"ListItem\",\"position\":2,\"name\":\"Spezialangebote\",\"item\":\"https:\/\/www.byenhof.nl\/maatwerk\/\"},{\"@type\":\"ListItem\",\"position\":3,\"name\":\"Konstruktionsarbeiten\"}]},{\"@type\":\"WebSite\",\"@id\":\"https:\/\/www.byenhof.nl\/#website\",\"url\":\"https:\/\/www.byenhof.nl\/\",\"name\":\"Byenhof Bedrijfsdeuren\",\"description\":\"\",\"publisher\":{\"@id\":\"https:\/\/www.byenhof.nl\/#organization\"},\"potentialAction\":[{\"@type\":\"SearchAction\",\"target\":{\"@type\":\"EntryPoint\",\"urlTemplate\":\"https:\/\/www.byenhof.nl\/?s={search_term_string}\"},\"query-input\":{\"@type\":\"PropertyValueSpecification\",\"valueRequired\":true,\"valueName\":\"search_term_string\"}}],\"inLanguage\":\"de\"},{\"@type\":\"Organization\",\"@id\":\"https:\/\/www.byenhof.nl\/#organization\",\"name\":\"Byenhof Bedrijfsdeuren\",\"url\":\"https:\/\/www.byenhof.nl\/\",\"logo\":{\"@type\":\"ImageObject\",\"inLanguage\":\"de\",\"@id\":\"https:\/\/www.byenhof.nl\/#\/schema\/logo\/image\/\",\"url\":\"https:\/\/www.byenhof.nl\/wp-content\/uploads\/2026\/01\/Byenhof-Bedrijfsdeuren-zwart-wit-wit_25.jpg\",\"contentUrl\":\"https:\/\/www.byenhof.nl\/wp-content\/uploads\/2026\/01\/Byenhof-Bedrijfsdeuren-zwart-wit-wit_25.jpg\",\"caption\":\"Byenhof Bedrijfsdeuren\"},\"image\":{\"@id\":\"https:\/\/www.byenhof.nl\/#\/schema\/logo\/image\/\"},\"sameAs\":[\"https:\/\/www.facebook.com\/Byenhof-AK-Techniek-BV-219453718085032\",\"https:\/\/x.com\/byenhof\",\"https:\/\/www.youtube.com\/channel\/UCsru8FAZlgDK3Iy0zXfHwiA\"]}]}<\/script>\n<!-- \/ Yoast SEO plugin. -->","yoast_head_json":{"title":"Konstruktionsarbeiten - Byenhof Bedrijfsdeuren","robots":{"index":"index","follow":"follow","max-snippet":"max-snippet:-1","max-image-preview":"max-image-preview:large","max-video-preview":"max-video-preview:-1"},"canonical":"https:\/\/www.byenhof.nl\/maatwerk\/constructiewerk\/","og_locale":"de_DE","og_type":"article","og_title":"Konstruktionsarbeiten - Byenhof Bedrijfsdeuren","og_description":"Konstruktionsarbeiten Dank eines modernen und umfangreichen Maschinenparks kann Byenhof Bedrijfsdeuren ma\u00dfgeschneiderte Konstruktionsarbeiten liefern, wie spezielle Antriebe und sichere Be- und Entladestellen. Mehr entdecken Dank eines modernen und umfangreichen Maschinenparks ist Byenhof Bedrijfsdeuren in der Lage, hochwertige ma\u00dfgeschneiderte Konstruktionsarbeiten umzusetzen. Wir fertigen unter anderem w\u00e4rmeabweisende Matrizenk\u00e4sten, spezielle Antriebe und sichere Be- und Entladestellen, vollst\u00e4ndig abgestimmt auf [&hellip;]","og_url":"https:\/\/www.byenhof.nl\/maatwerk\/constructiewerk\/","og_site_name":"Byenhof Bedrijfsdeuren","article_publisher":"https:\/\/www.facebook.com\/Byenhof-AK-Techniek-BV-219453718085032","article_modified_time":"2026-02-06T10:41:23+00:00","og_image":[{"width":990,"height":545,"url":"https:\/\/www.byenhof.nl\/wp-content\/uploads\/2026\/01\/Constructiewerk-990x545-1.jpg","type":"image\/jpeg"}],"twitter_card":"summary_large_image","twitter_site":"@byenhof","twitter_misc":{"Gesch\u00e4tzte Lesezeit":"1\u00a0Minute"},"schema":{"@context":"https:\/\/schema.org","@graph":[{"@type":"WebPage","@id":"https:\/\/www.byenhof.nl\/maatwerk\/constructiewerk\/","url":"https:\/\/www.byenhof.nl\/maatwerk\/constructiewerk\/","name":"Konstruktionsarbeiten - Byenhof Bedrijfsdeuren","isPartOf":{"@id":"https:\/\/www.byenhof.nl\/#website"},"primaryImageOfPage":{"@id":"https:\/\/www.byenhof.nl\/maatwerk\/constructiewerk\/#primaryimage"},"image":{"@id":"https:\/\/www.byenhof.nl\/maatwerk\/constructiewerk\/#primaryimage"},"thumbnailUrl":"https:\/\/www.byenhof.nl\/wp-content\/uploads\/2026\/01\/Constructiewerk-990x545-1.jpg","datePublished":"2026-01-27T15:21:58+00:00","dateModified":"2026-02-06T10:41:23+00:00","breadcrumb":{"@id":"https:\/\/www.byenhof.nl\/maatwerk\/constructiewerk\/#breadcrumb"},"inLanguage":"de","potentialAction":[{"@type":"ReadAction","target":["https:\/\/www.byenhof.nl\/maatwerk\/constructiewerk\/"]}]},{"@type":"ImageObject","inLanguage":"de","@id":"https:\/\/www.byenhof.nl\/maatwerk\/constructiewerk\/#primaryimage","url":"https:\/\/www.byenhof.nl\/wp-content\/uploads\/2026\/01\/Constructiewerk-990x545-1.jpg","contentUrl":"https:\/\/www.byenhof.nl\/wp-content\/uploads\/2026\/01\/Constructiewerk-990x545-1.jpg"},{"@type":"BreadcrumbList","@id":"https:\/\/www.byenhof.nl\/maatwerk\/constructiewerk\/#breadcrumb","itemListElement":[{"@type":"ListItem","position":1,"name":"Startseite","item":"https:\/\/www.byenhof.nl\/de\/startseite\/"},{"@type":"ListItem","position":2,"name":"Spezialangebote","item":"https:\/\/www.byenhof.nl\/maatwerk\/"},{"@type":"ListItem","position":3,"name":"Konstruktionsarbeiten"}]},{"@type":"WebSite","@id":"https:\/\/www.byenhof.nl\/#website","url":"https:\/\/www.byenhof.nl\/","name":"Byenhof Bedrijfsdeuren","description":"","publisher":{"@id":"https:\/\/www.byenhof.nl\/#organization"},"potentialAction":[{"@type":"SearchAction","target":{"@type":"EntryPoint","urlTemplate":"https:\/\/www.byenhof.nl\/?s={search_term_string}"},"query-input":{"@type":"PropertyValueSpecification","valueRequired":true,"valueName":"search_term_string"}}],"inLanguage":"de"},{"@type":"Organization","@id":"https:\/\/www.byenhof.nl\/#organization","name":"Byenhof Bedrijfsdeuren","url":"https:\/\/www.byenhof.nl\/","logo":{"@type":"ImageObject","inLanguage":"de","@id":"https:\/\/www.byenhof.nl\/#\/schema\/logo\/image\/","url":"https:\/\/www.byenhof.nl\/wp-content\/uploads\/2026\/01\/Byenhof-Bedrijfsdeuren-zwart-wit-wit_25.jpg","contentUrl":"https:\/\/www.byenhof.nl\/wp-content\/uploads\/2026\/01\/Byenhof-Bedrijfsdeuren-zwart-wit-wit_25.jpg","caption":"Byenhof Bedrijfsdeuren"},"image":{"@id":"https:\/\/www.byenhof.nl\/#\/schema\/logo\/image\/"},"sameAs":["https:\/\/www.facebook.com\/Byenhof-AK-Techniek-BV-219453718085032","https:\/\/x.com\/byenhof","https:\/\/www.youtube.com\/channel\/UCsru8FAZlgDK3Iy0zXfHwiA"]}]}},"_links":{"self":[{"href":"https:\/\/www.byenhof.nl\/de\/wp-json\/wp\/v2\/pages\/3615","targetHints":{"allow":["GET"]}}],"collection":[{"href":"https:\/\/www.byenhof.nl\/de\/wp-json\/wp\/v2\/pages"}],"about":[{"href":"https:\/\/www.byenhof.nl\/de\/wp-json\/wp\/v2\/types\/page"}],"author":[{"embeddable":true,"href":"https:\/\/www.byenhof.nl\/de\/wp-json\/wp\/v2\/users\/1"}],"replies":[{"embeddable":true,"href":"https:\/\/www.byenhof.nl\/de\/wp-json\/wp\/v2\/comments?post=3615"}],"version-history":[{"count":4,"href":"https:\/\/www.byenhof.nl\/de\/wp-json\/wp\/v2\/pages\/3615\/revisions"}],"predecessor-version":[{"id":5399,"href":"https:\/\/www.byenhof.nl\/de\/wp-json\/wp\/v2\/pages\/3615\/revisions\/5399"}],"up":[{"embeddable":true,"href":"https:\/\/www.byenhof.nl\/de\/wp-json\/wp\/v2\/pages\/3726"}],"wp:attachment":[{"href":"https:\/\/www.byenhof.nl\/de\/wp-json\/wp\/v2\/media?parent=3615"}],"curies":[{"name":"wp","href":"https:\/\/api.w.org\/{rel}","templated":true}]}}