{"id":3638,"date":"2026-01-27T16:22:07","date_gmt":"2026-01-27T15:22:07","guid":{"rendered":"https:\/\/www.byenhof.nl\/arbeitsweise\/"},"modified":"2026-02-09T12:55:17","modified_gmt":"2026-02-09T11:55:17","slug":"arbeitsweise","status":"publish","type":"page","link":"https:\/\/www.byenhof.nl\/de\/massanfertigung\/arbeitsweise\/","title":{"rendered":"Arbeitsweise"},"content":{"rendered":"\t\t<div data-elementor-type=\"wp-page\" data-elementor-id=\"3638\" class=\"elementor elementor-3638 elementor-2216\" data-elementor-post-type=\"page\">\n\t\t\t\t<div class=\"elementor-element elementor-element-517e4f45 e-flex e-con-boxed e-con e-parent\" data-id=\"517e4f45\" data-element_type=\"container\" data-e-type=\"container\" data-settings=\"{&quot;background_background&quot;:&quot;classic&quot;}\">\n\t\t\t\t\t<div class=\"e-con-inner\">\n\t\t\t\t<div class=\"elementor-element elementor-element-61064557 elementor-widget elementor-widget-breadcrumbs\" data-id=\"61064557\" data-element_type=\"widget\" data-e-type=\"widget\" data-widget_type=\"breadcrumbs.default\">\n\t\t\t\t\t<p id=\"breadcrumbs\"><span><span><a href=\"https:\/\/www.byenhof.nl\/de\/startseite\/\">Startseite<\/a><\/span><\/span><\/p>\t\t\t\t<\/div>\n\t\t\t\t\t<\/div>\n\t\t\t\t<\/div>\n\t\t<div class=\"elementor-element elementor-element-45c64e0d   e-flex e-con-boxed e-con e-parent\" data-id=\"45c64e0d\" data-element_type=\"container\" data-e-type=\"container\" data-settings=\"{&quot;background_background&quot;:&quot;classic&quot;}\">\n\t\t\t\t\t<div class=\"e-con-inner\">\n\t\t<div class=\"elementor-element elementor-element-478558c1 e-con-full e-flex e-con e-child\" data-id=\"478558c1\" data-element_type=\"container\" data-e-type=\"container\">\n\t\t\t\t<div class=\"elementor-element elementor-element-3bba7f8b elementor-widget elementor-widget-heading\" data-id=\"3bba7f8b\" data-element_type=\"widget\" data-e-type=\"widget\" data-widget_type=\"heading.default\">\n\t\t\t\t\t<h1 class=\"elementor-heading-title elementor-size-default\">Arbeitsweise<\/h1>\t\t\t\t<\/div>\n\t\t\t\t<div class=\"elementor-element elementor-element-191dd414 elementor-widget elementor-widget-text-editor\" data-id=\"191dd414\" data-element_type=\"widget\" data-e-type=\"widget\" data-widget_type=\"text-editor.default\">\n\t\t\t\t\t\t\t\t\t<p>Von der pers\u00f6nlichen Beratung nach Ma\u00df bis zum hochwertigen Endprodukt. Wir begleiten den gesamten Prozess von A bis Z und bieten Ihnen auf Wunsch auch eine sorgenfreie j\u00e4hrliche Wartung. <\/p>\t\t\t\t\t\t\t\t<\/div>\n\t\t\t\t<\/div>\n\t\t<div class=\"elementor-element elementor-element-31c87f2f e-con-full e-flex e-con e-child\" data-id=\"31c87f2f\" data-element_type=\"container\" data-e-type=\"container\">\n\t\t\t\t<div class=\"elementor-element elementor-element-1b8b5e4c elementor-absolute teaser__image elementor-widget elementor-widget-image\" data-id=\"1b8b5e4c\" data-element_type=\"widget\" data-e-type=\"widget\" data-settings=\"{&quot;_position&quot;:&quot;absolute&quot;}\" data-widget_type=\"image.default\">\n\t\t\t\t\t\t\t\t\t\t\t\t\t\t\t<img fetchpriority=\"high\" decoding=\"async\" width=\"1600\" height=\"1200\" src=\"https:\/\/www.byenhof.nl\/wp-content\/uploads\/2026\/02\/IMG_0416.jpg\" class=\"attachment-large size-large wp-image-4871\" alt=\"\" srcset=\"https:\/\/www.byenhof.nl\/wp-content\/uploads\/2026\/02\/IMG_0416.jpg 1600w, https:\/\/www.byenhof.nl\/wp-content\/uploads\/2026\/02\/IMG_0416-768x576.jpg 768w, https:\/\/www.byenhof.nl\/wp-content\/uploads\/2026\/02\/IMG_0416-1536x1152.jpg 1536w\" sizes=\"(max-width: 1600px) 100vw, 1600px\" \/>\t\t\t\t\t\t\t\t\t\t\t\t\t\t\t<\/div>\n\t\t\t\t<\/div>\n\t\t\t\t\t<\/div>\n\t\t\t\t<\/div>\n\t\t<div class=\"elementor-element elementor-element-1a375f5c e-flex e-con-boxed e-con e-parent\" data-id=\"1a375f5c\" data-element_type=\"container\" data-e-type=\"container\">\n\t\t\t\t\t<div class=\"e-con-inner\">\n\t\t\t\t<div class=\"elementor-element elementor-element-795ca044 elementor-align-center elementor-icon-list--layout-traditional elementor-list-item-link-full_width elementor-widget elementor-widget-icon-list\" data-id=\"795ca044\" data-element_type=\"widget\" data-e-type=\"widget\" data-widget_type=\"icon-list.default\">\n\t\t\t\t\t\t\t<ul class=\"elementor-icon-list-items\">\n\t\t\t\t\t\t\t<li class=\"elementor-icon-list-item\">\n\t\t\t\t\t\t\t\t\t\t\t<a href=\"#ontdek\">\n\n\t\t\t\t\t\t\t\t\t\t\t\t<span class=\"elementor-icon-list-icon\">\n\t\t\t\t\t\t\t<svg aria-hidden=\"true\" class=\"e-font-icon-svg e-fas-chevron-circle-down\" viewBox=\"0 0 512 512\" xmlns=\"http:\/\/www.w3.org\/2000\/svg\"><path d=\"M504 256c0 137-111 248-248 248S8 393 8 256 119 8 256 8s248 111 248 248zM273 369.9l135.5-135.5c9.4-9.4 9.4-24.6 0-33.9l-17-17c-9.4-9.4-24.6-9.4-33.9 0L256 285.1 154.4 183.5c-9.4-9.4-24.6-9.4-33.9 0l-17 17c-9.4 9.4-9.4 24.6 0 33.9L239 369.9c9.4 9.4 24.6 9.4 34 0z\"><\/path><\/svg>\t\t\t\t\t\t<\/span>\n\t\t\t\t\t\t\t\t\t\t<span class=\"elementor-icon-list-text\">Mehr entdecken<\/span>\n\t\t\t\t\t\t\t\t\t\t\t<\/a>\n\t\t\t\t\t\t\t\t\t<\/li>\n\t\t\t\t\t\t<\/ul>\n\t\t\t\t\t\t<\/div>\n\t\t\t\t\t<\/div>\n\t\t\t\t<\/div>\n\t\t<div class=\"elementor-element elementor-element-514a5044 e-flex e-con-boxed e-con e-parent\" data-id=\"514a5044\" data-element_type=\"container\" data-e-type=\"container\">\n\t\t\t\t\t<div class=\"e-con-inner\">\n\t\t<div class=\"elementor-element elementor-element-1975c8f5 e-con-full detail e-flex e-con e-child\" data-id=\"1975c8f5\" data-element_type=\"container\" data-e-type=\"container\" id=\"ontdek\">\n\t\t\t\t<div class=\"elementor-element elementor-element-129a9e87 elementor-widget__width-initial elementor-widget elementor-widget-text-editor\" data-id=\"129a9e87\" data-element_type=\"widget\" data-e-type=\"widget\" data-widget_type=\"text-editor.default\">\n\t\t\t\t\t\t\t\t\t<p data-start=\"329\" data-end=\"744\">Jede Situation erfordert eine eigene Herangehensweise. Ob es sich um eine Standardanwendung oder eine komplexe technische Fragestellung handelt: Wir schauen immer, was m\u00f6glich ist. Als Produzent und Lieferant von T\u00fcrtechnik kombinieren wir praktische Erfahrung mit Spezialwissen. Unser Ausgangspunkt ist klar \u2013 gemeinsam finden wir eine L\u00f6sung, die den W\u00fcnschen, Anforderungen und praktischen Umst\u00e4nden des Kunden entspricht.   <\/p><h4>Mitdenken, Ma\u00dfarbeit und Qualit\u00e4t<\/h4><p data-start=\"786\" data-end=\"1306\">Wir glauben, dass ein gutes Ergebnis mit gutem Zuh\u00f6ren beginnt. Deshalb schauen wir weiter als nur auf das Produkt. Wir ber\u00fccksichtigen die Anwendung, die Umgebung, die Sicherheitsanforderungen und den gew\u00fcnschten Bedienkomfort in unseren \u00dcberlegungen. Dank unserer eigenen Produktionsabteilung und erfahrenen Fachleuten k\u00f6nnen wir eine breite Palette an L\u00f6sungen anbieten, wobei Ma\u00dfarbeit, Qualit\u00e4t und ein gutes Preis-Leistungs-Verh\u00e4ltnis im Mittelpunkt stehen. Durch hohe Anforderungen an Materialien und Verarbeitung sind Sie von langlebigen und zuverl\u00e4ssigen Produkten \u00fcberzeugt.    <\/p><h4 data-start=\"1308\" data-end=\"1340\">Von der Beratung bis zur Realisierung<\/h4><p data-start=\"1341\" data-end=\"1727\">Wir betreuen das gesamte Projekt: von der ma\u00dfgeschneiderten Beratung und der technischen Ausarbeitung bis hin zur Produktion, Montage und \u00dcbergabe. Viele L\u00f6sungen entstehen aus einem spezifischen Wunsch oder einer bestimmten Situation heraus und werden von uns in ein praktisches und technisch durchdachtes Endprodukt umgesetzt. Dabei haben wir immer das Endziel vor Augen: eine funktionelle und sichere T\u00fcr oder ein Durchgang, auf den Sie sich verlassen k\u00f6nnen.  <\/p><h4 data-start=\"1729\" data-end=\"1771\">Service, Wartung und Flexibilit\u00e4t<\/h4><p data-start=\"1772\" data-end=\"2141\">Auch nach der \u00dcbergabe bleiben wir involviert. Unser Servicedienst steht f\u00fcr Wartung und eventuelle Reparaturen bereit, damit Ihre Anlage in optimalem Zustand bleibt. Kurze Wege, klare Kommunikation und Flexibilit\u00e4t kennzeichnen unsere Arbeitsweise. Wir schalten schnell, denken voraus und passen uns an, wo n\u00f6tig \u2013 bei sowohl einfachen als auch komplexen Projekten innerhalb der Industrie.   <\/p><p data-start=\"2143\" data-end=\"2319\">Haben Sie eine Frage oder sehen Sie <a href=\"https:\/\/www.byenhof.nl\/de\/massanfertigung\/\"><strong><span style=\"color: #993300;\">keine Standardl\u00f6sung<\/span><\/strong><\/a> f\u00fcr Ihre Situation?<br data-start=\"2212\" data-end=\"2215\">Nehmen Sie gerne <a href=\"https:\/\/www.byenhof.nl\/de\/kontakt\/\"><span style=\"color: #993300;\"><strong>Kontakt<\/strong><\/span><\/a> mit uns auf. Wir denken gerne mit Ihnen mit und suchen immer nach einer passenden L\u00f6sung. <\/p>\t\t\t\t\t\t\t\t<\/div>\n\t\t\t\t<\/div>\n\t\t\t\t\t<\/div>\n\t\t\t\t<\/div>\n\t\t<div class=\"elementor-element elementor-element-25b40fb2 e-flex e-con-boxed e-con e-parent\" data-id=\"25b40fb2\" data-element_type=\"container\" data-e-type=\"container\">\n\t\t\t\t\t<div class=\"e-con-inner\">\n\t\t\t\t<div class=\"elementor-element elementor-element-19efc650 elementor-widget elementor-widget-heading\" data-id=\"19efc650\" data-element_type=\"widget\" data-e-type=\"widget\" data-widget_type=\"heading.default\">\n\t\t\t\t\t<h3 class=\"elementor-heading-title elementor-size-default\">Inspiration<\/h3>\t\t\t\t<\/div>\n\t\t\t\t\t<\/div>\n\t\t\t\t<\/div>\n\t\t<div class=\"elementor-element elementor-element-43e09f97 e-flex e-con-boxed e-con e-parent\" data-id=\"43e09f97\" data-element_type=\"container\" data-e-type=\"container\">\n\t\t\t\t\t<div class=\"e-con-inner\">\n\t\t\t\t<div class=\"elementor-element elementor-element-587370f1 elementor-skin-carousel elementor-arrows-yes elementor-widget elementor-widget-media-carousel\" data-id=\"587370f1\" data-element_type=\"widget\" data-e-type=\"widget\" data-settings=\"{&quot;slides_per_view&quot;:&quot;4&quot;,&quot;space_between&quot;:{&quot;unit&quot;:&quot;px&quot;,&quot;size&quot;:20,&quot;sizes&quot;:[]},&quot;skin&quot;:&quot;carousel&quot;,&quot;effect&quot;:&quot;slide&quot;,&quot;show_arrows&quot;:&quot;yes&quot;,&quot;speed&quot;:500,&quot;autoplay&quot;:&quot;yes&quot;,&quot;autoplay_speed&quot;:5000,&quot;loop&quot;:&quot;yes&quot;,&quot;pause_on_hover&quot;:&quot;yes&quot;,&quot;pause_on_interaction&quot;:&quot;yes&quot;,&quot;space_between_tablet&quot;:{&quot;unit&quot;:&quot;px&quot;,&quot;size&quot;:10,&quot;sizes&quot;:[]},&quot;space_between_mobile&quot;:{&quot;unit&quot;:&quot;px&quot;,&quot;size&quot;:10,&quot;sizes&quot;:[]}}\" data-widget_type=\"media-carousel.default\">\n\t\t\t\t\t\t\t\t\t\t<div class=\"elementor-main-swiper swiper\" role=\"region\" aria-roledescription=\"carousel\" aria-label=\"Slides\">\n\t\t\t\t<div class=\"swiper-wrapper\">\n\t\t\t\t\t\t\t\t\t\t\t<div class=\"swiper-slide\" role=\"group\" aria-roledescription=\"slide\">\n\t\t\t\t\t\t\t\t\t<div class=\"elementor-carousel-image\" role=\"img\" aria-label=\"IMG_0416\" style=\"background-image: url(&#039;https:\/\/www.byenhof.nl\/wp-content\/uploads\/2026\/02\/IMG_0416.jpg&#039;)\">\n\n\t\t\t\n\t\t\t\t\t<\/div>\n\t\t\t\t\t\t\t\t<\/div>\n\t\t\t\t\t\t\t\t\t\t\t<div class=\"swiper-slide\" role=\"group\" aria-roledescription=\"slide\">\n\t\t\t\t\t\t\t\t\t<div class=\"elementor-carousel-image\" role=\"img\" aria-label=\"IMG_0417\" style=\"background-image: url(&#039;https:\/\/www.byenhof.nl\/wp-content\/uploads\/2026\/02\/IMG_0417.jpg&#039;)\">\n\n\t\t\t\n\t\t\t\t\t<\/div>\n\t\t\t\t\t\t\t\t<\/div>\n\t\t\t\t\t\t\t\t\t\t\t<div class=\"swiper-slide\" role=\"group\" aria-roledescription=\"slide\">\n\t\t\t\t\t\t\t\t\t<div class=\"elementor-carousel-image\" role=\"img\" aria-label=\"IMG_0803\" style=\"background-image: url(&#039;https:\/\/www.byenhof.nl\/wp-content\/uploads\/2026\/02\/IMG_0803-rotated.jpg&#039;)\">\n\n\t\t\t\n\t\t\t\t\t<\/div>\n\t\t\t\t\t\t\t\t<\/div>\n\t\t\t\t\t\t\t\t\t\t\t<div class=\"swiper-slide\" role=\"group\" aria-roledescription=\"slide\">\n\t\t\t\t\t\t\t\t\t<div class=\"elementor-carousel-image\" role=\"img\" aria-label=\"IMG_1478\" style=\"background-image: url(&#039;https:\/\/www.byenhof.nl\/wp-content\/uploads\/2026\/02\/IMG_1478-scaled.jpg&#039;)\">\n\n\t\t\t\n\t\t\t\t\t<\/div>\n\t\t\t\t\t\t\t\t<\/div>\n\t\t\t\t\t\t\t\t\t\t\t<div class=\"swiper-slide\" role=\"group\" aria-roledescription=\"slide\">\n\t\t\t\t\t\t\t\t\t<div class=\"elementor-carousel-image\" role=\"img\" aria-label=\"IMG_1499\" style=\"background-image: url(&#039;https:\/\/www.byenhof.nl\/wp-content\/uploads\/2026\/02\/IMG_1499-scaled.jpg&#039;)\">\n\n\t\t\t\n\t\t\t\t\t<\/div>\n\t\t\t\t\t\t\t\t<\/div>\n\t\t\t\t\t\t\t\t\t\t\t<div class=\"swiper-slide\" role=\"group\" aria-roledescription=\"slide\">\n\t\t\t\t\t\t\t\t\t<div class=\"elementor-carousel-image\" role=\"img\" aria-label=\"IMG_1503\" style=\"background-image: url(&#039;https:\/\/www.byenhof.nl\/wp-content\/uploads\/2026\/02\/IMG_1503-scaled.jpg&#039;)\">\n\n\t\t\t\n\t\t\t\t\t<\/div>\n\t\t\t\t\t\t\t\t<\/div>\n\t\t\t\t\t\t\t\t\t\t\t<div class=\"swiper-slide\" role=\"group\" aria-roledescription=\"slide\">\n\t\t\t\t\t\t\t\t\t<div class=\"elementor-carousel-image\" role=\"img\" aria-label=\"IMG_1922\" style=\"background-image: url(&#039;https:\/\/www.byenhof.nl\/wp-content\/uploads\/2026\/02\/IMG_1922.jpg&#039;)\">\n\n\t\t\t\n\t\t\t\t\t<\/div>\n\t\t\t\t\t\t\t\t<\/div>\n\t\t\t\t\t\t\t\t\t\t\t<div class=\"swiper-slide\" role=\"group\" aria-roledescription=\"slide\">\n\t\t\t\t\t\t\t\t\t<div class=\"elementor-carousel-image\" role=\"img\" aria-label=\"MVC-009F\" style=\"background-image: url(&#039;https:\/\/www.byenhof.nl\/wp-content\/uploads\/2026\/02\/MVC-009F.jpg&#039;)\">\n\n\t\t\t\n\t\t\t\t\t<\/div>\n\t\t\t\t\t\t\t\t<\/div>\n\t\t\t\t\t\t\t\t\t<\/div>\n\t\t\t\t\t\t\t\t\t\t\t\t\t\t\t<div class=\"elementor-swiper-button elementor-swiper-button-prev\" role=\"button\" tabindex=\"0\" aria-label=\"Voriger\">\n\t\t\t\t\t\t\t<svg aria-hidden=\"true\" class=\"e-font-icon-svg e-eicon-chevron-left\" viewBox=\"0 0 1000 1000\" xmlns=\"http:\/\/www.w3.org\/2000\/svg\"><path d=\"M646 125C629 125 613 133 604 142L308 442C296 454 292 471 292 487 292 504 296 521 308 533L604 854C617 867 629 875 646 875 663 875 679 871 692 858 704 846 713 829 713 812 713 796 708 779 692 767L438 487 692 225C700 217 708 204 708 187 708 171 704 154 692 142 675 129 663 125 646 125Z\"><\/path><\/svg>\t\t\t\t\t\t<\/div>\n\t\t\t\t\t\t<div class=\"elementor-swiper-button elementor-swiper-button-next\" role=\"button\" tabindex=\"0\" aria-label=\"N\u00e4chster\">\n\t\t\t\t\t\t\t<svg aria-hidden=\"true\" class=\"e-font-icon-svg e-eicon-chevron-right\" viewBox=\"0 0 1000 1000\" xmlns=\"http:\/\/www.w3.org\/2000\/svg\"><path d=\"M696 533C708 521 713 504 713 487 713 471 708 454 696 446L400 146C388 133 375 125 354 125 338 125 325 129 313 142 300 154 292 171 292 187 292 204 296 221 308 233L563 492 304 771C292 783 288 800 288 817 288 833 296 850 308 863 321 871 338 875 354 875 371 875 388 867 400 854L696 533Z\"><\/path><\/svg>\t\t\t\t\t\t<\/div>\n\t\t\t\t\t\t\t\t\t\t\t\t\t\t\t\t\t<\/div>\n\t\t\t\t\t\t\t\t<\/div>\n\t\t\t\t\t<\/div>\n\t\t\t\t<\/div>\n\t\t\t\t<\/div>\n\t\t","protected":false},"excerpt":{"rendered":"<p>Arbeitsweise Von der pers\u00f6nlichen Beratung nach Ma\u00df bis zum hochwertigen Endprodukt. Wir begleiten den gesamten Prozess von A bis Z und bieten Ihnen auf Wunsch auch eine sorgenfreie j\u00e4hrliche Wartung. Mehr entdecken Jede Situation erfordert eine eigene Herangehensweise. Ob es sich um eine Standardanwendung oder eine komplexe technische Fragestellung handelt: Wir schauen immer, was m\u00f6glich [&hellip;]<\/p>\n","protected":false},"author":1,"featured_media":0,"parent":3726,"menu_order":0,"comment_status":"closed","ping_status":"closed","template":"elementor_header_footer","meta":{"footnotes":""},"class_list":["post-3638","page","type-page","status-publish","hentry"],"yoast_head":"<!-- This site is optimized with the Yoast SEO plugin v27.1.1 - https:\/\/yoast.com\/product\/yoast-seo-wordpress\/ -->\n<title>Arbeitsweise - Byenhof Bedrijfsdeuren<\/title>\n<meta name=\"robots\" content=\"index, follow, max-snippet:-1, max-image-preview:large, max-video-preview:-1\" \/>\n<link rel=\"canonical\" href=\"https:\/\/www.byenhof.nl\/de\/massanfertigung\/arbeitsweise\/\" \/>\n<meta property=\"og:locale\" content=\"de_DE\" \/>\n<meta property=\"og:type\" content=\"article\" \/>\n<meta property=\"og:title\" content=\"Arbeitsweise - Byenhof Bedrijfsdeuren\" \/>\n<meta property=\"og:description\" content=\"Arbeitsweise Von der pers\u00f6nlichen Beratung nach Ma\u00df bis zum hochwertigen Endprodukt. Wir begleiten den gesamten Prozess von A bis Z und bieten Ihnen auf Wunsch auch eine sorgenfreie j\u00e4hrliche Wartung. Mehr entdecken Jede Situation erfordert eine eigene Herangehensweise. Ob es sich um eine Standardanwendung oder eine komplexe technische Fragestellung handelt: Wir schauen immer, was m\u00f6glich [&hellip;]\" \/>\n<meta property=\"og:url\" content=\"https:\/\/www.byenhof.nl\/de\/massanfertigung\/arbeitsweise\/\" \/>\n<meta property=\"og:site_name\" content=\"Byenhof Bedrijfsdeuren\" \/>\n<meta property=\"article:publisher\" content=\"https:\/\/www.facebook.com\/Byenhof-AK-Techniek-BV-219453718085032\" \/>\n<meta property=\"article:modified_time\" content=\"2026-02-09T11:55:17+00:00\" \/>\n<meta property=\"og:image\" content=\"https:\/\/www.byenhof.nl\/wp-content\/uploads\/2026\/02\/IMG_0416.jpg\" \/>\n\t<meta property=\"og:image:width\" content=\"1600\" \/>\n\t<meta property=\"og:image:height\" content=\"1200\" \/>\n\t<meta property=\"og:image:type\" content=\"image\/jpeg\" \/>\n<meta name=\"twitter:card\" content=\"summary_large_image\" \/>\n<meta name=\"twitter:site\" content=\"@byenhof\" \/>\n<meta name=\"twitter:label1\" content=\"Gesch\u00e4tzte Lesezeit\" \/>\n\t<meta name=\"twitter:data1\" content=\"2\u00a0Minuten\" \/>\n<script type=\"application\/ld+json\" class=\"yoast-schema-graph\">{\"@context\":\"https:\/\/schema.org\",\"@graph\":[{\"@type\":\"WebPage\",\"@id\":\"https:\/\/www.byenhof.nl\/de\/massanfertigung\/arbeitsweise\/\",\"url\":\"https:\/\/www.byenhof.nl\/de\/massanfertigung\/arbeitsweise\/\",\"name\":\"Arbeitsweise - Byenhof Bedrijfsdeuren\",\"isPartOf\":{\"@id\":\"https:\/\/www.byenhof.nl\/#website\"},\"primaryImageOfPage\":{\"@id\":\"https:\/\/www.byenhof.nl\/de\/massanfertigung\/arbeitsweise\/#primaryimage\"},\"image\":{\"@id\":\"https:\/\/www.byenhof.nl\/de\/massanfertigung\/arbeitsweise\/#primaryimage\"},\"thumbnailUrl\":\"https:\/\/www.byenhof.nl\/wp-content\/uploads\/2026\/02\/IMG_0416.jpg\",\"datePublished\":\"2026-01-27T15:22:07+00:00\",\"dateModified\":\"2026-02-09T11:55:17+00:00\",\"breadcrumb\":{\"@id\":\"https:\/\/www.byenhof.nl\/de\/massanfertigung\/arbeitsweise\/#breadcrumb\"},\"inLanguage\":\"de\",\"potentialAction\":[{\"@type\":\"ReadAction\",\"target\":[\"https:\/\/www.byenhof.nl\/de\/massanfertigung\/arbeitsweise\/\"]}]},{\"@type\":\"ImageObject\",\"inLanguage\":\"de\",\"@id\":\"https:\/\/www.byenhof.nl\/de\/massanfertigung\/arbeitsweise\/#primaryimage\",\"url\":\"https:\/\/www.byenhof.nl\/wp-content\/uploads\/2026\/02\/IMG_0416.jpg\",\"contentUrl\":\"https:\/\/www.byenhof.nl\/wp-content\/uploads\/2026\/02\/IMG_0416.jpg\"},{\"@type\":\"BreadcrumbList\",\"@id\":\"https:\/\/www.byenhof.nl\/de\/massanfertigung\/arbeitsweise\/#breadcrumb\",\"itemListElement\":[{\"@type\":\"ListItem\",\"position\":1,\"name\":\"Startseite\",\"item\":\"https:\/\/www.byenhof.nl\/de\/startseite\/\"},{\"@type\":\"ListItem\",\"position\":2,\"name\":\"Spezialangebote\",\"item\":\"https:\/\/www.byenhof.nl\/maatwerk\/\"},{\"@type\":\"ListItem\",\"position\":3,\"name\":\"Arbeitsweise\"}]},{\"@type\":\"WebSite\",\"@id\":\"https:\/\/www.byenhof.nl\/#website\",\"url\":\"https:\/\/www.byenhof.nl\/\",\"name\":\"Byenhof Bedrijfsdeuren\",\"description\":\"\",\"publisher\":{\"@id\":\"https:\/\/www.byenhof.nl\/#organization\"},\"potentialAction\":[{\"@type\":\"SearchAction\",\"target\":{\"@type\":\"EntryPoint\",\"urlTemplate\":\"https:\/\/www.byenhof.nl\/?s={search_term_string}\"},\"query-input\":{\"@type\":\"PropertyValueSpecification\",\"valueRequired\":true,\"valueName\":\"search_term_string\"}}],\"inLanguage\":\"de\"},{\"@type\":\"Organization\",\"@id\":\"https:\/\/www.byenhof.nl\/#organization\",\"name\":\"Byenhof Bedrijfsdeuren\",\"url\":\"https:\/\/www.byenhof.nl\/\",\"logo\":{\"@type\":\"ImageObject\",\"inLanguage\":\"de\",\"@id\":\"https:\/\/www.byenhof.nl\/#\/schema\/logo\/image\/\",\"url\":\"https:\/\/www.byenhof.nl\/wp-content\/uploads\/2026\/01\/Byenhof-Bedrijfsdeuren-zwart-wit-wit_25.jpg\",\"contentUrl\":\"https:\/\/www.byenhof.nl\/wp-content\/uploads\/2026\/01\/Byenhof-Bedrijfsdeuren-zwart-wit-wit_25.jpg\",\"caption\":\"Byenhof Bedrijfsdeuren\"},\"image\":{\"@id\":\"https:\/\/www.byenhof.nl\/#\/schema\/logo\/image\/\"},\"sameAs\":[\"https:\/\/www.facebook.com\/Byenhof-AK-Techniek-BV-219453718085032\",\"https:\/\/x.com\/byenhof\",\"https:\/\/www.youtube.com\/channel\/UCsru8FAZlgDK3Iy0zXfHwiA\"]}]}<\/script>\n<!-- \/ Yoast SEO plugin. -->","yoast_head_json":{"title":"Arbeitsweise - Byenhof Bedrijfsdeuren","robots":{"index":"index","follow":"follow","max-snippet":"max-snippet:-1","max-image-preview":"max-image-preview:large","max-video-preview":"max-video-preview:-1"},"canonical":"https:\/\/www.byenhof.nl\/de\/massanfertigung\/arbeitsweise\/","og_locale":"de_DE","og_type":"article","og_title":"Arbeitsweise - Byenhof Bedrijfsdeuren","og_description":"Arbeitsweise Von der pers\u00f6nlichen Beratung nach Ma\u00df bis zum hochwertigen Endprodukt. Wir begleiten den gesamten Prozess von A bis Z und bieten Ihnen auf Wunsch auch eine sorgenfreie j\u00e4hrliche Wartung. Mehr entdecken Jede Situation erfordert eine eigene Herangehensweise. Ob es sich um eine Standardanwendung oder eine komplexe technische Fragestellung handelt: Wir schauen immer, was m\u00f6glich [&hellip;]","og_url":"https:\/\/www.byenhof.nl\/de\/massanfertigung\/arbeitsweise\/","og_site_name":"Byenhof Bedrijfsdeuren","article_publisher":"https:\/\/www.facebook.com\/Byenhof-AK-Techniek-BV-219453718085032","article_modified_time":"2026-02-09T11:55:17+00:00","og_image":[{"width":1600,"height":1200,"url":"https:\/\/www.byenhof.nl\/wp-content\/uploads\/2026\/02\/IMG_0416.jpg","type":"image\/jpeg"}],"twitter_card":"summary_large_image","twitter_site":"@byenhof","twitter_misc":{"Gesch\u00e4tzte Lesezeit":"2\u00a0Minuten"},"schema":{"@context":"https:\/\/schema.org","@graph":[{"@type":"WebPage","@id":"https:\/\/www.byenhof.nl\/de\/massanfertigung\/arbeitsweise\/","url":"https:\/\/www.byenhof.nl\/de\/massanfertigung\/arbeitsweise\/","name":"Arbeitsweise - Byenhof Bedrijfsdeuren","isPartOf":{"@id":"https:\/\/www.byenhof.nl\/#website"},"primaryImageOfPage":{"@id":"https:\/\/www.byenhof.nl\/de\/massanfertigung\/arbeitsweise\/#primaryimage"},"image":{"@id":"https:\/\/www.byenhof.nl\/de\/massanfertigung\/arbeitsweise\/#primaryimage"},"thumbnailUrl":"https:\/\/www.byenhof.nl\/wp-content\/uploads\/2026\/02\/IMG_0416.jpg","datePublished":"2026-01-27T15:22:07+00:00","dateModified":"2026-02-09T11:55:17+00:00","breadcrumb":{"@id":"https:\/\/www.byenhof.nl\/de\/massanfertigung\/arbeitsweise\/#breadcrumb"},"inLanguage":"de","potentialAction":[{"@type":"ReadAction","target":["https:\/\/www.byenhof.nl\/de\/massanfertigung\/arbeitsweise\/"]}]},{"@type":"ImageObject","inLanguage":"de","@id":"https:\/\/www.byenhof.nl\/de\/massanfertigung\/arbeitsweise\/#primaryimage","url":"https:\/\/www.byenhof.nl\/wp-content\/uploads\/2026\/02\/IMG_0416.jpg","contentUrl":"https:\/\/www.byenhof.nl\/wp-content\/uploads\/2026\/02\/IMG_0416.jpg"},{"@type":"BreadcrumbList","@id":"https:\/\/www.byenhof.nl\/de\/massanfertigung\/arbeitsweise\/#breadcrumb","itemListElement":[{"@type":"ListItem","position":1,"name":"Startseite","item":"https:\/\/www.byenhof.nl\/de\/startseite\/"},{"@type":"ListItem","position":2,"name":"Spezialangebote","item":"https:\/\/www.byenhof.nl\/maatwerk\/"},{"@type":"ListItem","position":3,"name":"Arbeitsweise"}]},{"@type":"WebSite","@id":"https:\/\/www.byenhof.nl\/#website","url":"https:\/\/www.byenhof.nl\/","name":"Byenhof Bedrijfsdeuren","description":"","publisher":{"@id":"https:\/\/www.byenhof.nl\/#organization"},"potentialAction":[{"@type":"SearchAction","target":{"@type":"EntryPoint","urlTemplate":"https:\/\/www.byenhof.nl\/?s={search_term_string}"},"query-input":{"@type":"PropertyValueSpecification","valueRequired":true,"valueName":"search_term_string"}}],"inLanguage":"de"},{"@type":"Organization","@id":"https:\/\/www.byenhof.nl\/#organization","name":"Byenhof Bedrijfsdeuren","url":"https:\/\/www.byenhof.nl\/","logo":{"@type":"ImageObject","inLanguage":"de","@id":"https:\/\/www.byenhof.nl\/#\/schema\/logo\/image\/","url":"https:\/\/www.byenhof.nl\/wp-content\/uploads\/2026\/01\/Byenhof-Bedrijfsdeuren-zwart-wit-wit_25.jpg","contentUrl":"https:\/\/www.byenhof.nl\/wp-content\/uploads\/2026\/01\/Byenhof-Bedrijfsdeuren-zwart-wit-wit_25.jpg","caption":"Byenhof Bedrijfsdeuren"},"image":{"@id":"https:\/\/www.byenhof.nl\/#\/schema\/logo\/image\/"},"sameAs":["https:\/\/www.facebook.com\/Byenhof-AK-Techniek-BV-219453718085032","https:\/\/x.com\/byenhof","https:\/\/www.youtube.com\/channel\/UCsru8FAZlgDK3Iy0zXfHwiA"]}]}},"_links":{"self":[{"href":"https:\/\/www.byenhof.nl\/de\/wp-json\/wp\/v2\/pages\/3638","targetHints":{"allow":["GET"]}}],"collection":[{"href":"https:\/\/www.byenhof.nl\/de\/wp-json\/wp\/v2\/pages"}],"about":[{"href":"https:\/\/www.byenhof.nl\/de\/wp-json\/wp\/v2\/types\/page"}],"author":[{"embeddable":true,"href":"https:\/\/www.byenhof.nl\/de\/wp-json\/wp\/v2\/users\/1"}],"replies":[{"embeddable":true,"href":"https:\/\/www.byenhof.nl\/de\/wp-json\/wp\/v2\/comments?post=3638"}],"version-history":[{"count":10,"href":"https:\/\/www.byenhof.nl\/de\/wp-json\/wp\/v2\/pages\/3638\/revisions"}],"predecessor-version":[{"id":5412,"href":"https:\/\/www.byenhof.nl\/de\/wp-json\/wp\/v2\/pages\/3638\/revisions\/5412"}],"up":[{"embeddable":true,"href":"https:\/\/www.byenhof.nl\/de\/wp-json\/wp\/v2\/pages\/3726"}],"wp:attachment":[{"href":"https:\/\/www.byenhof.nl\/de\/wp-json\/wp\/v2\/media?parent=3638"}],"curies":[{"name":"wp","href":"https:\/\/api.w.org\/{rel}","templated":true}]}}