{"id":3654,"date":"2026-01-27T16:22:23","date_gmt":"2026-01-27T15:22:23","guid":{"rendered":"https:\/\/www.byenhof.nl\/trafotueren\/"},"modified":"2026-02-03T13:59:27","modified_gmt":"2026-02-03T12:59:27","slug":"trafotueren","status":"publish","type":"page","link":"https:\/\/www.byenhof.nl\/de\/industrietore\/trafotueren\/","title":{"rendered":"Trafot\u00fcren"},"content":{"rendered":"\t\t<div data-elementor-type=\"wp-page\" data-elementor-id=\"3654\" class=\"elementor elementor-3654 elementor-2186\" data-elementor-post-type=\"page\">\n\t\t\t\t<div class=\"elementor-element elementor-element-66ae9bef e-flex e-con-boxed e-con e-parent\" data-id=\"66ae9bef\" data-element_type=\"container\" data-e-type=\"container\" data-settings=\"{&quot;background_background&quot;:&quot;classic&quot;}\">\n\t\t\t\t\t<div class=\"e-con-inner\">\n\t\t\t\t<div class=\"elementor-element elementor-element-71ac72ed elementor-widget elementor-widget-breadcrumbs\" data-id=\"71ac72ed\" data-element_type=\"widget\" data-e-type=\"widget\" data-widget_type=\"breadcrumbs.default\">\n\t\t\t\t\t<p id=\"breadcrumbs\"><span><span><a href=\"https:\/\/www.byenhof.nl\/de\/startseite\/\">Startseite<\/a><\/span><\/span><\/p>\t\t\t\t<\/div>\n\t\t\t\t\t<\/div>\n\t\t\t\t<\/div>\n\t\t<div class=\"elementor-element elementor-element-6a9ebc79   e-flex e-con-boxed e-con e-parent\" data-id=\"6a9ebc79\" data-element_type=\"container\" data-e-type=\"container\" data-settings=\"{&quot;background_background&quot;:&quot;classic&quot;}\">\n\t\t\t\t\t<div class=\"e-con-inner\">\n\t\t<div class=\"elementor-element elementor-element-164c905c e-con-full e-flex e-con e-child\" data-id=\"164c905c\" data-element_type=\"container\" data-e-type=\"container\">\n\t\t\t\t<div class=\"elementor-element elementor-element-36f4ae42 elementor-widget elementor-widget-heading\" data-id=\"36f4ae42\" data-element_type=\"widget\" data-e-type=\"widget\" data-widget_type=\"heading.default\">\n\t\t\t\t\t<h1 class=\"elementor-heading-title elementor-size-default\">Trafot\u00fcren <\/h1>\t\t\t\t<\/div>\n\t\t\t\t<div class=\"elementor-element elementor-element-640862b4 elementor-widget elementor-widget-text-editor\" data-id=\"640862b4\" data-element_type=\"widget\" data-e-type=\"widget\" data-widget_type=\"text-editor.default\">\n\t\t\t\t\t\t\t\t\t<p>Trafot\u00fcren stellen hohe Anforderungen an Sicherheit, Bel\u00fcftung und Nachhaltigkeit. Byenhof Bedrijfsdeuren liefert durchdachte Ma\u00dfanfertigungen, die alle technischen und gesetzlichen Anforderungen erf\u00fcllen. <\/p>\t\t\t\t\t\t\t\t<\/div>\n\t\t\t\t<\/div>\n\t\t<div class=\"elementor-element elementor-element-7a28a716 e-con-full e-flex e-con e-child\" data-id=\"7a28a716\" data-element_type=\"container\" data-e-type=\"container\">\n\t\t\t\t<div class=\"elementor-element elementor-element-4fb223ad elementor-absolute teaser__image elementor-widget elementor-widget-image\" data-id=\"4fb223ad\" data-element_type=\"widget\" data-e-type=\"widget\" data-settings=\"{&quot;_position&quot;:&quot;absolute&quot;}\" data-widget_type=\"image.default\">\n\t\t\t\t\t\t\t\t\t\t\t\t\t\t\t<img fetchpriority=\"high\" decoding=\"async\" width=\"990\" height=\"545\" src=\"https:\/\/www.byenhof.nl\/wp-content\/uploads\/2026\/01\/trafodeur-2-1024x768-1-990x545-1.jpg\" class=\"attachment-large size-large wp-image-3655\" alt=\"\" srcset=\"https:\/\/www.byenhof.nl\/wp-content\/uploads\/2026\/01\/trafodeur-2-1024x768-1-990x545-1.jpg 990w, https:\/\/www.byenhof.nl\/wp-content\/uploads\/2026\/01\/trafodeur-2-1024x768-1-990x545-1-768x423.jpg 768w\" sizes=\"(max-width: 990px) 100vw, 990px\" \/>\t\t\t\t\t\t\t\t\t\t\t\t\t\t\t<\/div>\n\t\t\t\t<\/div>\n\t\t\t\t\t<\/div>\n\t\t\t\t<\/div>\n\t\t<div class=\"elementor-element elementor-element-68deabe4 e-flex e-con-boxed e-con e-parent\" data-id=\"68deabe4\" data-element_type=\"container\" data-e-type=\"container\">\n\t\t\t\t\t<div class=\"e-con-inner\">\n\t\t\t\t<div class=\"elementor-element elementor-element-928547b elementor-align-center elementor-icon-list--layout-traditional elementor-list-item-link-full_width elementor-widget elementor-widget-icon-list\" data-id=\"928547b\" data-element_type=\"widget\" data-e-type=\"widget\" data-widget_type=\"icon-list.default\">\n\t\t\t\t\t\t\t<ul class=\"elementor-icon-list-items\">\n\t\t\t\t\t\t\t<li class=\"elementor-icon-list-item\">\n\t\t\t\t\t\t\t\t\t\t\t<a href=\"#ontdek\">\n\n\t\t\t\t\t\t\t\t\t\t\t\t<span class=\"elementor-icon-list-icon\">\n\t\t\t\t\t\t\t<svg aria-hidden=\"true\" class=\"e-font-icon-svg e-fas-chevron-circle-down\" viewBox=\"0 0 512 512\" xmlns=\"http:\/\/www.w3.org\/2000\/svg\"><path d=\"M504 256c0 137-111 248-248 248S8 393 8 256 119 8 256 8s248 111 248 248zM273 369.9l135.5-135.5c9.4-9.4 9.4-24.6 0-33.9l-17-17c-9.4-9.4-24.6-9.4-33.9 0L256 285.1 154.4 183.5c-9.4-9.4-24.6-9.4-33.9 0l-17 17c-9.4 9.4-9.4 24.6 0 33.9L239 369.9c9.4 9.4 24.6 9.4 34 0z\"><\/path><\/svg>\t\t\t\t\t\t<\/span>\n\t\t\t\t\t\t\t\t\t\t<span class=\"elementor-icon-list-text\">Mehr entdecken<\/span>\n\t\t\t\t\t\t\t\t\t\t\t<\/a>\n\t\t\t\t\t\t\t\t\t<\/li>\n\t\t\t\t\t\t<\/ul>\n\t\t\t\t\t\t<\/div>\n\t\t\t\t\t<\/div>\n\t\t\t\t<\/div>\n\t\t<div class=\"elementor-element elementor-element-654289ed e-flex e-con-boxed e-con e-parent\" data-id=\"654289ed\" data-element_type=\"container\" data-e-type=\"container\">\n\t\t\t\t\t<div class=\"e-con-inner\">\n\t\t<div class=\"elementor-element elementor-element-264ff0e8 e-con-full detail e-flex e-con e-child\" data-id=\"264ff0e8\" data-element_type=\"container\" data-e-type=\"container\" id=\"ontdek\">\n\t\t\t\t<div class=\"elementor-element elementor-element-59e99203 elementor-widget elementor-widget-text-editor\" data-id=\"59e99203\" data-element_type=\"widget\" data-e-type=\"widget\" data-widget_type=\"text-editor.default\">\n\t\t\t\t\t\t\t\t\t<p data-start=\"216\" data-end=\"634\">Bei der Montage von Trafot\u00fcren, Gittern und Fassaden ist es essenziell, dass strenge Anforderungen in Bezug auf Bel\u00fcftung, Schallschutz und Sicherheit erf\u00fcllt werden. Dar\u00fcber hinaus m\u00fcssen Trafot\u00fcren Schutz vor Durchstechen, Anfahrsch\u00e4den, Vandalismus, \u00dcberschlag und Witterungseinfl\u00fcssen wie Regen bieten. Die Trafot\u00fcren von Byenhof Bedrijfsdeuren sind so konzipiert und gefertigt, dass sie alle diese Anforderungen und Normen zuverl\u00e4ssig erf\u00fcllen.  <\/p><h3 data-start=\"636\" data-end=\"648\">Trafobox<\/h3><p data-start=\"649\" data-end=\"982\">Neben Trafot\u00fcren liefert und montiert Byenhof Bedrijfsdeuren auch die dazugeh\u00f6rigen Gitterroste f\u00fcr Trafoboxen. Die Fassaden werden standardm\u00e4\u00dfig mit einer Bel\u00fcftungshaube an der Innenseite versehen, wodurch eine optimale Bel\u00fcftung der Trafobox gew\u00e4hrleistet wird. So liefern wir eine komplette und gut durchdachte L\u00f6sung f\u00fcr Transformatorr\u00e4ume.  <\/p><h3 data-start=\"984\" data-end=\"997\">Arbeitsweise<\/h3><p data-start=\"998\" data-end=\"1196\">Byenhof Bedrijfsdeuren \u00fcbernimmt das gesamte Projekt: von der individuellen Beratung und dem Engineering bis hin zur Produktion und fachgerechten Montage. So sind Sie einer sicheren, nachhaltigen und vollst\u00e4ndig abgestimmten L\u00f6sung sicher. <\/p><p data-start=\"1198\" data-end=\"1318\" data-is-last-node=\"\" data-is-only-node=\"\">M\u00f6chten Sie mehr \u00fcber unsere <span style=\"color: #993300;\"><a style=\"color: #993300;\" href=\"https:\/\/www.byenhof.nl\/de\/massanfertigung\/arbeitsweise\/\"><strong>Arbeitsweise<\/strong><\/a><\/span> oder die M\u00f6glichkeiten von Trafot\u00fcren und Trafoboxen erfahren? Wir beraten Sie gerne. <\/p>\t\t\t\t\t\t\t\t<\/div>\n\t\t\t\t<\/div>\n\t\t<div class=\"elementor-element elementor-element-2e58ad35 e-con-full detail__information e-flex e-con e-child\" data-id=\"2e58ad35\" data-element_type=\"container\" data-e-type=\"container\" data-settings=\"{&quot;background_background&quot;:&quot;classic&quot;}\">\n\t\t\t\t<div class=\"elementor-element elementor-element-631a010d detail__properties  elementor-widget elementor-widget-text-editor\" data-id=\"631a010d\" data-element_type=\"widget\" data-e-type=\"widget\" data-widget_type=\"text-editor.default\">\n\t\t\t\t\t\t\t\t\t<h3>Technische Eigenschaften<\/h3><ul style=\"list-style-type: disc;\"><li data-start=\"229\" data-end=\"333\"><p data-start=\"231\" data-end=\"333\">T\u00fcren und Gitter entsprechen den Anforderungen und sind vom jeweiligen Versorgungsunternehmen zugelassen<\/p><\/li><li data-start=\"334\" data-end=\"456\"><p data-start=\"336\" data-end=\"456\">Gashokdeuren mit einer Plattenst\u00e4rke von 50 mm, verzinkt und pulverbeschichtet, in einer isolierten Ausf\u00fchrung<\/p><\/li><li data-start=\"457\" data-end=\"587\"><p data-start=\"459\" data-end=\"587\">Stahlt\u00fcren sorgf\u00e4ltig gestrahlt, chromatiert und hochwertig pulverbeschichtet f\u00fcr optimalen Schutz und lange Lebensdauer<\/p><\/li><li data-start=\"588\" data-end=\"717\"><p data-start=\"590\" data-end=\"717\">T\u00fcren standardm\u00e4\u00dfig mit einer Leckschwelle und Sturmkette f\u00fcr zus\u00e4tzliche Sicherheit und Schutz vor Witterungseinfl\u00fcssen<\/p><\/li><li data-start=\"718\" data-end=\"799\"><p data-start=\"720\" data-end=\"799\">Aluminiumroste aus hochwertiger Al Mg Si 0,5 Legierung<\/p><\/li><li data-start=\"800\" data-end=\"935\"><p data-start=\"802\" data-end=\"935\">Gitter mit einer dauerhaften Eloxal- oder Pulverbeschichtung in jeder gew\u00fcnschten RAL-Farbe (Schichtaufbau 60\u201370 Mikron)<\/p><\/li><li data-start=\"936\" data-end=\"1006\"><p data-start=\"938\" data-end=\"1006\">RVS-Maschenrost (Inox 304 \/ 18-8) mit einer Maschenweite von 6 \u00d7 6 mm<\/p><\/li><li data-start=\"1007\" data-end=\"1066\"><p data-start=\"1009\" data-end=\"1066\">Freier Durchgang von ca. 35 % f\u00fcr optimale Bel\u00fcftung<\/p><\/li><li data-start=\"1067\" data-end=\"1126\"><p data-start=\"1069\" data-end=\"1126\">Ausgestattet mit einer Erdungsklemme f\u00fcr sichere Anwendung<\/p><\/li><\/ul>\t\t\t\t\t\t\t\t<\/div>\n\t\t\t\t<\/div>\n\t\t\t\t\t<\/div>\n\t\t\t\t<\/div>\n\t\t<div class=\"elementor-element elementor-element-61f9c4 e-flex e-con-boxed e-con e-parent\" data-id=\"61f9c4\" data-element_type=\"container\" data-e-type=\"container\">\n\t\t\t\t\t<div class=\"e-con-inner\">\n\t\t\t\t<div class=\"elementor-element elementor-element-6b9a044e elementor-widget elementor-widget-heading\" data-id=\"6b9a044e\" data-element_type=\"widget\" data-e-type=\"widget\" data-widget_type=\"heading.default\">\n\t\t\t\t\t<h3 class=\"elementor-heading-title elementor-size-default\">Inspiration Trafot\u00fcren<\/h3>\t\t\t\t<\/div>\n\t\t\t\t\t<\/div>\n\t\t\t\t<\/div>\n\t\t<div class=\"elementor-element elementor-element-3b0cc5a3 e-flex e-con-boxed e-con e-parent\" data-id=\"3b0cc5a3\" data-element_type=\"container\" data-e-type=\"container\">\n\t\t\t\t\t<div class=\"e-con-inner\">\n\t\t\t\t<div class=\"elementor-element elementor-element-58f14655 elementor-skin-carousel elementor-arrows-yes elementor-widget elementor-widget-media-carousel\" data-id=\"58f14655\" data-element_type=\"widget\" data-e-type=\"widget\" data-settings=\"{&quot;slides_per_view&quot;:&quot;4&quot;,&quot;space_between&quot;:{&quot;unit&quot;:&quot;px&quot;,&quot;size&quot;:20,&quot;sizes&quot;:[]},&quot;skin&quot;:&quot;carousel&quot;,&quot;effect&quot;:&quot;slide&quot;,&quot;show_arrows&quot;:&quot;yes&quot;,&quot;speed&quot;:500,&quot;autoplay&quot;:&quot;yes&quot;,&quot;autoplay_speed&quot;:5000,&quot;loop&quot;:&quot;yes&quot;,&quot;pause_on_hover&quot;:&quot;yes&quot;,&quot;pause_on_interaction&quot;:&quot;yes&quot;,&quot;space_between_tablet&quot;:{&quot;unit&quot;:&quot;px&quot;,&quot;size&quot;:10,&quot;sizes&quot;:[]},&quot;space_between_mobile&quot;:{&quot;unit&quot;:&quot;px&quot;,&quot;size&quot;:10,&quot;sizes&quot;:[]}}\" data-widget_type=\"media-carousel.default\">\n\t\t\t\t\t\t\t\t\t\t<div class=\"elementor-main-swiper swiper\" role=\"region\" aria-roledescription=\"carousel\" aria-label=\"Slides\">\n\t\t\t\t<div class=\"swiper-wrapper\">\n\t\t\t\t\t\t\t\t\t\t\t<div class=\"swiper-slide\" role=\"group\" aria-roledescription=\"slide\">\n\t\t\t\t\t\t\t\t\t<div class=\"elementor-carousel-image\" role=\"img\" aria-label=\"trafodeur-5-1024x768-1-660x720\" style=\"background-image: url(&#039;https:\/\/www.byenhof.nl\/wp-content\/uploads\/2026\/01\/trafodeur-5-1024x768-1-660x720-1.jpg&#039;)\">\n\n\t\t\t\n\t\t\t\t\t<\/div>\n\t\t\t\t\t\t\t\t<\/div>\n\t\t\t\t\t\t\t\t\t\t\t<div class=\"swiper-slide\" role=\"group\" aria-roledescription=\"slide\">\n\t\t\t\t\t\t\t\t\t<div class=\"elementor-carousel-image\" role=\"img\" aria-label=\"trafodeur-4-1024x768-1-660x720\" style=\"background-image: url(&#039;https:\/\/www.byenhof.nl\/wp-content\/uploads\/2026\/01\/trafodeur-4-1024x768-1-660x720-1.jpg&#039;)\">\n\n\t\t\t\n\t\t\t\t\t<\/div>\n\t\t\t\t\t\t\t\t<\/div>\n\t\t\t\t\t\t\t\t\t\t\t<div class=\"swiper-slide\" role=\"group\" aria-roledescription=\"slide\">\n\t\t\t\t\t\t\t\t\t<div class=\"elementor-carousel-image\" role=\"img\" aria-label=\"trafodeur-3-1024x768-1-660x720\" style=\"background-image: url(&#039;https:\/\/www.byenhof.nl\/wp-content\/uploads\/2026\/01\/trafodeur-3-1024x768-1-660x720-1.jpg&#039;)\">\n\n\t\t\t\n\t\t\t\t\t<\/div>\n\t\t\t\t\t\t\t\t<\/div>\n\t\t\t\t\t\t\t\t\t\t\t<div class=\"swiper-slide\" role=\"group\" aria-roledescription=\"slide\">\n\t\t\t\t\t\t\t\t\t<div class=\"elementor-carousel-image\" role=\"img\" aria-label=\"trafodeur-2-1024x768-1-660x720\" style=\"background-image: url(&#039;https:\/\/www.byenhof.nl\/wp-content\/uploads\/2026\/01\/trafodeur-2-1024x768-1-660x720-1.jpg&#039;)\">\n\n\t\t\t\n\t\t\t\t\t<\/div>\n\t\t\t\t\t\t\t\t<\/div>\n\t\t\t\t\t\t\t\t\t\t\t<div class=\"swiper-slide\" role=\"group\" aria-roledescription=\"slide\">\n\t\t\t\t\t\t\t\t\t<div class=\"elementor-carousel-image\" role=\"img\" aria-label=\"trafodeur-1-768x1024-1-660x720\" style=\"background-image: url(&#039;https:\/\/www.byenhof.nl\/wp-content\/uploads\/2026\/01\/trafodeur-1-768x1024-1-660x720-2.jpg&#039;)\">\n\n\t\t\t\n\t\t\t\t\t<\/div>\n\t\t\t\t\t\t\t\t<\/div>\n\t\t\t\t\t\t\t\t\t\t\t<div class=\"swiper-slide\" role=\"group\" aria-roledescription=\"slide\">\n\t\t\t\t\t\t\t\t\t<div class=\"elementor-carousel-image\" role=\"img\" aria-label=\"DCF 1.0\" style=\"background-image: url(&#039;https:\/\/www.byenhof.nl\/wp-content\/uploads\/2026\/02\/PICT0160.jpg&#039;)\">\n\n\t\t\t\n\t\t\t\t\t<\/div>\n\t\t\t\t\t\t\t\t<\/div>\n\t\t\t\t\t\t\t\t\t<\/div>\n\t\t\t\t\t\t\t\t\t\t\t\t\t\t\t<div class=\"elementor-swiper-button elementor-swiper-button-prev\" role=\"button\" tabindex=\"0\" aria-label=\"Voriger\">\n\t\t\t\t\t\t\t<svg aria-hidden=\"true\" class=\"e-font-icon-svg e-eicon-chevron-left\" viewBox=\"0 0 1000 1000\" xmlns=\"http:\/\/www.w3.org\/2000\/svg\"><path d=\"M646 125C629 125 613 133 604 142L308 442C296 454 292 471 292 487 292 504 296 521 308 533L604 854C617 867 629 875 646 875 663 875 679 871 692 858 704 846 713 829 713 812 713 796 708 779 692 767L438 487 692 225C700 217 708 204 708 187 708 171 704 154 692 142 675 129 663 125 646 125Z\"><\/path><\/svg>\t\t\t\t\t\t<\/div>\n\t\t\t\t\t\t<div class=\"elementor-swiper-button elementor-swiper-button-next\" role=\"button\" tabindex=\"0\" aria-label=\"N\u00e4chster\">\n\t\t\t\t\t\t\t<svg aria-hidden=\"true\" class=\"e-font-icon-svg e-eicon-chevron-right\" viewBox=\"0 0 1000 1000\" xmlns=\"http:\/\/www.w3.org\/2000\/svg\"><path d=\"M696 533C708 521 713 504 713 487 713 471 708 454 696 446L400 146C388 133 375 125 354 125 338 125 325 129 313 142 300 154 292 171 292 187 292 204 296 221 308 233L563 492 304 771C292 783 288 800 288 817 288 833 296 850 308 863 321 871 338 875 354 875 371 875 388 867 400 854L696 533Z\"><\/path><\/svg>\t\t\t\t\t\t<\/div>\n\t\t\t\t\t\t\t\t\t\t\t\t\t\t\t\t\t<\/div>\n\t\t\t\t\t\t\t\t<\/div>\n\t\t\t\t\t<\/div>\n\t\t\t\t<\/div>\n\t\t\t\t<\/div>\n\t\t","protected":false},"excerpt":{"rendered":"<p>Trafot\u00fcren Trafot\u00fcren stellen hohe Anforderungen an Sicherheit, Bel\u00fcftung und Nachhaltigkeit. Byenhof Bedrijfsdeuren liefert durchdachte Ma\u00dfanfertigungen, die alle technischen und gesetzlichen Anforderungen erf\u00fcllen. Mehr entdecken Bei der Montage von Trafot\u00fcren, Gittern und Fassaden ist es essenziell, dass strenge Anforderungen in Bezug auf Bel\u00fcftung, Schallschutz und Sicherheit erf\u00fcllt werden. Dar\u00fcber hinaus m\u00fcssen Trafot\u00fcren Schutz vor Durchstechen, Anfahrsch\u00e4den, [&hellip;]<\/p>\n","protected":false},"author":1,"featured_media":0,"parent":3733,"menu_order":0,"comment_status":"closed","ping_status":"closed","template":"elementor_header_footer","meta":{"footnotes":""},"class_list":["post-3654","page","type-page","status-publish","hentry"],"yoast_head":"<!-- This site is optimized with the Yoast SEO plugin v27.1.1 - https:\/\/yoast.com\/product\/yoast-seo-wordpress\/ -->\n<title>Trafot\u00fcren - Byenhof Bedrijfsdeuren<\/title>\n<meta name=\"robots\" content=\"index, follow, max-snippet:-1, max-image-preview:large, max-video-preview:-1\" \/>\n<link rel=\"canonical\" href=\"https:\/\/www.byenhof.nl\/de\/industrietore\/trafotueren\/\" \/>\n<meta property=\"og:locale\" content=\"de_DE\" \/>\n<meta property=\"og:type\" content=\"article\" \/>\n<meta property=\"og:title\" content=\"Trafot\u00fcren - Byenhof Bedrijfsdeuren\" \/>\n<meta property=\"og:description\" content=\"Trafot\u00fcren Trafot\u00fcren stellen hohe Anforderungen an Sicherheit, Bel\u00fcftung und Nachhaltigkeit. Byenhof Bedrijfsdeuren liefert durchdachte Ma\u00dfanfertigungen, die alle technischen und gesetzlichen Anforderungen erf\u00fcllen. Mehr entdecken Bei der Montage von Trafot\u00fcren, Gittern und Fassaden ist es essenziell, dass strenge Anforderungen in Bezug auf Bel\u00fcftung, Schallschutz und Sicherheit erf\u00fcllt werden. Dar\u00fcber hinaus m\u00fcssen Trafot\u00fcren Schutz vor Durchstechen, Anfahrsch\u00e4den, [&hellip;]\" \/>\n<meta property=\"og:url\" content=\"https:\/\/www.byenhof.nl\/de\/industrietore\/trafotueren\/\" \/>\n<meta property=\"og:site_name\" content=\"Byenhof Bedrijfsdeuren\" \/>\n<meta property=\"article:publisher\" content=\"https:\/\/www.facebook.com\/Byenhof-AK-Techniek-BV-219453718085032\" \/>\n<meta property=\"article:modified_time\" content=\"2026-02-03T12:59:27+00:00\" \/>\n<meta property=\"og:image\" content=\"https:\/\/www.byenhof.nl\/wp-content\/uploads\/2026\/01\/trafodeur-2-1024x768-1-990x545-1.jpg\" \/>\n\t<meta property=\"og:image:width\" content=\"990\" \/>\n\t<meta property=\"og:image:height\" content=\"545\" \/>\n\t<meta property=\"og:image:type\" content=\"image\/jpeg\" \/>\n<meta name=\"twitter:card\" content=\"summary_large_image\" \/>\n<meta name=\"twitter:site\" content=\"@byenhof\" \/>\n<meta name=\"twitter:label1\" content=\"Gesch\u00e4tzte Lesezeit\" \/>\n\t<meta name=\"twitter:data1\" content=\"2\u00a0Minuten\" \/>\n<script type=\"application\/ld+json\" class=\"yoast-schema-graph\">{\"@context\":\"https:\/\/schema.org\",\"@graph\":[{\"@type\":\"WebPage\",\"@id\":\"https:\/\/www.byenhof.nl\/de\/industrietore\/trafotueren\/\",\"url\":\"https:\/\/www.byenhof.nl\/de\/industrietore\/trafotueren\/\",\"name\":\"Trafot\u00fcren - Byenhof Bedrijfsdeuren\",\"isPartOf\":{\"@id\":\"https:\/\/www.byenhof.nl\/#website\"},\"primaryImageOfPage\":{\"@id\":\"https:\/\/www.byenhof.nl\/de\/industrietore\/trafotueren\/#primaryimage\"},\"image\":{\"@id\":\"https:\/\/www.byenhof.nl\/de\/industrietore\/trafotueren\/#primaryimage\"},\"thumbnailUrl\":\"https:\/\/www.byenhof.nl\/wp-content\/uploads\/2026\/01\/trafodeur-2-1024x768-1-990x545-1.jpg\",\"datePublished\":\"2026-01-27T15:22:23+00:00\",\"dateModified\":\"2026-02-03T12:59:27+00:00\",\"breadcrumb\":{\"@id\":\"https:\/\/www.byenhof.nl\/de\/industrietore\/trafotueren\/#breadcrumb\"},\"inLanguage\":\"de\",\"potentialAction\":[{\"@type\":\"ReadAction\",\"target\":[\"https:\/\/www.byenhof.nl\/de\/industrietore\/trafotueren\/\"]}]},{\"@type\":\"ImageObject\",\"inLanguage\":\"de\",\"@id\":\"https:\/\/www.byenhof.nl\/de\/industrietore\/trafotueren\/#primaryimage\",\"url\":\"https:\/\/www.byenhof.nl\/wp-content\/uploads\/2026\/01\/trafodeur-2-1024x768-1-990x545-1.jpg\",\"contentUrl\":\"https:\/\/www.byenhof.nl\/wp-content\/uploads\/2026\/01\/trafodeur-2-1024x768-1-990x545-1.jpg\"},{\"@type\":\"BreadcrumbList\",\"@id\":\"https:\/\/www.byenhof.nl\/de\/industrietore\/trafotueren\/#breadcrumb\",\"itemListElement\":[{\"@type\":\"ListItem\",\"position\":1,\"name\":\"Startseite\",\"item\":\"https:\/\/www.byenhof.nl\/de\/startseite\/\"},{\"@type\":\"ListItem\",\"position\":2,\"name\":\"Industrietore\",\"item\":\"https:\/\/www.byenhof.nl\/de\/industrietore\/\"},{\"@type\":\"ListItem\",\"position\":3,\"name\":\"Trafot\u00fcren\"}]},{\"@type\":\"WebSite\",\"@id\":\"https:\/\/www.byenhof.nl\/#website\",\"url\":\"https:\/\/www.byenhof.nl\/\",\"name\":\"Byenhof Bedrijfsdeuren\",\"description\":\"\",\"publisher\":{\"@id\":\"https:\/\/www.byenhof.nl\/#organization\"},\"potentialAction\":[{\"@type\":\"SearchAction\",\"target\":{\"@type\":\"EntryPoint\",\"urlTemplate\":\"https:\/\/www.byenhof.nl\/?s={search_term_string}\"},\"query-input\":{\"@type\":\"PropertyValueSpecification\",\"valueRequired\":true,\"valueName\":\"search_term_string\"}}],\"inLanguage\":\"de\"},{\"@type\":\"Organization\",\"@id\":\"https:\/\/www.byenhof.nl\/#organization\",\"name\":\"Byenhof Bedrijfsdeuren\",\"url\":\"https:\/\/www.byenhof.nl\/\",\"logo\":{\"@type\":\"ImageObject\",\"inLanguage\":\"de\",\"@id\":\"https:\/\/www.byenhof.nl\/#\/schema\/logo\/image\/\",\"url\":\"https:\/\/www.byenhof.nl\/wp-content\/uploads\/2026\/01\/Byenhof-Bedrijfsdeuren-zwart-wit-wit_25.jpg\",\"contentUrl\":\"https:\/\/www.byenhof.nl\/wp-content\/uploads\/2026\/01\/Byenhof-Bedrijfsdeuren-zwart-wit-wit_25.jpg\",\"caption\":\"Byenhof Bedrijfsdeuren\"},\"image\":{\"@id\":\"https:\/\/www.byenhof.nl\/#\/schema\/logo\/image\/\"},\"sameAs\":[\"https:\/\/www.facebook.com\/Byenhof-AK-Techniek-BV-219453718085032\",\"https:\/\/x.com\/byenhof\",\"https:\/\/www.youtube.com\/channel\/UCsru8FAZlgDK3Iy0zXfHwiA\"]}]}<\/script>\n<!-- \/ Yoast SEO plugin. -->","yoast_head_json":{"title":"Trafot\u00fcren - Byenhof Bedrijfsdeuren","robots":{"index":"index","follow":"follow","max-snippet":"max-snippet:-1","max-image-preview":"max-image-preview:large","max-video-preview":"max-video-preview:-1"},"canonical":"https:\/\/www.byenhof.nl\/de\/industrietore\/trafotueren\/","og_locale":"de_DE","og_type":"article","og_title":"Trafot\u00fcren - Byenhof Bedrijfsdeuren","og_description":"Trafot\u00fcren Trafot\u00fcren stellen hohe Anforderungen an Sicherheit, Bel\u00fcftung und Nachhaltigkeit. Byenhof Bedrijfsdeuren liefert durchdachte Ma\u00dfanfertigungen, die alle technischen und gesetzlichen Anforderungen erf\u00fcllen. Mehr entdecken Bei der Montage von Trafot\u00fcren, Gittern und Fassaden ist es essenziell, dass strenge Anforderungen in Bezug auf Bel\u00fcftung, Schallschutz und Sicherheit erf\u00fcllt werden. Dar\u00fcber hinaus m\u00fcssen Trafot\u00fcren Schutz vor Durchstechen, Anfahrsch\u00e4den, [&hellip;]","og_url":"https:\/\/www.byenhof.nl\/de\/industrietore\/trafotueren\/","og_site_name":"Byenhof Bedrijfsdeuren","article_publisher":"https:\/\/www.facebook.com\/Byenhof-AK-Techniek-BV-219453718085032","article_modified_time":"2026-02-03T12:59:27+00:00","og_image":[{"width":990,"height":545,"url":"https:\/\/www.byenhof.nl\/wp-content\/uploads\/2026\/01\/trafodeur-2-1024x768-1-990x545-1.jpg","type":"image\/jpeg"}],"twitter_card":"summary_large_image","twitter_site":"@byenhof","twitter_misc":{"Gesch\u00e4tzte Lesezeit":"2\u00a0Minuten"},"schema":{"@context":"https:\/\/schema.org","@graph":[{"@type":"WebPage","@id":"https:\/\/www.byenhof.nl\/de\/industrietore\/trafotueren\/","url":"https:\/\/www.byenhof.nl\/de\/industrietore\/trafotueren\/","name":"Trafot\u00fcren - Byenhof Bedrijfsdeuren","isPartOf":{"@id":"https:\/\/www.byenhof.nl\/#website"},"primaryImageOfPage":{"@id":"https:\/\/www.byenhof.nl\/de\/industrietore\/trafotueren\/#primaryimage"},"image":{"@id":"https:\/\/www.byenhof.nl\/de\/industrietore\/trafotueren\/#primaryimage"},"thumbnailUrl":"https:\/\/www.byenhof.nl\/wp-content\/uploads\/2026\/01\/trafodeur-2-1024x768-1-990x545-1.jpg","datePublished":"2026-01-27T15:22:23+00:00","dateModified":"2026-02-03T12:59:27+00:00","breadcrumb":{"@id":"https:\/\/www.byenhof.nl\/de\/industrietore\/trafotueren\/#breadcrumb"},"inLanguage":"de","potentialAction":[{"@type":"ReadAction","target":["https:\/\/www.byenhof.nl\/de\/industrietore\/trafotueren\/"]}]},{"@type":"ImageObject","inLanguage":"de","@id":"https:\/\/www.byenhof.nl\/de\/industrietore\/trafotueren\/#primaryimage","url":"https:\/\/www.byenhof.nl\/wp-content\/uploads\/2026\/01\/trafodeur-2-1024x768-1-990x545-1.jpg","contentUrl":"https:\/\/www.byenhof.nl\/wp-content\/uploads\/2026\/01\/trafodeur-2-1024x768-1-990x545-1.jpg"},{"@type":"BreadcrumbList","@id":"https:\/\/www.byenhof.nl\/de\/industrietore\/trafotueren\/#breadcrumb","itemListElement":[{"@type":"ListItem","position":1,"name":"Startseite","item":"https:\/\/www.byenhof.nl\/de\/startseite\/"},{"@type":"ListItem","position":2,"name":"Industrietore","item":"https:\/\/www.byenhof.nl\/de\/industrietore\/"},{"@type":"ListItem","position":3,"name":"Trafot\u00fcren"}]},{"@type":"WebSite","@id":"https:\/\/www.byenhof.nl\/#website","url":"https:\/\/www.byenhof.nl\/","name":"Byenhof Bedrijfsdeuren","description":"","publisher":{"@id":"https:\/\/www.byenhof.nl\/#organization"},"potentialAction":[{"@type":"SearchAction","target":{"@type":"EntryPoint","urlTemplate":"https:\/\/www.byenhof.nl\/?s={search_term_string}"},"query-input":{"@type":"PropertyValueSpecification","valueRequired":true,"valueName":"search_term_string"}}],"inLanguage":"de"},{"@type":"Organization","@id":"https:\/\/www.byenhof.nl\/#organization","name":"Byenhof Bedrijfsdeuren","url":"https:\/\/www.byenhof.nl\/","logo":{"@type":"ImageObject","inLanguage":"de","@id":"https:\/\/www.byenhof.nl\/#\/schema\/logo\/image\/","url":"https:\/\/www.byenhof.nl\/wp-content\/uploads\/2026\/01\/Byenhof-Bedrijfsdeuren-zwart-wit-wit_25.jpg","contentUrl":"https:\/\/www.byenhof.nl\/wp-content\/uploads\/2026\/01\/Byenhof-Bedrijfsdeuren-zwart-wit-wit_25.jpg","caption":"Byenhof Bedrijfsdeuren"},"image":{"@id":"https:\/\/www.byenhof.nl\/#\/schema\/logo\/image\/"},"sameAs":["https:\/\/www.facebook.com\/Byenhof-AK-Techniek-BV-219453718085032","https:\/\/x.com\/byenhof","https:\/\/www.youtube.com\/channel\/UCsru8FAZlgDK3Iy0zXfHwiA"]}]}},"_links":{"self":[{"href":"https:\/\/www.byenhof.nl\/de\/wp-json\/wp\/v2\/pages\/3654","targetHints":{"allow":["GET"]}}],"collection":[{"href":"https:\/\/www.byenhof.nl\/de\/wp-json\/wp\/v2\/pages"}],"about":[{"href":"https:\/\/www.byenhof.nl\/de\/wp-json\/wp\/v2\/types\/page"}],"author":[{"embeddable":true,"href":"https:\/\/www.byenhof.nl\/de\/wp-json\/wp\/v2\/users\/1"}],"replies":[{"embeddable":true,"href":"https:\/\/www.byenhof.nl\/de\/wp-json\/wp\/v2\/comments?post=3654"}],"version-history":[{"count":6,"href":"https:\/\/www.byenhof.nl\/de\/wp-json\/wp\/v2\/pages\/3654\/revisions"}],"predecessor-version":[{"id":4951,"href":"https:\/\/www.byenhof.nl\/de\/wp-json\/wp\/v2\/pages\/3654\/revisions\/4951"}],"up":[{"embeddable":true,"href":"https:\/\/www.byenhof.nl\/de\/wp-json\/wp\/v2\/pages\/3733"}],"wp:attachment":[{"href":"https:\/\/www.byenhof.nl\/de\/wp-json\/wp\/v2\/media?parent=3654"}],"curies":[{"name":"wp","href":"https:\/\/api.w.org\/{rel}","templated":true}]}}