{"id":3663,"date":"2026-01-27T16:22:30","date_gmt":"2026-01-27T15:22:30","guid":{"rendered":"https:\/\/www.byenhof.nl\/schwingtueren\/"},"modified":"2026-02-03T13:59:27","modified_gmt":"2026-02-03T12:59:27","slug":"schwingtueren","status":"publish","type":"page","link":"https:\/\/www.byenhof.nl\/de\/industrietore\/schwingtueren\/","title":{"rendered":"Schwingt\u00fcren"},"content":{"rendered":"\t\t<div data-elementor-type=\"wp-page\" data-elementor-id=\"3663\" class=\"elementor elementor-3663 elementor-2192\" data-elementor-post-type=\"page\">\n\t\t\t\t<div class=\"elementor-element elementor-element-5bee2202 e-flex e-con-boxed e-con e-parent\" data-id=\"5bee2202\" data-element_type=\"container\" data-e-type=\"container\" data-settings=\"{&quot;background_background&quot;:&quot;classic&quot;}\">\n\t\t\t\t\t<div class=\"e-con-inner\">\n\t\t\t\t<div class=\"elementor-element elementor-element-2d28c42d elementor-widget elementor-widget-breadcrumbs\" data-id=\"2d28c42d\" data-element_type=\"widget\" data-e-type=\"widget\" data-widget_type=\"breadcrumbs.default\">\n\t\t\t\t\t<p id=\"breadcrumbs\"><span><span><a href=\"https:\/\/www.byenhof.nl\/de\/startseite\/\">Startseite<\/a><\/span><\/span><\/p>\t\t\t\t<\/div>\n\t\t\t\t\t<\/div>\n\t\t\t\t<\/div>\n\t\t<div class=\"elementor-element elementor-element-1f4f4983   e-flex e-con-boxed e-con e-parent\" data-id=\"1f4f4983\" data-element_type=\"container\" data-e-type=\"container\" data-settings=\"{&quot;background_background&quot;:&quot;classic&quot;}\">\n\t\t\t\t\t<div class=\"e-con-inner\">\n\t\t<div class=\"elementor-element elementor-element-3de14bb3 e-con-full e-flex e-con e-child\" data-id=\"3de14bb3\" data-element_type=\"container\" data-e-type=\"container\">\n\t\t\t\t<div class=\"elementor-element elementor-element-6ee5cb44 elementor-widget elementor-widget-heading\" data-id=\"6ee5cb44\" data-element_type=\"widget\" data-e-type=\"widget\" data-widget_type=\"heading.default\">\n\t\t\t\t\t<h1 class=\"elementor-heading-title elementor-size-default\">Schwingt\u00fcren<\/h1>\t\t\t\t<\/div>\n\t\t\t\t<div class=\"elementor-element elementor-element-285b985a elementor-widget elementor-widget-text-editor\" data-id=\"285b985a\" data-element_type=\"widget\" data-e-type=\"widget\" data-widget_type=\"text-editor.default\">\n\t\t\t\t\t\t\t\t\t<p>Pendelt\u00fcren sind eine praktische und effiziente L\u00f6sung f\u00fcr Durchg\u00e4nge mit viel Lauf- und Verkehrsaufkommen. Die Pendelt\u00fcren von Byenhof Bedrijfsdeuren kombinieren Benutzerfreundlichkeit, Sicherheit und Langlebigkeit in einem durchdachten, ma\u00dfgefertigten Produkt. <\/p>\t\t\t\t\t\t\t\t<\/div>\n\t\t\t\t<\/div>\n\t\t<div class=\"elementor-element elementor-element-329942d e-con-full e-flex e-con e-child\" data-id=\"329942d\" data-element_type=\"container\" data-e-type=\"container\">\n\t\t\t\t<div class=\"elementor-element elementor-element-1072285f elementor-absolute teaser__image elementor-widget elementor-widget-image\" data-id=\"1072285f\" data-element_type=\"widget\" data-e-type=\"widget\" data-settings=\"{&quot;_position&quot;:&quot;absolute&quot;}\" data-widget_type=\"image.default\">\n\t\t\t\t\t\t\t\t\t\t\t\t\t\t\t<img fetchpriority=\"high\" decoding=\"async\" width=\"990\" height=\"545\" src=\"https:\/\/www.byenhof.nl\/wp-content\/uploads\/2026\/01\/tochtdeuren-1-1024x768-1-990x545-1.jpg\" class=\"attachment-large size-large wp-image-3664\" alt=\"\" srcset=\"https:\/\/www.byenhof.nl\/wp-content\/uploads\/2026\/01\/tochtdeuren-1-1024x768-1-990x545-1.jpg 990w, https:\/\/www.byenhof.nl\/wp-content\/uploads\/2026\/01\/tochtdeuren-1-1024x768-1-990x545-1-768x423.jpg 768w\" sizes=\"(max-width: 990px) 100vw, 990px\" \/>\t\t\t\t\t\t\t\t\t\t\t\t\t\t\t<\/div>\n\t\t\t\t<\/div>\n\t\t\t\t\t<\/div>\n\t\t\t\t<\/div>\n\t\t<div class=\"elementor-element elementor-element-1c71a637 e-flex e-con-boxed e-con e-parent\" data-id=\"1c71a637\" data-element_type=\"container\" data-e-type=\"container\">\n\t\t\t\t\t<div class=\"e-con-inner\">\n\t\t\t\t<div class=\"elementor-element elementor-element-36cf44e3 elementor-align-center elementor-icon-list--layout-traditional elementor-list-item-link-full_width elementor-widget elementor-widget-icon-list\" data-id=\"36cf44e3\" data-element_type=\"widget\" data-e-type=\"widget\" data-widget_type=\"icon-list.default\">\n\t\t\t\t\t\t\t<ul class=\"elementor-icon-list-items\">\n\t\t\t\t\t\t\t<li class=\"elementor-icon-list-item\">\n\t\t\t\t\t\t\t\t\t\t\t<a href=\"#ontdek\">\n\n\t\t\t\t\t\t\t\t\t\t\t\t<span class=\"elementor-icon-list-icon\">\n\t\t\t\t\t\t\t<svg aria-hidden=\"true\" class=\"e-font-icon-svg e-fas-chevron-circle-down\" viewBox=\"0 0 512 512\" xmlns=\"http:\/\/www.w3.org\/2000\/svg\"><path d=\"M504 256c0 137-111 248-248 248S8 393 8 256 119 8 256 8s248 111 248 248zM273 369.9l135.5-135.5c9.4-9.4 9.4-24.6 0-33.9l-17-17c-9.4-9.4-24.6-9.4-33.9 0L256 285.1 154.4 183.5c-9.4-9.4-24.6-9.4-33.9 0l-17 17c-9.4 9.4-9.4 24.6 0 33.9L239 369.9c9.4 9.4 24.6 9.4 34 0z\"><\/path><\/svg>\t\t\t\t\t\t<\/span>\n\t\t\t\t\t\t\t\t\t\t<span class=\"elementor-icon-list-text\">Mehr entdecken<\/span>\n\t\t\t\t\t\t\t\t\t\t\t<\/a>\n\t\t\t\t\t\t\t\t\t<\/li>\n\t\t\t\t\t\t<\/ul>\n\t\t\t\t\t\t<\/div>\n\t\t\t\t\t<\/div>\n\t\t\t\t<\/div>\n\t\t<div class=\"elementor-element elementor-element-25bb7109 e-flex e-con-boxed e-con e-parent\" data-id=\"25bb7109\" data-element_type=\"container\" data-e-type=\"container\">\n\t\t\t\t\t<div class=\"e-con-inner\">\n\t\t<div class=\"elementor-element elementor-element-6d8ca758 e-con-full detail e-flex e-con e-child\" data-id=\"6d8ca758\" data-element_type=\"container\" data-e-type=\"container\" id=\"ontdek\">\n\t\t\t\t<div class=\"elementor-element elementor-element-ea084d0 elementor-widget elementor-widget-text-editor\" data-id=\"ea084d0\" data-element_type=\"widget\" data-e-type=\"widget\" data-widget_type=\"text-editor.default\">\n\t\t\t\t\t\t\t\t\t<p data-start=\"183\" data-end=\"605\">Unsere Pendelt\u00fcren sind in verschiedenen Ausf\u00fchrungen erh\u00e4ltlich und k\u00f6nnen vollst\u00e4ndig auf die Anwendung und Nutzungsintensit\u00e4t abgestimmt werden. So sind die T\u00fcren mit oder ohne Gewebeeinlage, in PVC, k\u00e4ltebest\u00e4ndigem PVC, farbigem PVC oder Gummi erh\u00e4ltlich. Dadurch eignen sich unsere Pendelt\u00fcren f\u00fcr unterschiedlichste Umgebungen, wie Werkst\u00e4tten, Produktionsr\u00e4ume, Logistikbereiche und K\u00fchlr\u00e4ume.  <\/p><p data-start=\"607\" data-end=\"944\">Die farbigen PVC- und Gummiausf\u00fchrungen k\u00f6nnen mit Fenstern oder Bullaugen f\u00fcr zus\u00e4tzliche Sicht und Sicherheit versehen werden. Dar\u00fcber hinaus sind Verst\u00e4rkungs- und Signalisierungsstreifen m\u00f6glich, wodurch die T\u00fcr besser sichtbar und widerstandsf\u00e4higer gegen intensive Nutzung ist. Dies tr\u00e4gt zu einem sicheren, effizienten und nachhaltigen Durchgang bei.  <\/p><h2 data-start=\"946\" data-end=\"958\">Arbeitsweise<\/h2><p data-start=\"959\" data-end=\"1177\">Byenhof Bedrijfsdeuren \u00fcbernimmt den gesamten Prozess: von der pers\u00f6nlichen Beratung und der individuellen Entwicklung bis hin zur Produktion und fachgerechten Montage. So k\u00f6nnen Sie sicher sein, dass Sie eine Pendelt\u00fcr erhalten, die perfekt auf Ihre Situation und Ihre W\u00fcnsche zugeschnitten ist. <\/p><p data-start=\"1179\" data-end=\"1286\" data-is-last-node=\"\" data-is-only-node=\"\">M\u00f6chten Sie mehr \u00fcber unsere <span style=\"color: #993300;\"><a style=\"color: #993300;\" href=\"https:\/\/www.byenhof.nl\/de\/massanfertigung\/arbeitsweise\/\"><strong>Arbeitsweise<\/strong><\/a><\/span> oder die M\u00f6glichkeiten von Pendelt\u00fcren erfahren? Wir denken gerne mit Ihnen mit. <\/p>\t\t\t\t\t\t\t\t<\/div>\n\t\t<div class=\"elementor-element elementor-element-74cfc51 e-con-full e-flex e-con e-child\" data-id=\"74cfc51\" data-element_type=\"container\" data-e-type=\"container\">\n\t\t\t\t<div class=\"elementor-element elementor-element-917b0cb elementor-widget elementor-widget-heading\" data-id=\"917b0cb\" data-element_type=\"widget\" data-e-type=\"widget\" data-widget_type=\"heading.default\">\n\t\t\t\t\t<h3 class=\"elementor-heading-title elementor-size-default\">Inspiration Pendelt\u00fcren<\/h3>\t\t\t\t<\/div>\n\t\t\t\t<\/div>\n\t\t\t\t<\/div>\n\t\t\t\t\t<\/div>\n\t\t\t\t<\/div>\n\t\t<div class=\"elementor-element elementor-element-808e731 e-flex e-con-boxed e-con e-parent\" data-id=\"808e731\" data-element_type=\"container\" data-e-type=\"container\">\n\t\t\t\t\t<div class=\"e-con-inner\">\n\t\t\t\t<div class=\"elementor-element elementor-element-598cce3 elementor-skin-carousel elementor-arrows-yes elementor-widget elementor-widget-media-carousel\" data-id=\"598cce3\" data-element_type=\"widget\" data-e-type=\"widget\" data-settings=\"{&quot;slides_per_view&quot;:&quot;4&quot;,&quot;space_between&quot;:{&quot;unit&quot;:&quot;px&quot;,&quot;size&quot;:20,&quot;sizes&quot;:[]},&quot;skin&quot;:&quot;carousel&quot;,&quot;effect&quot;:&quot;slide&quot;,&quot;show_arrows&quot;:&quot;yes&quot;,&quot;speed&quot;:500,&quot;autoplay&quot;:&quot;yes&quot;,&quot;autoplay_speed&quot;:5000,&quot;loop&quot;:&quot;yes&quot;,&quot;pause_on_hover&quot;:&quot;yes&quot;,&quot;pause_on_interaction&quot;:&quot;yes&quot;,&quot;space_between_tablet&quot;:{&quot;unit&quot;:&quot;px&quot;,&quot;size&quot;:10,&quot;sizes&quot;:[]},&quot;space_between_mobile&quot;:{&quot;unit&quot;:&quot;px&quot;,&quot;size&quot;:10,&quot;sizes&quot;:[]}}\" data-widget_type=\"media-carousel.default\">\n\t\t\t\t\t\t\t\t\t\t<div class=\"elementor-main-swiper swiper\" role=\"region\" aria-roledescription=\"carousel\" aria-label=\"Slides\">\n\t\t\t\t<div class=\"swiper-wrapper\">\n\t\t\t\t\t\t\t\t\t\t\t<div class=\"swiper-slide\" role=\"group\" aria-roledescription=\"slide\">\n\t\t\t\t\t\t\t\t\t<div class=\"elementor-carousel-image\" role=\"img\" aria-label=\"DCF 1.0\" style=\"background-image: url(&#039;https:\/\/www.byenhof.nl\/wp-content\/uploads\/2026\/02\/PICT0010.jpg&#039;)\">\n\n\t\t\t\n\t\t\t\t\t<\/div>\n\t\t\t\t\t\t\t\t<\/div>\n\t\t\t\t\t\t\t\t\t\t\t<div class=\"swiper-slide\" role=\"group\" aria-roledescription=\"slide\">\n\t\t\t\t\t\t\t\t\t<div class=\"elementor-carousel-image\" role=\"img\" aria-label=\"DCF 1.0\" style=\"background-image: url(&#039;https:\/\/www.byenhof.nl\/wp-content\/uploads\/2026\/02\/PICT0009.jpg&#039;)\">\n\n\t\t\t\n\t\t\t\t\t<\/div>\n\t\t\t\t\t\t\t\t<\/div>\n\t\t\t\t\t\t\t\t\t\t\t<div class=\"swiper-slide\" role=\"group\" aria-roledescription=\"slide\">\n\t\t\t\t\t\t\t\t\t<div class=\"elementor-carousel-image\" role=\"img\" aria-label=\"1\" style=\"background-image: url(&#039;https:\/\/www.byenhof.nl\/wp-content\/uploads\/2026\/02\/1-1.jpg&#039;)\">\n\n\t\t\t\n\t\t\t\t\t<\/div>\n\t\t\t\t\t\t\t\t<\/div>\n\t\t\t\t\t\t\t\t\t\t\t<div class=\"swiper-slide\" role=\"group\" aria-roledescription=\"slide\">\n\t\t\t\t\t\t\t\t\t<div class=\"elementor-carousel-image\" role=\"img\" aria-label=\"33\" style=\"background-image: url(&#039;https:\/\/www.byenhof.nl\/wp-content\/uploads\/2026\/02\/33.jpg&#039;)\">\n\n\t\t\t\n\t\t\t\t\t<\/div>\n\t\t\t\t\t\t\t\t<\/div>\n\t\t\t\t\t\t\t\t\t<\/div>\n\t\t\t\t\t\t\t\t\t\t\t\t\t\t\t<div class=\"elementor-swiper-button elementor-swiper-button-prev\" role=\"button\" tabindex=\"0\" aria-label=\"Voriger\">\n\t\t\t\t\t\t\t<svg aria-hidden=\"true\" class=\"e-font-icon-svg e-eicon-chevron-left\" viewBox=\"0 0 1000 1000\" xmlns=\"http:\/\/www.w3.org\/2000\/svg\"><path d=\"M646 125C629 125 613 133 604 142L308 442C296 454 292 471 292 487 292 504 296 521 308 533L604 854C617 867 629 875 646 875 663 875 679 871 692 858 704 846 713 829 713 812 713 796 708 779 692 767L438 487 692 225C700 217 708 204 708 187 708 171 704 154 692 142 675 129 663 125 646 125Z\"><\/path><\/svg>\t\t\t\t\t\t<\/div>\n\t\t\t\t\t\t<div class=\"elementor-swiper-button elementor-swiper-button-next\" role=\"button\" tabindex=\"0\" aria-label=\"N\u00e4chster\">\n\t\t\t\t\t\t\t<svg aria-hidden=\"true\" class=\"e-font-icon-svg e-eicon-chevron-right\" viewBox=\"0 0 1000 1000\" xmlns=\"http:\/\/www.w3.org\/2000\/svg\"><path d=\"M696 533C708 521 713 504 713 487 713 471 708 454 696 446L400 146C388 133 375 125 354 125 338 125 325 129 313 142 300 154 292 171 292 187 292 204 296 221 308 233L563 492 304 771C292 783 288 800 288 817 288 833 296 850 308 863 321 871 338 875 354 875 371 875 388 867 400 854L696 533Z\"><\/path><\/svg>\t\t\t\t\t\t<\/div>\n\t\t\t\t\t\t\t\t\t\t\t\t\t\t\t\t\t<\/div>\n\t\t\t\t\t\t\t\t<\/div>\n\t\t\t\t\t<\/div>\n\t\t\t\t<\/div>\n\t\t\t\t<\/div>\n\t\t","protected":false},"excerpt":{"rendered":"<p>Schwingt\u00fcren Pendelt\u00fcren sind eine praktische und effiziente L\u00f6sung f\u00fcr Durchg\u00e4nge mit viel Lauf- und Verkehrsaufkommen. Die Pendelt\u00fcren von Byenhof Bedrijfsdeuren kombinieren Benutzerfreundlichkeit, Sicherheit und Langlebigkeit in einem durchdachten, ma\u00dfgefertigten Produkt. Mehr entdecken Unsere Pendelt\u00fcren sind in verschiedenen Ausf\u00fchrungen erh\u00e4ltlich und k\u00f6nnen vollst\u00e4ndig auf die Anwendung und Nutzungsintensit\u00e4t abgestimmt werden. So sind die T\u00fcren mit oder [&hellip;]<\/p>\n","protected":false},"author":1,"featured_media":0,"parent":3733,"menu_order":0,"comment_status":"closed","ping_status":"closed","template":"elementor_header_footer","meta":{"footnotes":""},"class_list":["post-3663","page","type-page","status-publish","hentry"],"yoast_head":"<!-- This site is optimized with the Yoast SEO plugin v27.1.1 - https:\/\/yoast.com\/product\/yoast-seo-wordpress\/ -->\n<title>Schwingt\u00fcren - Byenhof Bedrijfsdeuren<\/title>\n<meta name=\"robots\" content=\"index, follow, max-snippet:-1, max-image-preview:large, max-video-preview:-1\" \/>\n<link rel=\"canonical\" href=\"https:\/\/www.byenhof.nl\/de\/industrietore\/schwingtueren\/\" \/>\n<meta property=\"og:locale\" content=\"de_DE\" \/>\n<meta property=\"og:type\" content=\"article\" \/>\n<meta property=\"og:title\" content=\"Schwingt\u00fcren - Byenhof Bedrijfsdeuren\" \/>\n<meta property=\"og:description\" content=\"Schwingt\u00fcren Pendelt\u00fcren sind eine praktische und effiziente L\u00f6sung f\u00fcr Durchg\u00e4nge mit viel Lauf- und Verkehrsaufkommen. Die Pendelt\u00fcren von Byenhof Bedrijfsdeuren kombinieren Benutzerfreundlichkeit, Sicherheit und Langlebigkeit in einem durchdachten, ma\u00dfgefertigten Produkt. Mehr entdecken Unsere Pendelt\u00fcren sind in verschiedenen Ausf\u00fchrungen erh\u00e4ltlich und k\u00f6nnen vollst\u00e4ndig auf die Anwendung und Nutzungsintensit\u00e4t abgestimmt werden. So sind die T\u00fcren mit oder [&hellip;]\" \/>\n<meta property=\"og:url\" content=\"https:\/\/www.byenhof.nl\/de\/industrietore\/schwingtueren\/\" \/>\n<meta property=\"og:site_name\" content=\"Byenhof Bedrijfsdeuren\" \/>\n<meta property=\"article:publisher\" content=\"https:\/\/www.facebook.com\/Byenhof-AK-Techniek-BV-219453718085032\" \/>\n<meta property=\"article:modified_time\" content=\"2026-02-03T12:59:27+00:00\" \/>\n<meta property=\"og:image\" content=\"https:\/\/www.byenhof.nl\/wp-content\/uploads\/2026\/01\/tochtdeuren-1-1024x768-1-990x545-1.jpg\" \/>\n\t<meta property=\"og:image:width\" content=\"990\" \/>\n\t<meta property=\"og:image:height\" content=\"545\" \/>\n\t<meta property=\"og:image:type\" content=\"image\/jpeg\" \/>\n<meta name=\"twitter:card\" content=\"summary_large_image\" \/>\n<meta name=\"twitter:site\" content=\"@byenhof\" \/>\n<meta name=\"twitter:label1\" content=\"Gesch\u00e4tzte Lesezeit\" \/>\n\t<meta name=\"twitter:data1\" content=\"1\u00a0Minute\" \/>\n<script type=\"application\/ld+json\" class=\"yoast-schema-graph\">{\"@context\":\"https:\/\/schema.org\",\"@graph\":[{\"@type\":\"WebPage\",\"@id\":\"https:\/\/www.byenhof.nl\/de\/industrietore\/schwingtueren\/\",\"url\":\"https:\/\/www.byenhof.nl\/de\/industrietore\/schwingtueren\/\",\"name\":\"Schwingt\u00fcren - Byenhof Bedrijfsdeuren\",\"isPartOf\":{\"@id\":\"https:\/\/www.byenhof.nl\/#website\"},\"primaryImageOfPage\":{\"@id\":\"https:\/\/www.byenhof.nl\/de\/industrietore\/schwingtueren\/#primaryimage\"},\"image\":{\"@id\":\"https:\/\/www.byenhof.nl\/de\/industrietore\/schwingtueren\/#primaryimage\"},\"thumbnailUrl\":\"https:\/\/www.byenhof.nl\/wp-content\/uploads\/2026\/01\/tochtdeuren-1-1024x768-1-990x545-1.jpg\",\"datePublished\":\"2026-01-27T15:22:30+00:00\",\"dateModified\":\"2026-02-03T12:59:27+00:00\",\"breadcrumb\":{\"@id\":\"https:\/\/www.byenhof.nl\/de\/industrietore\/schwingtueren\/#breadcrumb\"},\"inLanguage\":\"de\",\"potentialAction\":[{\"@type\":\"ReadAction\",\"target\":[\"https:\/\/www.byenhof.nl\/de\/industrietore\/schwingtueren\/\"]}]},{\"@type\":\"ImageObject\",\"inLanguage\":\"de\",\"@id\":\"https:\/\/www.byenhof.nl\/de\/industrietore\/schwingtueren\/#primaryimage\",\"url\":\"https:\/\/www.byenhof.nl\/wp-content\/uploads\/2026\/01\/tochtdeuren-1-1024x768-1-990x545-1.jpg\",\"contentUrl\":\"https:\/\/www.byenhof.nl\/wp-content\/uploads\/2026\/01\/tochtdeuren-1-1024x768-1-990x545-1.jpg\"},{\"@type\":\"BreadcrumbList\",\"@id\":\"https:\/\/www.byenhof.nl\/de\/industrietore\/schwingtueren\/#breadcrumb\",\"itemListElement\":[{\"@type\":\"ListItem\",\"position\":1,\"name\":\"Startseite\",\"item\":\"https:\/\/www.byenhof.nl\/de\/startseite\/\"},{\"@type\":\"ListItem\",\"position\":2,\"name\":\"Industrietore\",\"item\":\"https:\/\/www.byenhof.nl\/de\/industrietore\/\"},{\"@type\":\"ListItem\",\"position\":3,\"name\":\"Schwingt\u00fcren\"}]},{\"@type\":\"WebSite\",\"@id\":\"https:\/\/www.byenhof.nl\/#website\",\"url\":\"https:\/\/www.byenhof.nl\/\",\"name\":\"Byenhof Bedrijfsdeuren\",\"description\":\"\",\"publisher\":{\"@id\":\"https:\/\/www.byenhof.nl\/#organization\"},\"potentialAction\":[{\"@type\":\"SearchAction\",\"target\":{\"@type\":\"EntryPoint\",\"urlTemplate\":\"https:\/\/www.byenhof.nl\/?s={search_term_string}\"},\"query-input\":{\"@type\":\"PropertyValueSpecification\",\"valueRequired\":true,\"valueName\":\"search_term_string\"}}],\"inLanguage\":\"de\"},{\"@type\":\"Organization\",\"@id\":\"https:\/\/www.byenhof.nl\/#organization\",\"name\":\"Byenhof Bedrijfsdeuren\",\"url\":\"https:\/\/www.byenhof.nl\/\",\"logo\":{\"@type\":\"ImageObject\",\"inLanguage\":\"de\",\"@id\":\"https:\/\/www.byenhof.nl\/#\/schema\/logo\/image\/\",\"url\":\"https:\/\/www.byenhof.nl\/wp-content\/uploads\/2026\/01\/Byenhof-Bedrijfsdeuren-zwart-wit-wit_25.jpg\",\"contentUrl\":\"https:\/\/www.byenhof.nl\/wp-content\/uploads\/2026\/01\/Byenhof-Bedrijfsdeuren-zwart-wit-wit_25.jpg\",\"caption\":\"Byenhof Bedrijfsdeuren\"},\"image\":{\"@id\":\"https:\/\/www.byenhof.nl\/#\/schema\/logo\/image\/\"},\"sameAs\":[\"https:\/\/www.facebook.com\/Byenhof-AK-Techniek-BV-219453718085032\",\"https:\/\/x.com\/byenhof\",\"https:\/\/www.youtube.com\/channel\/UCsru8FAZlgDK3Iy0zXfHwiA\"]}]}<\/script>\n<!-- \/ Yoast SEO plugin. -->","yoast_head_json":{"title":"Schwingt\u00fcren - Byenhof Bedrijfsdeuren","robots":{"index":"index","follow":"follow","max-snippet":"max-snippet:-1","max-image-preview":"max-image-preview:large","max-video-preview":"max-video-preview:-1"},"canonical":"https:\/\/www.byenhof.nl\/de\/industrietore\/schwingtueren\/","og_locale":"de_DE","og_type":"article","og_title":"Schwingt\u00fcren - Byenhof Bedrijfsdeuren","og_description":"Schwingt\u00fcren Pendelt\u00fcren sind eine praktische und effiziente L\u00f6sung f\u00fcr Durchg\u00e4nge mit viel Lauf- und Verkehrsaufkommen. Die Pendelt\u00fcren von Byenhof Bedrijfsdeuren kombinieren Benutzerfreundlichkeit, Sicherheit und Langlebigkeit in einem durchdachten, ma\u00dfgefertigten Produkt. Mehr entdecken Unsere Pendelt\u00fcren sind in verschiedenen Ausf\u00fchrungen erh\u00e4ltlich und k\u00f6nnen vollst\u00e4ndig auf die Anwendung und Nutzungsintensit\u00e4t abgestimmt werden. So sind die T\u00fcren mit oder [&hellip;]","og_url":"https:\/\/www.byenhof.nl\/de\/industrietore\/schwingtueren\/","og_site_name":"Byenhof Bedrijfsdeuren","article_publisher":"https:\/\/www.facebook.com\/Byenhof-AK-Techniek-BV-219453718085032","article_modified_time":"2026-02-03T12:59:27+00:00","og_image":[{"width":990,"height":545,"url":"https:\/\/www.byenhof.nl\/wp-content\/uploads\/2026\/01\/tochtdeuren-1-1024x768-1-990x545-1.jpg","type":"image\/jpeg"}],"twitter_card":"summary_large_image","twitter_site":"@byenhof","twitter_misc":{"Gesch\u00e4tzte Lesezeit":"1\u00a0Minute"},"schema":{"@context":"https:\/\/schema.org","@graph":[{"@type":"WebPage","@id":"https:\/\/www.byenhof.nl\/de\/industrietore\/schwingtueren\/","url":"https:\/\/www.byenhof.nl\/de\/industrietore\/schwingtueren\/","name":"Schwingt\u00fcren - Byenhof Bedrijfsdeuren","isPartOf":{"@id":"https:\/\/www.byenhof.nl\/#website"},"primaryImageOfPage":{"@id":"https:\/\/www.byenhof.nl\/de\/industrietore\/schwingtueren\/#primaryimage"},"image":{"@id":"https:\/\/www.byenhof.nl\/de\/industrietore\/schwingtueren\/#primaryimage"},"thumbnailUrl":"https:\/\/www.byenhof.nl\/wp-content\/uploads\/2026\/01\/tochtdeuren-1-1024x768-1-990x545-1.jpg","datePublished":"2026-01-27T15:22:30+00:00","dateModified":"2026-02-03T12:59:27+00:00","breadcrumb":{"@id":"https:\/\/www.byenhof.nl\/de\/industrietore\/schwingtueren\/#breadcrumb"},"inLanguage":"de","potentialAction":[{"@type":"ReadAction","target":["https:\/\/www.byenhof.nl\/de\/industrietore\/schwingtueren\/"]}]},{"@type":"ImageObject","inLanguage":"de","@id":"https:\/\/www.byenhof.nl\/de\/industrietore\/schwingtueren\/#primaryimage","url":"https:\/\/www.byenhof.nl\/wp-content\/uploads\/2026\/01\/tochtdeuren-1-1024x768-1-990x545-1.jpg","contentUrl":"https:\/\/www.byenhof.nl\/wp-content\/uploads\/2026\/01\/tochtdeuren-1-1024x768-1-990x545-1.jpg"},{"@type":"BreadcrumbList","@id":"https:\/\/www.byenhof.nl\/de\/industrietore\/schwingtueren\/#breadcrumb","itemListElement":[{"@type":"ListItem","position":1,"name":"Startseite","item":"https:\/\/www.byenhof.nl\/de\/startseite\/"},{"@type":"ListItem","position":2,"name":"Industrietore","item":"https:\/\/www.byenhof.nl\/de\/industrietore\/"},{"@type":"ListItem","position":3,"name":"Schwingt\u00fcren"}]},{"@type":"WebSite","@id":"https:\/\/www.byenhof.nl\/#website","url":"https:\/\/www.byenhof.nl\/","name":"Byenhof Bedrijfsdeuren","description":"","publisher":{"@id":"https:\/\/www.byenhof.nl\/#organization"},"potentialAction":[{"@type":"SearchAction","target":{"@type":"EntryPoint","urlTemplate":"https:\/\/www.byenhof.nl\/?s={search_term_string}"},"query-input":{"@type":"PropertyValueSpecification","valueRequired":true,"valueName":"search_term_string"}}],"inLanguage":"de"},{"@type":"Organization","@id":"https:\/\/www.byenhof.nl\/#organization","name":"Byenhof Bedrijfsdeuren","url":"https:\/\/www.byenhof.nl\/","logo":{"@type":"ImageObject","inLanguage":"de","@id":"https:\/\/www.byenhof.nl\/#\/schema\/logo\/image\/","url":"https:\/\/www.byenhof.nl\/wp-content\/uploads\/2026\/01\/Byenhof-Bedrijfsdeuren-zwart-wit-wit_25.jpg","contentUrl":"https:\/\/www.byenhof.nl\/wp-content\/uploads\/2026\/01\/Byenhof-Bedrijfsdeuren-zwart-wit-wit_25.jpg","caption":"Byenhof Bedrijfsdeuren"},"image":{"@id":"https:\/\/www.byenhof.nl\/#\/schema\/logo\/image\/"},"sameAs":["https:\/\/www.facebook.com\/Byenhof-AK-Techniek-BV-219453718085032","https:\/\/x.com\/byenhof","https:\/\/www.youtube.com\/channel\/UCsru8FAZlgDK3Iy0zXfHwiA"]}]}},"_links":{"self":[{"href":"https:\/\/www.byenhof.nl\/de\/wp-json\/wp\/v2\/pages\/3663","targetHints":{"allow":["GET"]}}],"collection":[{"href":"https:\/\/www.byenhof.nl\/de\/wp-json\/wp\/v2\/pages"}],"about":[{"href":"https:\/\/www.byenhof.nl\/de\/wp-json\/wp\/v2\/types\/page"}],"author":[{"embeddable":true,"href":"https:\/\/www.byenhof.nl\/de\/wp-json\/wp\/v2\/users\/1"}],"replies":[{"embeddable":true,"href":"https:\/\/www.byenhof.nl\/de\/wp-json\/wp\/v2\/comments?post=3663"}],"version-history":[{"count":8,"href":"https:\/\/www.byenhof.nl\/de\/wp-json\/wp\/v2\/pages\/3663\/revisions"}],"predecessor-version":[{"id":4950,"href":"https:\/\/www.byenhof.nl\/de\/wp-json\/wp\/v2\/pages\/3663\/revisions\/4950"}],"up":[{"embeddable":true,"href":"https:\/\/www.byenhof.nl\/de\/wp-json\/wp\/v2\/pages\/3733"}],"wp:attachment":[{"href":"https:\/\/www.byenhof.nl\/de\/wp-json\/wp\/v2\/media?parent=3663"}],"curies":[{"name":"wp","href":"https:\/\/api.w.org\/{rel}","templated":true}]}}