{"id":3777,"date":"2026-01-27T16:23:52","date_gmt":"2026-01-27T15:23:52","guid":{"rendered":"https:\/\/www.byenhof.nl\/industrietore\/megatore\/"},"modified":"2026-02-03T13:49:59","modified_gmt":"2026-02-03T12:49:59","slug":"megatore","status":"publish","type":"page","link":"https:\/\/www.byenhof.nl\/de\/industrietore\/megatore\/","title":{"rendered":"Megatore"},"content":{"rendered":"\t\t<div data-elementor-type=\"wp-page\" data-elementor-id=\"3777\" class=\"elementor elementor-3777 elementor-2144\" data-elementor-post-type=\"page\">\n\t\t\t\t<div class=\"elementor-element elementor-element-4a013c65 e-flex e-con-boxed e-con e-parent\" data-id=\"4a013c65\" data-element_type=\"container\" data-e-type=\"container\" data-settings=\"{&quot;background_background&quot;:&quot;classic&quot;}\">\n\t\t\t\t\t<div class=\"e-con-inner\">\n\t\t\t\t<div class=\"elementor-element elementor-element-7a443d44 elementor-widget elementor-widget-breadcrumbs\" data-id=\"7a443d44\" data-element_type=\"widget\" data-e-type=\"widget\" data-widget_type=\"breadcrumbs.default\">\n\t\t\t\t\t<p id=\"breadcrumbs\"><span><span><a href=\"https:\/\/www.byenhof.nl\/de\/startseite\/\">Startseite<\/a><\/span><\/span><\/p>\t\t\t\t<\/div>\n\t\t\t\t\t<\/div>\n\t\t\t\t<\/div>\n\t\t<div class=\"elementor-element elementor-element-781d35e8 e-flex e-con-boxed e-con e-parent\" data-id=\"781d35e8\" data-element_type=\"container\" data-e-type=\"container\" data-settings=\"{&quot;background_background&quot;:&quot;classic&quot;}\">\n\t\t\t\t\t<div class=\"e-con-inner\">\n\t\t<div class=\"elementor-element elementor-element-1fa0be3 e-con-full e-flex e-con e-child\" data-id=\"1fa0be3\" data-element_type=\"container\" data-e-type=\"container\">\n\t\t\t\t<div class=\"elementor-element elementor-element-2d7ee4b5 elementor-widget elementor-widget-heading\" data-id=\"2d7ee4b5\" data-element_type=\"widget\" data-e-type=\"widget\" data-widget_type=\"heading.default\">\n\t\t\t\t\t<h1 class=\"elementor-heading-title elementor-size-default\">Megatore<\/h1>\t\t\t\t<\/div>\n\t\t\t\t<div class=\"elementor-element elementor-element-537d79b8 elementor-widget elementor-widget-text-editor\" data-id=\"537d79b8\" data-element_type=\"widget\" data-e-type=\"widget\" data-widget_type=\"text-editor.default\">\n\t\t\t\t\t\t\t\t\t<p>Unsere Megatore sind speziell f\u00fcr Anwendungen entwickelt, bei denen Standardl\u00f6sungen nicht ausreichen. Diese extra gro\u00dfen Industrietore werden vollst\u00e4ndig ma\u00dfgeschneidert entworfen und produziert, wobei Funktionalit\u00e4t, Zuverl\u00e4ssigkeit und Sicherheit im Vordergrund stehen. Dank verschiedener Ausf\u00fchrungen, Bedienm\u00f6glichkeiten, Ausf\u00fchrungen und Einbauoptionen bieten wir f\u00fcr jede Situation eine passende L\u00f6sung. Unsere Megatore kombinieren robuste Technik mit sorgf\u00e4ltiger Verarbeitung und sind f\u00fcr den intensiven industriellen Einsatz geeignet.   <\/p>\t\t\t\t\t\t\t\t<\/div>\n\t\t\t\t<\/div>\n\t\t<div class=\"elementor-element elementor-element-6c4f3e15 e-con-full e-flex e-con e-child\" data-id=\"6c4f3e15\" data-element_type=\"container\" data-e-type=\"container\">\n\t\t\t\t<div class=\"elementor-element elementor-element-7c8642d3 elementor-absolute teaser__image elementor-widget elementor-widget-image\" data-id=\"7c8642d3\" data-element_type=\"widget\" data-e-type=\"widget\" data-settings=\"{&quot;_position&quot;:&quot;absolute&quot;}\" data-widget_type=\"image.default\">\n\t\t\t\t\t\t\t\t\t\t\t\t\t\t\t<img fetchpriority=\"high\" decoding=\"async\" width=\"2560\" height=\"1920\" src=\"https:\/\/www.byenhof.nl\/wp-content\/uploads\/2026\/02\/IMG_3152-scaled.jpg\" class=\"attachment-large size-large wp-image-4443\" alt=\"\" srcset=\"https:\/\/www.byenhof.nl\/wp-content\/uploads\/2026\/02\/IMG_3152-scaled.jpg 2560w, https:\/\/www.byenhof.nl\/wp-content\/uploads\/2026\/02\/IMG_3152-768x576.jpg 768w, https:\/\/www.byenhof.nl\/wp-content\/uploads\/2026\/02\/IMG_3152-1536x1152.jpg 1536w, https:\/\/www.byenhof.nl\/wp-content\/uploads\/2026\/02\/IMG_3152-2048x1536.jpg 2048w\" sizes=\"(max-width: 2560px) 100vw, 2560px\" \/>\t\t\t\t\t\t\t\t\t\t\t\t\t\t\t<\/div>\n\t\t\t\t<\/div>\n\t\t\t\t\t<\/div>\n\t\t\t\t<\/div>\n\t\t<div class=\"elementor-element elementor-element-7e02e0de e-flex e-con-boxed e-con e-parent\" data-id=\"7e02e0de\" data-element_type=\"container\" data-e-type=\"container\">\n\t\t\t\t\t<div class=\"e-con-inner\">\n\t\t\t\t<div class=\"elementor-element elementor-element-e1fac3e elementor-align-center elementor-icon-list--layout-traditional elementor-list-item-link-full_width elementor-widget elementor-widget-icon-list\" data-id=\"e1fac3e\" data-element_type=\"widget\" data-e-type=\"widget\" data-widget_type=\"icon-list.default\">\n\t\t\t\t\t\t\t<ul class=\"elementor-icon-list-items\">\n\t\t\t\t\t\t\t<li class=\"elementor-icon-list-item\">\n\t\t\t\t\t\t\t\t\t\t\t<a href=\"#ontdek\">\n\n\t\t\t\t\t\t\t\t\t\t\t\t<span class=\"elementor-icon-list-icon\">\n\t\t\t\t\t\t\t<svg aria-hidden=\"true\" class=\"e-font-icon-svg e-fas-chevron-circle-down\" viewBox=\"0 0 512 512\" xmlns=\"http:\/\/www.w3.org\/2000\/svg\"><path d=\"M504 256c0 137-111 248-248 248S8 393 8 256 119 8 256 8s248 111 248 248zM273 369.9l135.5-135.5c9.4-9.4 9.4-24.6 0-33.9l-17-17c-9.4-9.4-24.6-9.4-33.9 0L256 285.1 154.4 183.5c-9.4-9.4-24.6-9.4-33.9 0l-17 17c-9.4 9.4-9.4 24.6 0 33.9L239 369.9c9.4 9.4 24.6 9.4 34 0z\"><\/path><\/svg>\t\t\t\t\t\t<\/span>\n\t\t\t\t\t\t\t\t\t\t<span class=\"elementor-icon-list-text\">Mehr entdecken<\/span>\n\t\t\t\t\t\t\t\t\t\t\t<\/a>\n\t\t\t\t\t\t\t\t\t<\/li>\n\t\t\t\t\t\t<\/ul>\n\t\t\t\t\t\t<\/div>\n\t\t\t\t\t<\/div>\n\t\t\t\t<\/div>\n\t\t<div class=\"elementor-element elementor-element-64ddeb56 e-flex e-con-boxed e-con e-parent\" data-id=\"64ddeb56\" data-element_type=\"container\" data-e-type=\"container\">\n\t\t\t\t\t<div class=\"e-con-inner\">\n\t\t<div class=\"elementor-element elementor-element-327e34cf e-con-full detail e-flex e-con e-child\" data-id=\"327e34cf\" data-element_type=\"container\" data-e-type=\"container\">\n\t\t\t\t<div class=\"elementor-element elementor-element-1b7d8e5b elementor-widget elementor-widget-text-editor\" data-id=\"1b7d8e5b\" data-element_type=\"widget\" data-e-type=\"widget\" id=\"ontdek\" data-widget_type=\"text-editor.default\">\n\t\t\t\t\t\t\t\t\t<h2 data-start=\"178\" data-end=\"199\">Mega-Industrietore<\/h2><p data-start=\"201\" data-end=\"527\">Byenhof Bedrijfsdeuren ist spezialisiert auf die Entwicklung, Produktion und Montage von Mega-Industrietoren f\u00fcr Situationen, in denen Standardl\u00f6sungen nicht ausreichen. Diese extra gro\u00dfen Industrietore werden zum Verschlie\u00dfen von sehr gro\u00dfen \u00d6ffnungen eingesetzt, beispielsweise in der Logistik, Industrie, im Schiffbau oder in der Luftfahrt. <\/p><p data-start=\"529\" data-end=\"913\">Wir liefern unter anderem Mega-Sektionaltore und Mega-Rolltore, vollst\u00e4ndig ma\u00dfgefertigt und auf die spezifische Anwendung abgestimmt. Abmessungen bis zu 30 Meter Breite stellen dabei keine Einschr\u00e4nkung dar. Durch intelligente technische L\u00f6sungen, wie automatisch mitdrehende Mittelpfosten, und fachgerechte Montage vor Ort garantieren wir eine zuverl\u00e4ssige und sichere Funktion.  <\/p><h2 data-start=\"915\" data-end=\"936\">Megatore nach Ma\u00df<\/h2><p data-start=\"938\" data-end=\"1222\">Jedes Megator ist Ma\u00dfarbeit. Ob es sich um gro\u00dfe Spannweiten, spezifische Anforderungen im Bereich Isolation, Sicherheit oder Bedienung handelt: Byenhof Bedrijfsdeuren denkt vom ersten Entwurf an mit. So realisieren wir L\u00f6sungen, die funktional, nachhaltig und passend innerhalb der baulichen Situation sind.  <\/p><h2 data-start=\"1224\" data-end=\"1236\">Arbeitsweise<\/h2><p data-start=\"1238\" data-end=\"1475\">Byenhof Bedrijfsdeuren begleitet das gesamte Projekt: von der Beratung und dem Engineering bis zur Produktion und Montage. Dank kurzer Wege und gro\u00dfer Erfahrung sorgen wir f\u00fcr eine effiziente Ausf\u00fchrung und ein Endprodukt, das allen gestellten Anforderungen entspricht. <\/p><p data-start=\"1477\" data-end=\"1579\">M\u00f6chten Sie mehr \u00fcber unsere <strong><span style=\"color: #993300;\"><a style=\"color: #993300;\" href=\"https:\/\/www.byenhof.nl\/de\/massanfertigung\/arbeitsweise\/\">Arbeitsweise<\/a><\/span><\/strong> oder die M\u00f6glichkeiten f\u00fcr Ihr Projekt erfahren? Wir informieren Sie gerne. <\/p>\t\t\t\t\t\t\t\t<\/div>\n\t\t\t\t<\/div>\n\t\t\t\t\t<\/div>\n\t\t\t\t<\/div>\n\t\t<div class=\"elementor-element elementor-element-2d1470a7 e-flex e-con-boxed e-con e-parent\" data-id=\"2d1470a7\" data-element_type=\"container\" data-e-type=\"container\">\n\t\t\t\t\t<div class=\"e-con-inner\">\n\t\t\t\t<div class=\"elementor-element elementor-element-739ed75f elementor-widget elementor-widget-heading\" data-id=\"739ed75f\" data-element_type=\"widget\" data-e-type=\"widget\" data-widget_type=\"heading.default\">\n\t\t\t\t\t<h3 class=\"elementor-heading-title elementor-size-default\">Lassen Sie sich von unseren Megatoren inspirieren<\/h3>\t\t\t\t<\/div>\n\t\t\t\t\t<\/div>\n\t\t\t\t<\/div>\n\t\t<div class=\"elementor-element elementor-element-424eac82 e-flex e-con-boxed e-con e-parent\" data-id=\"424eac82\" data-element_type=\"container\" data-e-type=\"container\">\n\t\t\t\t\t<div class=\"e-con-inner\">\n\t\t\t\t<div class=\"elementor-element elementor-element-5ca429f9 elementor-skin-carousel elementor-arrows-yes elementor-widget elementor-widget-media-carousel\" data-id=\"5ca429f9\" data-element_type=\"widget\" data-e-type=\"widget\" data-settings=\"{&quot;slides_per_view&quot;:&quot;4&quot;,&quot;space_between&quot;:{&quot;unit&quot;:&quot;px&quot;,&quot;size&quot;:20,&quot;sizes&quot;:[]},&quot;skin&quot;:&quot;carousel&quot;,&quot;effect&quot;:&quot;slide&quot;,&quot;show_arrows&quot;:&quot;yes&quot;,&quot;speed&quot;:500,&quot;autoplay&quot;:&quot;yes&quot;,&quot;autoplay_speed&quot;:5000,&quot;loop&quot;:&quot;yes&quot;,&quot;pause_on_hover&quot;:&quot;yes&quot;,&quot;pause_on_interaction&quot;:&quot;yes&quot;,&quot;space_between_tablet&quot;:{&quot;unit&quot;:&quot;px&quot;,&quot;size&quot;:10,&quot;sizes&quot;:[]},&quot;space_between_mobile&quot;:{&quot;unit&quot;:&quot;px&quot;,&quot;size&quot;:10,&quot;sizes&quot;:[]}}\" data-widget_type=\"media-carousel.default\">\n\t\t\t\t\t\t\t\t\t\t<div class=\"elementor-main-swiper swiper\" role=\"region\" aria-roledescription=\"carousel\" aria-label=\"Slides\">\n\t\t\t\t<div class=\"swiper-wrapper\">\n\t\t\t\t\t\t\t\t\t\t\t<div class=\"swiper-slide\" role=\"group\" aria-roledescription=\"slide\">\n\t\t\t\t\t\t\t\t\t<div class=\"elementor-carousel-image\" role=\"img\" aria-label=\"IMG_0250\" style=\"background-image: url(&#039;https:\/\/www.byenhof.nl\/wp-content\/uploads\/2026\/02\/IMG_0250-2.jpg&#039;)\">\n\n\t\t\t\n\t\t\t\t\t<\/div>\n\t\t\t\t\t\t\t\t<\/div>\n\t\t\t\t\t\t\t\t\t\t\t<div class=\"swiper-slide\" role=\"group\" aria-roledescription=\"slide\">\n\t\t\t\t\t\t\t\t\t<div class=\"elementor-carousel-image\" role=\"img\" aria-label=\"Rolltore-660x720\" style=\"background-image: url(&#039;https:\/\/www.byenhof.nl\/wp-content\/uploads\/2026\/01\/Roldeuren-660x720-1.jpg&#039;)\">\n\n\t\t\t\n\t\t\t\t\t<\/div>\n\t\t\t\t\t\t\t\t<\/div>\n\t\t\t\t\t\t\t\t\t\t\t<div class=\"swiper-slide\" role=\"group\" aria-roledescription=\"slide\">\n\t\t\t\t\t\t\t\t\t<div class=\"elementor-carousel-image\" role=\"img\" aria-label=\"megarolltor-2-1024x768-1-660x720\" style=\"background-image: url(&#039;https:\/\/www.byenhof.nl\/wp-content\/uploads\/2026\/01\/megaroldeur-2-1024x768-1-660x720-1.jpg&#039;)\">\n\n\t\t\t\n\t\t\t\t\t<\/div>\n\t\t\t\t\t\t\t\t<\/div>\n\t\t\t\t\t\t\t\t\t\t\t<div class=\"swiper-slide\" role=\"group\" aria-roledescription=\"slide\">\n\t\t\t\t\t\t\t\t\t<div class=\"elementor-carousel-image\" role=\"img\" aria-label=\"schuifdeur-kemkro-5-1024x682-1-660x682\" style=\"background-image: url(&#039;https:\/\/www.byenhof.nl\/wp-content\/uploads\/2026\/01\/schuifdeur-kemkro-5-1024x682-1-660x682-1.jpg&#039;)\">\n\n\t\t\t\n\t\t\t\t\t<\/div>\n\t\t\t\t\t\t\t\t<\/div>\n\t\t\t\t\t\t\t\t\t\t\t<div class=\"swiper-slide\" role=\"group\" aria-roledescription=\"slide\">\n\t\t\t\t\t\t\t\t\t<div class=\"elementor-carousel-image\" role=\"img\" aria-label=\"Megapack (4)\" style=\"background-image: url(&#039;https:\/\/www.byenhof.nl\/wp-content\/uploads\/2026\/02\/Megapack-4.jpg&#039;)\">\n\n\t\t\t\n\t\t\t\t\t<\/div>\n\t\t\t\t\t\t\t\t<\/div>\n\t\t\t\t\t\t\t\t\t\t\t<div class=\"swiper-slide\" role=\"group\" aria-roledescription=\"slide\">\n\t\t\t\t\t\t\t\t\t<div class=\"elementor-carousel-image\" role=\"img\" aria-label=\"schuifdeur-kemkro-3-1024x682-1-660x682\" style=\"background-image: url(&#039;https:\/\/www.byenhof.nl\/wp-content\/uploads\/2026\/01\/schuifdeur-kemkro-3-1024x682-1-660x682-1.jpg&#039;)\">\n\n\t\t\t\n\t\t\t\t\t<\/div>\n\t\t\t\t\t\t\t\t<\/div>\n\t\t\t\t\t\t\t\t\t\t\t<div class=\"swiper-slide\" role=\"group\" aria-roledescription=\"slide\">\n\t\t\t\t\t\t\t\t\t<div class=\"elementor-carousel-image\" role=\"img\" aria-label=\"schuifdeur-kemkro-2-1024x768-1-660x720\" style=\"background-image: url(&#039;https:\/\/www.byenhof.nl\/wp-content\/uploads\/2026\/01\/schuifdeur-kemkro-2-1024x768-1-660x720-1.jpg&#039;)\">\n\n\t\t\t\n\t\t\t\t\t<\/div>\n\t\t\t\t\t\t\t\t<\/div>\n\t\t\t\t\t\t\t\t\t\t\t<div class=\"swiper-slide\" role=\"group\" aria-roledescription=\"slide\">\n\t\t\t\t\t\t\t\t\t<div class=\"elementor-carousel-image\" role=\"img\" aria-label=\"IMG_0247\" style=\"background-image: url(&#039;https:\/\/www.byenhof.nl\/wp-content\/uploads\/2026\/02\/IMG_0247.jpg&#039;)\">\n\n\t\t\t\n\t\t\t\t\t<\/div>\n\t\t\t\t\t\t\t\t<\/div>\n\t\t\t\t\t\t\t\t\t<\/div>\n\t\t\t\t\t\t\t\t\t\t\t\t\t\t\t<div class=\"elementor-swiper-button elementor-swiper-button-prev\" role=\"button\" tabindex=\"0\" aria-label=\"Voriger\">\n\t\t\t\t\t\t\t<svg aria-hidden=\"true\" class=\"e-font-icon-svg e-eicon-chevron-left\" viewBox=\"0 0 1000 1000\" xmlns=\"http:\/\/www.w3.org\/2000\/svg\"><path d=\"M646 125C629 125 613 133 604 142L308 442C296 454 292 471 292 487 292 504 296 521 308 533L604 854C617 867 629 875 646 875 663 875 679 871 692 858 704 846 713 829 713 812 713 796 708 779 692 767L438 487 692 225C700 217 708 204 708 187 708 171 704 154 692 142 675 129 663 125 646 125Z\"><\/path><\/svg>\t\t\t\t\t\t<\/div>\n\t\t\t\t\t\t<div class=\"elementor-swiper-button elementor-swiper-button-next\" role=\"button\" tabindex=\"0\" aria-label=\"N\u00e4chster\">\n\t\t\t\t\t\t\t<svg aria-hidden=\"true\" class=\"e-font-icon-svg e-eicon-chevron-right\" viewBox=\"0 0 1000 1000\" xmlns=\"http:\/\/www.w3.org\/2000\/svg\"><path d=\"M696 533C708 521 713 504 713 487 713 471 708 454 696 446L400 146C388 133 375 125 354 125 338 125 325 129 313 142 300 154 292 171 292 187 292 204 296 221 308 233L563 492 304 771C292 783 288 800 288 817 288 833 296 850 308 863 321 871 338 875 354 875 371 875 388 867 400 854L696 533Z\"><\/path><\/svg>\t\t\t\t\t\t<\/div>\n\t\t\t\t\t\t\t\t\t\t\t\t\t\t\t\t\t<\/div>\n\t\t\t\t\t\t\t\t<\/div>\n\t\t\t\t\t<\/div>\n\t\t\t\t<\/div>\n\t\t\t\t<\/div>\n\t\t","protected":false},"excerpt":{"rendered":"<p>Megatore Unsere Megatore sind speziell f\u00fcr Anwendungen entwickelt, bei denen Standardl\u00f6sungen nicht ausreichen. Diese extra gro\u00dfen Industrietore werden vollst\u00e4ndig ma\u00dfgeschneidert entworfen und produziert, wobei Funktionalit\u00e4t, Zuverl\u00e4ssigkeit und Sicherheit im Vordergrund stehen. Dank verschiedener Ausf\u00fchrungen, Bedienm\u00f6glichkeiten, Ausf\u00fchrungen und Einbauoptionen bieten wir f\u00fcr jede Situation eine passende L\u00f6sung. Unsere Megatore kombinieren robuste Technik mit sorgf\u00e4ltiger Verarbeitung und [&hellip;]<\/p>\n","protected":false},"author":1,"featured_media":0,"parent":3733,"menu_order":0,"comment_status":"closed","ping_status":"closed","template":"elementor_header_footer","meta":{"footnotes":""},"class_list":["post-3777","page","type-page","status-publish","hentry"],"yoast_head":"<!-- This site is optimized with the Yoast SEO plugin v27.1.1 - https:\/\/yoast.com\/product\/yoast-seo-wordpress\/ -->\n<title>Megatore - Byenhof Bedrijfsdeuren<\/title>\n<meta name=\"robots\" content=\"index, follow, max-snippet:-1, max-image-preview:large, max-video-preview:-1\" \/>\n<link rel=\"canonical\" href=\"https:\/\/www.byenhof.nl\/de\/industrietore\/megatore\/\" \/>\n<meta property=\"og:locale\" content=\"de_DE\" \/>\n<meta property=\"og:type\" content=\"article\" \/>\n<meta property=\"og:title\" content=\"Megatore - Byenhof Bedrijfsdeuren\" \/>\n<meta property=\"og:description\" content=\"Megatore Unsere Megatore sind speziell f\u00fcr Anwendungen entwickelt, bei denen Standardl\u00f6sungen nicht ausreichen. Diese extra gro\u00dfen Industrietore werden vollst\u00e4ndig ma\u00dfgeschneidert entworfen und produziert, wobei Funktionalit\u00e4t, Zuverl\u00e4ssigkeit und Sicherheit im Vordergrund stehen. Dank verschiedener Ausf\u00fchrungen, Bedienm\u00f6glichkeiten, Ausf\u00fchrungen und Einbauoptionen bieten wir f\u00fcr jede Situation eine passende L\u00f6sung. Unsere Megatore kombinieren robuste Technik mit sorgf\u00e4ltiger Verarbeitung und [&hellip;]\" \/>\n<meta property=\"og:url\" content=\"https:\/\/www.byenhof.nl\/de\/industrietore\/megatore\/\" \/>\n<meta property=\"og:site_name\" content=\"Byenhof Bedrijfsdeuren\" \/>\n<meta property=\"article:publisher\" content=\"https:\/\/www.facebook.com\/Byenhof-AK-Techniek-BV-219453718085032\" \/>\n<meta property=\"article:modified_time\" content=\"2026-02-03T12:49:59+00:00\" \/>\n<meta property=\"og:image\" content=\"https:\/\/www.byenhof.nl\/wp-content\/uploads\/2026\/02\/IMG_3152-scaled.jpg\" \/>\n\t<meta property=\"og:image:width\" content=\"2560\" \/>\n\t<meta property=\"og:image:height\" content=\"1920\" \/>\n\t<meta property=\"og:image:type\" content=\"image\/jpeg\" \/>\n<meta name=\"twitter:card\" content=\"summary_large_image\" \/>\n<meta name=\"twitter:site\" content=\"@byenhof\" \/>\n<meta name=\"twitter:label1\" content=\"Gesch\u00e4tzte Lesezeit\" \/>\n\t<meta name=\"twitter:data1\" content=\"1\u00a0Minute\" \/>\n<script type=\"application\/ld+json\" class=\"yoast-schema-graph\">{\"@context\":\"https:\/\/schema.org\",\"@graph\":[{\"@type\":\"WebPage\",\"@id\":\"https:\/\/www.byenhof.nl\/de\/industrietore\/megatore\/\",\"url\":\"https:\/\/www.byenhof.nl\/de\/industrietore\/megatore\/\",\"name\":\"Megatore - Byenhof Bedrijfsdeuren\",\"isPartOf\":{\"@id\":\"https:\/\/www.byenhof.nl\/#website\"},\"primaryImageOfPage\":{\"@id\":\"https:\/\/www.byenhof.nl\/de\/industrietore\/megatore\/#primaryimage\"},\"image\":{\"@id\":\"https:\/\/www.byenhof.nl\/de\/industrietore\/megatore\/#primaryimage\"},\"thumbnailUrl\":\"https:\/\/www.byenhof.nl\/wp-content\/uploads\/2026\/02\/IMG_3152-scaled.jpg\",\"datePublished\":\"2026-01-27T15:23:52+00:00\",\"dateModified\":\"2026-02-03T12:49:59+00:00\",\"breadcrumb\":{\"@id\":\"https:\/\/www.byenhof.nl\/de\/industrietore\/megatore\/#breadcrumb\"},\"inLanguage\":\"de\",\"potentialAction\":[{\"@type\":\"ReadAction\",\"target\":[\"https:\/\/www.byenhof.nl\/de\/industrietore\/megatore\/\"]}]},{\"@type\":\"ImageObject\",\"inLanguage\":\"de\",\"@id\":\"https:\/\/www.byenhof.nl\/de\/industrietore\/megatore\/#primaryimage\",\"url\":\"https:\/\/www.byenhof.nl\/wp-content\/uploads\/2026\/02\/IMG_3152-scaled.jpg\",\"contentUrl\":\"https:\/\/www.byenhof.nl\/wp-content\/uploads\/2026\/02\/IMG_3152-scaled.jpg\"},{\"@type\":\"BreadcrumbList\",\"@id\":\"https:\/\/www.byenhof.nl\/de\/industrietore\/megatore\/#breadcrumb\",\"itemListElement\":[{\"@type\":\"ListItem\",\"position\":1,\"name\":\"Startseite\",\"item\":\"https:\/\/www.byenhof.nl\/de\/startseite\/\"},{\"@type\":\"ListItem\",\"position\":2,\"name\":\"Industrietore\",\"item\":\"https:\/\/www.byenhof.nl\/de\/industrietore\/\"},{\"@type\":\"ListItem\",\"position\":3,\"name\":\"Megatore\"}]},{\"@type\":\"WebSite\",\"@id\":\"https:\/\/www.byenhof.nl\/#website\",\"url\":\"https:\/\/www.byenhof.nl\/\",\"name\":\"Byenhof Bedrijfsdeuren\",\"description\":\"\",\"publisher\":{\"@id\":\"https:\/\/www.byenhof.nl\/#organization\"},\"potentialAction\":[{\"@type\":\"SearchAction\",\"target\":{\"@type\":\"EntryPoint\",\"urlTemplate\":\"https:\/\/www.byenhof.nl\/?s={search_term_string}\"},\"query-input\":{\"@type\":\"PropertyValueSpecification\",\"valueRequired\":true,\"valueName\":\"search_term_string\"}}],\"inLanguage\":\"de\"},{\"@type\":\"Organization\",\"@id\":\"https:\/\/www.byenhof.nl\/#organization\",\"name\":\"Byenhof Bedrijfsdeuren\",\"url\":\"https:\/\/www.byenhof.nl\/\",\"logo\":{\"@type\":\"ImageObject\",\"inLanguage\":\"de\",\"@id\":\"https:\/\/www.byenhof.nl\/#\/schema\/logo\/image\/\",\"url\":\"https:\/\/www.byenhof.nl\/wp-content\/uploads\/2026\/01\/Byenhof-Bedrijfsdeuren-zwart-wit-wit_25.jpg\",\"contentUrl\":\"https:\/\/www.byenhof.nl\/wp-content\/uploads\/2026\/01\/Byenhof-Bedrijfsdeuren-zwart-wit-wit_25.jpg\",\"caption\":\"Byenhof Bedrijfsdeuren\"},\"image\":{\"@id\":\"https:\/\/www.byenhof.nl\/#\/schema\/logo\/image\/\"},\"sameAs\":[\"https:\/\/www.facebook.com\/Byenhof-AK-Techniek-BV-219453718085032\",\"https:\/\/x.com\/byenhof\",\"https:\/\/www.youtube.com\/channel\/UCsru8FAZlgDK3Iy0zXfHwiA\"]}]}<\/script>\n<!-- \/ Yoast SEO plugin. -->","yoast_head_json":{"title":"Megatore - Byenhof Bedrijfsdeuren","robots":{"index":"index","follow":"follow","max-snippet":"max-snippet:-1","max-image-preview":"max-image-preview:large","max-video-preview":"max-video-preview:-1"},"canonical":"https:\/\/www.byenhof.nl\/de\/industrietore\/megatore\/","og_locale":"de_DE","og_type":"article","og_title":"Megatore - Byenhof Bedrijfsdeuren","og_description":"Megatore Unsere Megatore sind speziell f\u00fcr Anwendungen entwickelt, bei denen Standardl\u00f6sungen nicht ausreichen. Diese extra gro\u00dfen Industrietore werden vollst\u00e4ndig ma\u00dfgeschneidert entworfen und produziert, wobei Funktionalit\u00e4t, Zuverl\u00e4ssigkeit und Sicherheit im Vordergrund stehen. Dank verschiedener Ausf\u00fchrungen, Bedienm\u00f6glichkeiten, Ausf\u00fchrungen und Einbauoptionen bieten wir f\u00fcr jede Situation eine passende L\u00f6sung. Unsere Megatore kombinieren robuste Technik mit sorgf\u00e4ltiger Verarbeitung und [&hellip;]","og_url":"https:\/\/www.byenhof.nl\/de\/industrietore\/megatore\/","og_site_name":"Byenhof Bedrijfsdeuren","article_publisher":"https:\/\/www.facebook.com\/Byenhof-AK-Techniek-BV-219453718085032","article_modified_time":"2026-02-03T12:49:59+00:00","og_image":[{"width":2560,"height":1920,"url":"https:\/\/www.byenhof.nl\/wp-content\/uploads\/2026\/02\/IMG_3152-scaled.jpg","type":"image\/jpeg"}],"twitter_card":"summary_large_image","twitter_site":"@byenhof","twitter_misc":{"Gesch\u00e4tzte Lesezeit":"1\u00a0Minute"},"schema":{"@context":"https:\/\/schema.org","@graph":[{"@type":"WebPage","@id":"https:\/\/www.byenhof.nl\/de\/industrietore\/megatore\/","url":"https:\/\/www.byenhof.nl\/de\/industrietore\/megatore\/","name":"Megatore - Byenhof Bedrijfsdeuren","isPartOf":{"@id":"https:\/\/www.byenhof.nl\/#website"},"primaryImageOfPage":{"@id":"https:\/\/www.byenhof.nl\/de\/industrietore\/megatore\/#primaryimage"},"image":{"@id":"https:\/\/www.byenhof.nl\/de\/industrietore\/megatore\/#primaryimage"},"thumbnailUrl":"https:\/\/www.byenhof.nl\/wp-content\/uploads\/2026\/02\/IMG_3152-scaled.jpg","datePublished":"2026-01-27T15:23:52+00:00","dateModified":"2026-02-03T12:49:59+00:00","breadcrumb":{"@id":"https:\/\/www.byenhof.nl\/de\/industrietore\/megatore\/#breadcrumb"},"inLanguage":"de","potentialAction":[{"@type":"ReadAction","target":["https:\/\/www.byenhof.nl\/de\/industrietore\/megatore\/"]}]},{"@type":"ImageObject","inLanguage":"de","@id":"https:\/\/www.byenhof.nl\/de\/industrietore\/megatore\/#primaryimage","url":"https:\/\/www.byenhof.nl\/wp-content\/uploads\/2026\/02\/IMG_3152-scaled.jpg","contentUrl":"https:\/\/www.byenhof.nl\/wp-content\/uploads\/2026\/02\/IMG_3152-scaled.jpg"},{"@type":"BreadcrumbList","@id":"https:\/\/www.byenhof.nl\/de\/industrietore\/megatore\/#breadcrumb","itemListElement":[{"@type":"ListItem","position":1,"name":"Startseite","item":"https:\/\/www.byenhof.nl\/de\/startseite\/"},{"@type":"ListItem","position":2,"name":"Industrietore","item":"https:\/\/www.byenhof.nl\/de\/industrietore\/"},{"@type":"ListItem","position":3,"name":"Megatore"}]},{"@type":"WebSite","@id":"https:\/\/www.byenhof.nl\/#website","url":"https:\/\/www.byenhof.nl\/","name":"Byenhof Bedrijfsdeuren","description":"","publisher":{"@id":"https:\/\/www.byenhof.nl\/#organization"},"potentialAction":[{"@type":"SearchAction","target":{"@type":"EntryPoint","urlTemplate":"https:\/\/www.byenhof.nl\/?s={search_term_string}"},"query-input":{"@type":"PropertyValueSpecification","valueRequired":true,"valueName":"search_term_string"}}],"inLanguage":"de"},{"@type":"Organization","@id":"https:\/\/www.byenhof.nl\/#organization","name":"Byenhof Bedrijfsdeuren","url":"https:\/\/www.byenhof.nl\/","logo":{"@type":"ImageObject","inLanguage":"de","@id":"https:\/\/www.byenhof.nl\/#\/schema\/logo\/image\/","url":"https:\/\/www.byenhof.nl\/wp-content\/uploads\/2026\/01\/Byenhof-Bedrijfsdeuren-zwart-wit-wit_25.jpg","contentUrl":"https:\/\/www.byenhof.nl\/wp-content\/uploads\/2026\/01\/Byenhof-Bedrijfsdeuren-zwart-wit-wit_25.jpg","caption":"Byenhof Bedrijfsdeuren"},"image":{"@id":"https:\/\/www.byenhof.nl\/#\/schema\/logo\/image\/"},"sameAs":["https:\/\/www.facebook.com\/Byenhof-AK-Techniek-BV-219453718085032","https:\/\/x.com\/byenhof","https:\/\/www.youtube.com\/channel\/UCsru8FAZlgDK3Iy0zXfHwiA"]}]}},"_links":{"self":[{"href":"https:\/\/www.byenhof.nl\/de\/wp-json\/wp\/v2\/pages\/3777","targetHints":{"allow":["GET"]}}],"collection":[{"href":"https:\/\/www.byenhof.nl\/de\/wp-json\/wp\/v2\/pages"}],"about":[{"href":"https:\/\/www.byenhof.nl\/de\/wp-json\/wp\/v2\/types\/page"}],"author":[{"embeddable":true,"href":"https:\/\/www.byenhof.nl\/de\/wp-json\/wp\/v2\/users\/1"}],"replies":[{"embeddable":true,"href":"https:\/\/www.byenhof.nl\/de\/wp-json\/wp\/v2\/comments?post=3777"}],"version-history":[{"count":4,"href":"https:\/\/www.byenhof.nl\/de\/wp-json\/wp\/v2\/pages\/3777\/revisions"}],"predecessor-version":[{"id":4900,"href":"https:\/\/www.byenhof.nl\/de\/wp-json\/wp\/v2\/pages\/3777\/revisions\/4900"}],"up":[{"embeddable":true,"href":"https:\/\/www.byenhof.nl\/de\/wp-json\/wp\/v2\/pages\/3733"}],"wp:attachment":[{"href":"https:\/\/www.byenhof.nl\/de\/wp-json\/wp\/v2\/media?parent=3777"}],"curies":[{"name":"wp","href":"https:\/\/api.w.org\/{rel}","templated":true}]}}