{"id":3809,"date":"2026-01-27T16:25:47","date_gmt":"2026-01-27T15:25:47","guid":{"rendered":"https:\/\/www.byenhof.nl\/cookie-einstellungen\/"},"modified":"2026-02-03T13:59:27","modified_gmt":"2026-02-03T12:59:27","slug":"cookie-einstellungen","status":"publish","type":"page","link":"https:\/\/www.byenhof.nl\/de\/cookie-einstellungen\/","title":{"rendered":"Cookie-Einstellungen"},"content":{"rendered":"\t\t<div data-elementor-type=\"wp-page\" data-elementor-id=\"3809\" class=\"elementor elementor-3809 elementor-646\" data-elementor-post-type=\"page\">\n\t\t\t\t<div class=\"elementor-element elementor-element-e67c1b7 e-flex e-con-boxed e-con e-parent\" data-id=\"e67c1b7\" data-element_type=\"container\" data-e-type=\"container\">\n\t\t\t\t\t<div class=\"e-con-inner\">\n\t\t\t\t<div class=\"elementor-element elementor-element-225cf4b elementor-widget elementor-widget-text-editor\" data-id=\"225cf4b\" data-element_type=\"widget\" data-e-type=\"widget\" data-widget_type=\"text-editor.default\">\n\t\t\t\t\t\t\t\t\t<h2 data-start=\"235\" data-end=\"257\"><span style=\"font-size: 14pt;\">Cookie-Einstellungen<\/span><\/h2><p data-start=\"259\" data-end=\"555\">Auf dieser Seite k\u00f6nnen Sie Ihre Cookie-Pr\u00e4ferenzen verwalten. Byenhof Bedrijfsdeuren verwendet Cookies und \u00e4hnliche Techniken, um die korrekte Funktion der Website zu gew\u00e4hrleisten, die Nutzung der Website zu analysieren und \u2013 mit Ihrer Zustimmung \u2013 personalisierte Inhalte und Werbung anzubieten. <\/p><h3 data-start=\"557\" data-end=\"576\"><span style=\"font-size: 14pt;\">Arten von Cookies<\/span><\/h3><p data-start=\"578\" data-end=\"632\">Wir verwenden die folgenden Kategorien von Cookies:<\/p><ul style=\"list-style-type: disc;\"><li data-start=\"636\" data-end=\"888\"><strong>Funktionale Cookies<\/strong><br data-start=\"659\" data-end=\"662\">Diese Cookies sind f\u00fcr das technische Funktionieren der Website erforderlich und k\u00f6nnen nicht deaktiviert werden. Sie sorgen unter anderem daf\u00fcr, dass Ihre Pr\u00e4ferenzen gespeichert werden und die Website sicher und korrekt funktioniert. <\/li><li data-start=\"892\" data-end=\"1103\"><strong data-start=\"892\" data-end=\"915\">Analytische Cookies<\/strong><br data-start=\"915\" data-end=\"918\">Mithilfe dieser Cookies erhalten wir Einblick in die Nutzung unserer Website, sodass wir diese verbessern und optimieren k\u00f6nnen. Diese Cookies haben keine oder nur minimale Auswirkungen auf Ihre Privatsph\u00e4re. <\/li><li data-start=\"1107\" data-end=\"1320\"><strong data-start=\"1107\" data-end=\"1140\">Marketing- und Tracking-Cookies<\/strong><br data-start=\"1140\" data-end=\"1143\">Diese Cookies werden ausschlie\u00dflich nach Ihrer Zustimmung platziert und verwendet, um personalisierte Inhalte und Werbung anzuzeigen, die auf Ihre Interessen und Ihr Surfverhalten abgestimmt sind.<\/li><\/ul><h3 data-start=\"1322\" data-end=\"1347\">Zustimmung und Verwaltung<\/h3><p data-start=\"1349\" data-end=\"1583\">Bei Ihrem ersten Besuch auf unserer Website haben wir Sie um Ihre Zustimmung zur Platzierung von Cookies gebeten, sofern dies gesetzlich vorgeschrieben ist. Sie k\u00f6nnen Ihre Cookie-Pr\u00e4ferenzen jederzeit \u00e4ndern oder Ihre Zustimmung \u00fcber diese Seite widerrufen. <\/p><p data-start=\"1585\" data-end=\"1787\">Dar\u00fcber hinaus k\u00f6nnen Sie Cookies \u00fcber die Einstellungen Ihres Internetbrowsers l\u00f6schen oder blockieren. Bitte beachten Sie, dass die Deaktivierung von Cookies die Funktion der Website beeintr\u00e4chtigen kann. <\/p><p data-start=\"1789\" data-end=\"1918\">Weitere Informationen \u00fcber Cookies finden Sie unter:<br data-start=\"1829\" data-end=\"1832\"><span style=\"color: #993300;\"><strong><a class=\"decorated-link\" style=\"color: #993300;\" href=\"https:\/\/veiliginternetten.nl\/themes\/situatie\/cookies-wat-zijn-het-en-wat-doe-ik-ermee\/\" target=\"_blank\" rel=\"noopener\" data-start=\"1832\" data-end=\"1918\">https:\/\/veiliginternetten.nl\/themes\/situatie\/cookies-wat-zijn-het-en-wat-doe-ik-ermee\/<\/a><\/strong><\/span><\/p><p data-start=\"1920\" data-end=\"2026\">F\u00fcr weitere Informationen \u00fcber den Umgang mit personenbezogenen Daten verweisen wir auf unsere <span style=\"color: #993300;\"><strong><a style=\"color: #993300;\" href=\"https:\/\/www.byenhof.nl\/de\/datenschutzerklaerung\/\" target=\"_blank\" rel=\"noopener\">Datenschutzerkl\u00e4rung<\/a><\/strong><\/span>.<\/p>\t\t\t\t\t\t\t\t<\/div>\n\t\t\t\t\t<\/div>\n\t\t\t\t<\/div>\n\t\t\t\t<\/div>\n\t\t","protected":false},"excerpt":{"rendered":"<p>Cookie-Einstellungen Auf dieser Seite k\u00f6nnen Sie Ihre Cookie-Pr\u00e4ferenzen verwalten. Byenhof Bedrijfsdeuren verwendet Cookies und \u00e4hnliche Techniken, um die korrekte Funktion der Website zu gew\u00e4hrleisten, die Nutzung der Website zu analysieren und \u2013 mit Ihrer Zustimmung \u2013 personalisierte Inhalte und Werbung anzubieten. Arten von Cookies Wir verwenden die folgenden Kategorien von Cookies: Funktionale CookiesDiese Cookies sind [&hellip;]<\/p>\n","protected":false},"author":3,"featured_media":0,"parent":0,"menu_order":6,"comment_status":"closed","ping_status":"closed","template":"","meta":{"footnotes":""},"class_list":["post-3809","page","type-page","status-publish","hentry"],"yoast_head":"<!-- This site is optimized with the Yoast SEO plugin v27.1.1 - https:\/\/yoast.com\/product\/yoast-seo-wordpress\/ -->\n<title>Cookie-Einstellungen - Byenhof Bedrijfsdeuren<\/title>\n<meta name=\"description\" content=\"Es gibt verschiedene Arten von Cookies f\u00fcr unterschiedliche Zwecke. Wir erkl\u00e4ren Ihnen kurz, welche Cookies es gibt und was sie tun.\" \/>\n<meta name=\"robots\" content=\"noindex, follow\" \/>\n<meta property=\"og:locale\" content=\"de_DE\" \/>\n<meta property=\"og:type\" content=\"article\" \/>\n<meta property=\"og:title\" content=\"Cookie-Einstellungen - Byenhof Bedrijfsdeuren\" \/>\n<meta property=\"og:description\" content=\"Es gibt verschiedene Arten von Cookies f\u00fcr unterschiedliche Zwecke. Wir erkl\u00e4ren Ihnen kurz, welche Cookies es gibt und was sie tun.\" \/>\n<meta property=\"og:url\" content=\"https:\/\/www.byenhof.nl\/de\/cookie-einstellungen\/\" \/>\n<meta property=\"og:site_name\" content=\"Byenhof Bedrijfsdeuren\" \/>\n<meta property=\"article:publisher\" content=\"https:\/\/www.facebook.com\/Byenhof-AK-Techniek-BV-219453718085032\" \/>\n<meta property=\"article:modified_time\" content=\"2026-02-03T12:59:27+00:00\" \/>\n<meta name=\"twitter:card\" content=\"summary_large_image\" \/>\n<meta name=\"twitter:site\" content=\"@byenhof\" \/>\n<meta name=\"twitter:label1\" content=\"Gesch\u00e4tzte Lesezeit\" \/>\n\t<meta name=\"twitter:data1\" content=\"1\u00a0Minute\" \/>\n<script type=\"application\/ld+json\" class=\"yoast-schema-graph\">{\"@context\":\"https:\/\/schema.org\",\"@graph\":[{\"@type\":\"WebPage\",\"@id\":\"https:\/\/www.byenhof.nl\/de\/cookie-einstellungen\/\",\"url\":\"https:\/\/www.byenhof.nl\/de\/cookie-einstellungen\/\",\"name\":\"Cookie-Einstellungen - Byenhof Bedrijfsdeuren\",\"isPartOf\":{\"@id\":\"https:\/\/www.byenhof.nl\/#website\"},\"datePublished\":\"2026-01-27T15:25:47+00:00\",\"dateModified\":\"2026-02-03T12:59:27+00:00\",\"description\":\"Es gibt verschiedene Arten von Cookies f\u00fcr unterschiedliche Zwecke. Wir erkl\u00e4ren Ihnen kurz, welche Cookies es gibt und was sie tun.\",\"breadcrumb\":{\"@id\":\"https:\/\/www.byenhof.nl\/de\/cookie-einstellungen\/#breadcrumb\"},\"inLanguage\":\"de\",\"potentialAction\":[{\"@type\":\"ReadAction\",\"target\":[\"https:\/\/www.byenhof.nl\/de\/cookie-einstellungen\/\"]}]},{\"@type\":\"BreadcrumbList\",\"@id\":\"https:\/\/www.byenhof.nl\/de\/cookie-einstellungen\/#breadcrumb\",\"itemListElement\":[{\"@type\":\"ListItem\",\"position\":1,\"name\":\"Startseite\",\"item\":\"https:\/\/www.byenhof.nl\/de\/startseite\/\"},{\"@type\":\"ListItem\",\"position\":2,\"name\":\"Cookie-Einstellungen\"}]},{\"@type\":\"WebSite\",\"@id\":\"https:\/\/www.byenhof.nl\/#website\",\"url\":\"https:\/\/www.byenhof.nl\/\",\"name\":\"Byenhof Bedrijfsdeuren\",\"description\":\"\",\"publisher\":{\"@id\":\"https:\/\/www.byenhof.nl\/#organization\"},\"potentialAction\":[{\"@type\":\"SearchAction\",\"target\":{\"@type\":\"EntryPoint\",\"urlTemplate\":\"https:\/\/www.byenhof.nl\/?s={search_term_string}\"},\"query-input\":{\"@type\":\"PropertyValueSpecification\",\"valueRequired\":true,\"valueName\":\"search_term_string\"}}],\"inLanguage\":\"de\"},{\"@type\":\"Organization\",\"@id\":\"https:\/\/www.byenhof.nl\/#organization\",\"name\":\"Byenhof Bedrijfsdeuren\",\"url\":\"https:\/\/www.byenhof.nl\/\",\"logo\":{\"@type\":\"ImageObject\",\"inLanguage\":\"de\",\"@id\":\"https:\/\/www.byenhof.nl\/#\/schema\/logo\/image\/\",\"url\":\"https:\/\/www.byenhof.nl\/wp-content\/uploads\/2026\/01\/Byenhof-Bedrijfsdeuren-zwart-wit-wit_25.jpg\",\"contentUrl\":\"https:\/\/www.byenhof.nl\/wp-content\/uploads\/2026\/01\/Byenhof-Bedrijfsdeuren-zwart-wit-wit_25.jpg\",\"caption\":\"Byenhof Bedrijfsdeuren\"},\"image\":{\"@id\":\"https:\/\/www.byenhof.nl\/#\/schema\/logo\/image\/\"},\"sameAs\":[\"https:\/\/www.facebook.com\/Byenhof-AK-Techniek-BV-219453718085032\",\"https:\/\/x.com\/byenhof\",\"https:\/\/www.youtube.com\/channel\/UCsru8FAZlgDK3Iy0zXfHwiA\"]}]}<\/script>\n<!-- \/ Yoast SEO plugin. -->","yoast_head_json":{"title":"Cookie-Einstellungen - Byenhof Bedrijfsdeuren","description":"Es gibt verschiedene Arten von Cookies f\u00fcr unterschiedliche Zwecke. Wir erkl\u00e4ren Ihnen kurz, welche Cookies es gibt und was sie tun.","robots":{"index":"noindex","follow":"follow"},"og_locale":"de_DE","og_type":"article","og_title":"Cookie-Einstellungen - Byenhof Bedrijfsdeuren","og_description":"Es gibt verschiedene Arten von Cookies f\u00fcr unterschiedliche Zwecke. Wir erkl\u00e4ren Ihnen kurz, welche Cookies es gibt und was sie tun.","og_url":"https:\/\/www.byenhof.nl\/de\/cookie-einstellungen\/","og_site_name":"Byenhof Bedrijfsdeuren","article_publisher":"https:\/\/www.facebook.com\/Byenhof-AK-Techniek-BV-219453718085032","article_modified_time":"2026-02-03T12:59:27+00:00","twitter_card":"summary_large_image","twitter_site":"@byenhof","twitter_misc":{"Gesch\u00e4tzte Lesezeit":"1\u00a0Minute"},"schema":{"@context":"https:\/\/schema.org","@graph":[{"@type":"WebPage","@id":"https:\/\/www.byenhof.nl\/de\/cookie-einstellungen\/","url":"https:\/\/www.byenhof.nl\/de\/cookie-einstellungen\/","name":"Cookie-Einstellungen - Byenhof Bedrijfsdeuren","isPartOf":{"@id":"https:\/\/www.byenhof.nl\/#website"},"datePublished":"2026-01-27T15:25:47+00:00","dateModified":"2026-02-03T12:59:27+00:00","description":"Es gibt verschiedene Arten von Cookies f\u00fcr unterschiedliche Zwecke. Wir erkl\u00e4ren Ihnen kurz, welche Cookies es gibt und was sie tun.","breadcrumb":{"@id":"https:\/\/www.byenhof.nl\/de\/cookie-einstellungen\/#breadcrumb"},"inLanguage":"de","potentialAction":[{"@type":"ReadAction","target":["https:\/\/www.byenhof.nl\/de\/cookie-einstellungen\/"]}]},{"@type":"BreadcrumbList","@id":"https:\/\/www.byenhof.nl\/de\/cookie-einstellungen\/#breadcrumb","itemListElement":[{"@type":"ListItem","position":1,"name":"Startseite","item":"https:\/\/www.byenhof.nl\/de\/startseite\/"},{"@type":"ListItem","position":2,"name":"Cookie-Einstellungen"}]},{"@type":"WebSite","@id":"https:\/\/www.byenhof.nl\/#website","url":"https:\/\/www.byenhof.nl\/","name":"Byenhof Bedrijfsdeuren","description":"","publisher":{"@id":"https:\/\/www.byenhof.nl\/#organization"},"potentialAction":[{"@type":"SearchAction","target":{"@type":"EntryPoint","urlTemplate":"https:\/\/www.byenhof.nl\/?s={search_term_string}"},"query-input":{"@type":"PropertyValueSpecification","valueRequired":true,"valueName":"search_term_string"}}],"inLanguage":"de"},{"@type":"Organization","@id":"https:\/\/www.byenhof.nl\/#organization","name":"Byenhof Bedrijfsdeuren","url":"https:\/\/www.byenhof.nl\/","logo":{"@type":"ImageObject","inLanguage":"de","@id":"https:\/\/www.byenhof.nl\/#\/schema\/logo\/image\/","url":"https:\/\/www.byenhof.nl\/wp-content\/uploads\/2026\/01\/Byenhof-Bedrijfsdeuren-zwart-wit-wit_25.jpg","contentUrl":"https:\/\/www.byenhof.nl\/wp-content\/uploads\/2026\/01\/Byenhof-Bedrijfsdeuren-zwart-wit-wit_25.jpg","caption":"Byenhof Bedrijfsdeuren"},"image":{"@id":"https:\/\/www.byenhof.nl\/#\/schema\/logo\/image\/"},"sameAs":["https:\/\/www.facebook.com\/Byenhof-AK-Techniek-BV-219453718085032","https:\/\/x.com\/byenhof","https:\/\/www.youtube.com\/channel\/UCsru8FAZlgDK3Iy0zXfHwiA"]}]}},"_links":{"self":[{"href":"https:\/\/www.byenhof.nl\/de\/wp-json\/wp\/v2\/pages\/3809","targetHints":{"allow":["GET"]}}],"collection":[{"href":"https:\/\/www.byenhof.nl\/de\/wp-json\/wp\/v2\/pages"}],"about":[{"href":"https:\/\/www.byenhof.nl\/de\/wp-json\/wp\/v2\/types\/page"}],"author":[{"embeddable":true,"href":"https:\/\/www.byenhof.nl\/de\/wp-json\/wp\/v2\/users\/3"}],"replies":[{"embeddable":true,"href":"https:\/\/www.byenhof.nl\/de\/wp-json\/wp\/v2\/comments?post=3809"}],"version-history":[{"count":3,"href":"https:\/\/www.byenhof.nl\/de\/wp-json\/wp\/v2\/pages\/3809\/revisions"}],"predecessor-version":[{"id":4948,"href":"https:\/\/www.byenhof.nl\/de\/wp-json\/wp\/v2\/pages\/3809\/revisions\/4948"}],"wp:attachment":[{"href":"https:\/\/www.byenhof.nl\/de\/wp-json\/wp\/v2\/media?parent=3809"}],"curies":[{"name":"wp","href":"https:\/\/api.w.org\/{rel}","templated":true}]}}