{"id":3810,"date":"2026-01-27T16:25:47","date_gmt":"2026-01-27T15:25:47","guid":{"rendered":"https:\/\/www.byenhof.nl\/downloads\/"},"modified":"2026-02-09T13:49:46","modified_gmt":"2026-02-09T12:49:46","slug":"downloads","status":"publish","type":"page","link":"https:\/\/www.byenhof.nl\/de\/downloads\/","title":{"rendered":"Downloads"},"content":{"rendered":"\t\t<div data-elementor-type=\"wp-page\" data-elementor-id=\"3810\" class=\"elementor elementor-3810 elementor-921\" data-elementor-post-type=\"page\">\n\t\t\t\t<div class=\"elementor-element elementor-element-62bc3bd   e-flex e-con-boxed e-con e-parent\" data-id=\"62bc3bd\" data-element_type=\"container\" data-e-type=\"container\" data-settings=\"{&quot;background_background&quot;:&quot;classic&quot;}\">\n\t\t\t\t\t<div class=\"e-con-inner\">\n\t\t\t\t<div class=\"elementor-element elementor-element-7d746e58 elementor-widget elementor-widget-breadcrumbs\" data-id=\"7d746e58\" data-element_type=\"widget\" data-e-type=\"widget\" data-widget_type=\"breadcrumbs.default\">\n\t\t\t\t\t<p id=\"breadcrumbs\"><span><span><a href=\"https:\/\/www.byenhof.nl\/de\/startseite\/\">Startseite<\/a><\/span><\/span><\/p>\t\t\t\t<\/div>\n\t\t\t\t\t<\/div>\n\t\t\t\t<\/div>\n\t\t<div class=\"elementor-element elementor-element-53a0d01e e-flex e-con-boxed e-con e-parent\" data-id=\"53a0d01e\" data-element_type=\"container\" data-e-type=\"container\" data-settings=\"{&quot;background_background&quot;:&quot;classic&quot;}\">\n\t\t\t\t\t<div class=\"e-con-inner\">\n\t\t<div class=\"elementor-element elementor-element-7409de26 e-con-full e-flex e-con e-child\" data-id=\"7409de26\" data-element_type=\"container\" data-e-type=\"container\">\n\t\t\t\t<div class=\"elementor-element elementor-element-7f49af87 elementor-widget elementor-widget-heading\" data-id=\"7f49af87\" data-element_type=\"widget\" data-e-type=\"widget\" data-widget_type=\"heading.default\">\n\t\t\t\t\t<h1 class=\"elementor-heading-title elementor-size-default\">Downloads<\/h1>\t\t\t\t<\/div>\n\t\t\t\t<div class=\"elementor-element elementor-element-68252ed4 elementor-widget elementor-widget-text-editor\" data-id=\"68252ed4\" data-element_type=\"widget\" data-e-type=\"widget\" data-widget_type=\"text-editor.default\">\n\t\t\t\t\t\t\t\t\t<p>Hier finden Sie alle Downloads mit Informationen \u00fcber unser breites Sortiment, einschlie\u00dflich Produktbrosch\u00fcren und administrativen Dokumenten.<\/p>\t\t\t\t\t\t\t\t<\/div>\n\t\t\t\t<\/div>\n\t\t<div class=\"elementor-element elementor-element-7cc138df e-con-full e-flex e-con e-child\" data-id=\"7cc138df\" data-element_type=\"container\" data-e-type=\"container\">\n\t\t\t\t<div class=\"elementor-element elementor-element-2433b1a7 elementor-absolute teaser__image elementor-widget elementor-widget-image\" data-id=\"2433b1a7\" data-element_type=\"widget\" data-e-type=\"widget\" data-settings=\"{&quot;_position&quot;:&quot;absolute&quot;}\" data-widget_type=\"image.default\">\n\t\t\t\t\t\t\t\t\t\t\t\t\t\t\t<img fetchpriority=\"high\" decoding=\"async\" width=\"990\" height=\"545\" src=\"https:\/\/www.byenhof.nl\/wp-content\/uploads\/2026\/01\/bw-hefdeur-3-1-1-990x545-1.jpg\" class=\"attachment-large size-large wp-image-3755\" alt=\"\" srcset=\"https:\/\/www.byenhof.nl\/wp-content\/uploads\/2026\/01\/bw-hefdeur-3-1-1-990x545-1.jpg 990w, https:\/\/www.byenhof.nl\/wp-content\/uploads\/2026\/01\/bw-hefdeur-3-1-1-990x545-1-300x165.jpg 300w, https:\/\/www.byenhof.nl\/wp-content\/uploads\/2026\/01\/bw-hefdeur-3-1-1-990x545-1-768x423.jpg 768w\" sizes=\"(max-width: 990px) 100vw, 990px\" \/>\t\t\t\t\t\t\t\t\t\t\t\t\t\t\t<\/div>\n\t\t\t\t<\/div>\n\t\t\t\t\t<\/div>\n\t\t\t\t<\/div>\n\t\t<div class=\"elementor-element elementor-element-262903a5 e-flex e-con-boxed e-con e-parent\" data-id=\"262903a5\" data-element_type=\"container\" data-e-type=\"container\">\n\t\t\t\t\t<div class=\"e-con-inner\">\n\t\t\t\t<div class=\"elementor-element elementor-element-de9a5d7 elementor-align-center elementor-icon-list--layout-traditional elementor-list-item-link-full_width elementor-widget elementor-widget-icon-list\" data-id=\"de9a5d7\" data-element_type=\"widget\" data-e-type=\"widget\" data-widget_type=\"icon-list.default\">\n\t\t\t\t\t\t\t<ul class=\"elementor-icon-list-items\">\n\t\t\t\t\t\t\t<li class=\"elementor-icon-list-item\">\n\t\t\t\t\t\t\t\t\t\t\t<a href=\"#ontdek\">\n\n\t\t\t\t\t\t\t\t\t\t\t\t<span class=\"elementor-icon-list-icon\">\n\t\t\t\t\t\t\t<svg aria-hidden=\"true\" class=\"e-font-icon-svg e-fas-chevron-circle-down\" viewBox=\"0 0 512 512\" xmlns=\"http:\/\/www.w3.org\/2000\/svg\"><path d=\"M504 256c0 137-111 248-248 248S8 393 8 256 119 8 256 8s248 111 248 248zM273 369.9l135.5-135.5c9.4-9.4 9.4-24.6 0-33.9l-17-17c-9.4-9.4-24.6-9.4-33.9 0L256 285.1 154.4 183.5c-9.4-9.4-24.6-9.4-33.9 0l-17 17c-9.4 9.4-9.4 24.6 0 33.9L239 369.9c9.4 9.4 24.6 9.4 34 0z\"><\/path><\/svg>\t\t\t\t\t\t<\/span>\n\t\t\t\t\t\t\t\t\t\t<span class=\"elementor-icon-list-text\">Mehr entdecken<\/span>\n\t\t\t\t\t\t\t\t\t\t\t<\/a>\n\t\t\t\t\t\t\t\t\t<\/li>\n\t\t\t\t\t\t<\/ul>\n\t\t\t\t\t\t<\/div>\n\t\t\t\t\t<\/div>\n\t\t\t\t<\/div>\n\t\t<div class=\"elementor-element elementor-element-6f19563e e-flex e-con-boxed e-con e-parent\" data-id=\"6f19563e\" data-element_type=\"container\" data-e-type=\"container\">\n\t\t\t\t\t<div class=\"e-con-inner\">\n\t\t\t\t<div class=\"elementor-element elementor-element-65d45147 elementor-widget elementor-widget-text-editor\" data-id=\"65d45147\" data-element_type=\"widget\" data-e-type=\"widget\" id=\"ontdek\" data-widget_type=\"text-editor.default\">\n\t\t\t\t\t\t\t\t\t<h2 class=\"wp-block-heading\"><strong>Informationen zu Industrietoren<\/strong><\/h2><ul style=\"list-style-type: disc;\"><li><span style=\"color: #993300;\"><a style=\"color: #993300;\" href=\"https:\/\/www.byenhof.nl\/wp-content\/uploads\/2025\/09\/Byenhof-Bedrijfsdeuren-Nederlands.pdf\" target=\"_blank\" rel=\"noopener\"><strong>Bedrijfsdeuren Flyer Niederl\u00e4ndisch<\/strong><\/a><\/span><\/li><li><span style=\"color: #993300;\"><a style=\"color: #993300;\" href=\"https:\/\/www.byenhof.nl\/wp-content\/uploads\/2025\/09\/Byenhof-Bedrijfsdeuren-Duits.pdf\" target=\"_blank\" rel=\"noopener\"><strong>Bedrijfsdeuren Flyer Deutsch<\/strong><\/a><\/span><\/li><li><span style=\"color: #993300;\"><strong><a style=\"color: #993300;\" href=\"https:\/\/www.byenhof.nl\/wp-content\/uploads\/2025\/10\/Byenhof-Industrie-brochure-04-02-20.pdf\" target=\"_blank\" rel=\"noreferrer noopener\">Industrie Brosch\u00fcre<\/a><\/strong><\/span><\/li><li><span style=\"color: #993300;\"><strong><a style=\"color: #993300;\" href=\"https:\/\/www.byenhof.nl\/wp-content\/uploads\/2025\/10\/Byenhof-Luxe-Line-brochure-27-01-20.pdf\" target=\"_blank\" rel=\"noreferrer noopener\">Luxe-Line Brosch\u00fcre<\/a><\/strong><\/span><\/li><li><span style=\"color: #993300;\"><a style=\"color: #993300;\" href=\"https:\/\/www.byenhof.nl\/wp-content\/uploads\/2025\/10\/folder-garagedeuren.pdf\" target=\"_blank\" rel=\"noopener\"><strong>Garagentore Brosch\u00fcre<\/strong><\/a><\/span><\/li><\/ul><h2 class=\"wp-block-heading\"><strong>Technische Dokumentation Sectionaltore<\/strong><\/h2><ul style=\"list-style-type: disc;\"><li><span style=\"color: #993300;\"><strong><a style=\"color: #993300;\" href=\"https:\/\/www.byenhof.nl\/wp-content\/uploads\/2026\/01\/Sectionaaldeur-40mm.pdf\" target=\"_blank\" rel=\"noopener\">Sektionaltor 40 mm<\/a><\/strong><\/span><\/li><li><span style=\"color: #993300;\"><strong><a style=\"color: #993300;\" href=\"https:\/\/www.byenhof.nl\/wp-content\/uploads\/2026\/01\/Sectionaaldeur-60-mm.pdf\" target=\"_blank\" rel=\"noopener\">Sektionaltor 60 mm<\/a><\/strong><\/span><\/li><li><span style=\"color: #993300;\"><strong><a style=\"color: #993300;\" href=\"https:\/\/www.byenhof.nl\/wp-content\/uploads\/2026\/01\/Sectionaaldeur-80-mm.pdf\" target=\"_blank\" rel=\"noopener\">Sektionaltor 80 mm<\/a><\/strong><\/span><\/li><li><span style=\"color: #993300;\"><strong><a style=\"color: #993300;\" href=\"https:\/\/www.byenhof.nl\/wp-content\/uploads\/2026\/01\/Panorama-sectionaaldeur-40mm.pdf\" target=\"_blank\" rel=\"noopener\">Panorama-Sektionaltor<\/a><\/strong><\/span><\/li><li><span style=\"color: #993300;\"><strong><a style=\"color: #993300;\" href=\"https:\/\/www.byenhof.nl\/wp-content\/uploads\/2026\/01\/Loopdeur-in-sectionaaldeur.pdf\" target=\"_blank\" rel=\"noopener\">Schlupft\u00fcr in Sectionaltor<\/a><\/strong><\/span><\/li><li><span style=\"color: #993300;\"><strong><a style=\"color: #993300;\" href=\"https:\/\/www.byenhof.nl\/wp-content\/uploads\/2026\/01\/Draairichting-loopdeuren.pdf\" target=\"_blank\" rel=\"noopener\">Drehrichtung Schlupft\u00fcr<\/a><\/strong><\/span><\/li><\/ul><h2 class=\"wp-block-heading\"><strong>Administrative Dokumente<\/strong><\/h2><ul style=\"list-style-type: disc;\"><li><span style=\"color: #993300;\"><a style=\"color: #993300;\" href=\"https:\/\/www.byenhof.nl\/wp-content\/uploads\/2025\/09\/Metaalunievoorwaarden-2025-Nederlands.pdf\" target=\"_blank\" rel=\"noopener\"><strong>Metaaluniebedingungen Niederl\u00e4ndisch<\/strong><\/a><\/span><\/li><li><span style=\"color: #993300;\"><strong><a style=\"color: #993300;\" href=\"https:\/\/www.byenhof.nl\/wp-content\/uploads\/2025\/09\/AVVLM-2025-Duits.pdf\" target=\"_blank\" rel=\"noreferrer noopener\">Metaaluniebedingungen Deutsch<\/a><\/strong><\/span><\/li><li><span style=\"color: #993300;\"><a style=\"color: #993300;\" href=\"https:\/\/www.byenhof.nl\/wp-content\/uploads\/2025\/09\/Metaalunievoorwaarden-2025-Engels.pdf\" target=\"_blank\" rel=\"noopener\"><strong>Metaaluniebedingungen Englisch<\/strong><\/a><\/span><\/li><\/ul>\t\t\t\t\t\t\t\t<\/div>\n\t\t\t\t\t<\/div>\n\t\t\t\t<\/div>\n\t\t\t\t<\/div>\n\t\t","protected":false},"excerpt":{"rendered":"<p>Downloads Hier finden Sie alle Downloads mit Informationen \u00fcber unser breites Sortiment, einschlie\u00dflich Produktbrosch\u00fcren und administrativen Dokumenten. Mehr entdecken Informationen zu Industrietoren Bedrijfsdeuren Flyer Niederl\u00e4ndisch Bedrijfsdeuren Flyer Deutsch Industrie Brosch\u00fcre Luxe-Line Brosch\u00fcre Garagentore Brosch\u00fcre Technische Dokumentation Sectionaltore Sektionaltor 40 mm Sektionaltor 60 mm Sektionaltor 80 mm Panorama-Sektionaltor Schlupft\u00fcr in Sectionaltor Drehrichtung Schlupft\u00fcr Administrative Dokumente Metaaluniebedingungen [&hellip;]<\/p>\n","protected":false},"author":3,"featured_media":0,"parent":0,"menu_order":3,"comment_status":"closed","ping_status":"closed","template":"elementor_header_footer","meta":{"footnotes":""},"class_list":["post-3810","page","type-page","status-publish","hentry"],"yoast_head":"<!-- This site is optimized with the Yoast SEO plugin v27.1.1 - https:\/\/yoast.com\/product\/yoast-seo-wordpress\/ -->\n<title>Downloads - Byenhof Bedrijfsdeuren<\/title>\n<meta name=\"robots\" content=\"noindex, follow\" \/>\n<meta property=\"og:locale\" content=\"de_DE\" \/>\n<meta property=\"og:type\" content=\"article\" \/>\n<meta property=\"og:title\" content=\"Downloads - Byenhof Bedrijfsdeuren\" \/>\n<meta property=\"og:description\" content=\"Downloads Hier finden Sie alle Downloads mit Informationen \u00fcber unser breites Sortiment, einschlie\u00dflich Produktbrosch\u00fcren und administrativen Dokumenten. Mehr entdecken Informationen zu Industrietoren Bedrijfsdeuren Flyer Niederl\u00e4ndisch Bedrijfsdeuren Flyer Deutsch Industrie Brosch\u00fcre Luxe-Line Brosch\u00fcre Garagentore Brosch\u00fcre Technische Dokumentation Sectionaltore Sektionaltor 40 mm Sektionaltor 60 mm Sektionaltor 80 mm Panorama-Sektionaltor Schlupft\u00fcr in Sectionaltor Drehrichtung Schlupft\u00fcr Administrative Dokumente Metaaluniebedingungen [&hellip;]\" \/>\n<meta property=\"og:url\" content=\"https:\/\/www.byenhof.nl\/de\/downloads\/\" \/>\n<meta property=\"og:site_name\" content=\"Byenhof Bedrijfsdeuren\" \/>\n<meta property=\"article:publisher\" content=\"https:\/\/www.facebook.com\/Byenhof-AK-Techniek-BV-219453718085032\" \/>\n<meta property=\"article:modified_time\" content=\"2026-02-09T12:49:46+00:00\" \/>\n<meta property=\"og:image\" content=\"https:\/\/www.byenhof.nl\/wp-content\/uploads\/2026\/01\/bw-hefdeur-3-1-1-990x545-1.jpg\" \/>\n\t<meta property=\"og:image:width\" content=\"990\" \/>\n\t<meta property=\"og:image:height\" content=\"545\" \/>\n\t<meta property=\"og:image:type\" content=\"image\/jpeg\" \/>\n<meta name=\"twitter:card\" content=\"summary_large_image\" \/>\n<meta name=\"twitter:site\" content=\"@byenhof\" \/>\n<script type=\"application\/ld+json\" class=\"yoast-schema-graph\">{\"@context\":\"https:\/\/schema.org\",\"@graph\":[{\"@type\":\"WebPage\",\"@id\":\"https:\/\/www.byenhof.nl\/de\/downloads\/\",\"url\":\"https:\/\/www.byenhof.nl\/de\/downloads\/\",\"name\":\"Downloads - Byenhof Bedrijfsdeuren\",\"isPartOf\":{\"@id\":\"https:\/\/www.byenhof.nl\/#website\"},\"primaryImageOfPage\":{\"@id\":\"https:\/\/www.byenhof.nl\/de\/downloads\/#primaryimage\"},\"image\":{\"@id\":\"https:\/\/www.byenhof.nl\/de\/downloads\/#primaryimage\"},\"thumbnailUrl\":\"https:\/\/www.byenhof.nl\/wp-content\/uploads\/2026\/01\/bw-hefdeur-3-1-1-990x545-1.jpg\",\"datePublished\":\"2026-01-27T15:25:47+00:00\",\"dateModified\":\"2026-02-09T12:49:46+00:00\",\"breadcrumb\":{\"@id\":\"https:\/\/www.byenhof.nl\/de\/downloads\/#breadcrumb\"},\"inLanguage\":\"de\",\"potentialAction\":[{\"@type\":\"ReadAction\",\"target\":[\"https:\/\/www.byenhof.nl\/de\/downloads\/\"]}]},{\"@type\":\"ImageObject\",\"inLanguage\":\"de\",\"@id\":\"https:\/\/www.byenhof.nl\/de\/downloads\/#primaryimage\",\"url\":\"https:\/\/www.byenhof.nl\/wp-content\/uploads\/2026\/01\/bw-hefdeur-3-1-1-990x545-1.jpg\",\"contentUrl\":\"https:\/\/www.byenhof.nl\/wp-content\/uploads\/2026\/01\/bw-hefdeur-3-1-1-990x545-1.jpg\"},{\"@type\":\"BreadcrumbList\",\"@id\":\"https:\/\/www.byenhof.nl\/de\/downloads\/#breadcrumb\",\"itemListElement\":[{\"@type\":\"ListItem\",\"position\":1,\"name\":\"Startseite\",\"item\":\"https:\/\/www.byenhof.nl\/de\/startseite\/\"},{\"@type\":\"ListItem\",\"position\":2,\"name\":\"Downloads\"}]},{\"@type\":\"WebSite\",\"@id\":\"https:\/\/www.byenhof.nl\/#website\",\"url\":\"https:\/\/www.byenhof.nl\/\",\"name\":\"Byenhof Bedrijfsdeuren\",\"description\":\"\",\"publisher\":{\"@id\":\"https:\/\/www.byenhof.nl\/#organization\"},\"potentialAction\":[{\"@type\":\"SearchAction\",\"target\":{\"@type\":\"EntryPoint\",\"urlTemplate\":\"https:\/\/www.byenhof.nl\/?s={search_term_string}\"},\"query-input\":{\"@type\":\"PropertyValueSpecification\",\"valueRequired\":true,\"valueName\":\"search_term_string\"}}],\"inLanguage\":\"de\"},{\"@type\":\"Organization\",\"@id\":\"https:\/\/www.byenhof.nl\/#organization\",\"name\":\"Byenhof Bedrijfsdeuren\",\"url\":\"https:\/\/www.byenhof.nl\/\",\"logo\":{\"@type\":\"ImageObject\",\"inLanguage\":\"de\",\"@id\":\"https:\/\/www.byenhof.nl\/#\/schema\/logo\/image\/\",\"url\":\"https:\/\/www.byenhof.nl\/wp-content\/uploads\/2026\/01\/Byenhof-Bedrijfsdeuren-zwart-wit-wit_25.jpg\",\"contentUrl\":\"https:\/\/www.byenhof.nl\/wp-content\/uploads\/2026\/01\/Byenhof-Bedrijfsdeuren-zwart-wit-wit_25.jpg\",\"caption\":\"Byenhof Bedrijfsdeuren\"},\"image\":{\"@id\":\"https:\/\/www.byenhof.nl\/#\/schema\/logo\/image\/\"},\"sameAs\":[\"https:\/\/www.facebook.com\/Byenhof-AK-Techniek-BV-219453718085032\",\"https:\/\/x.com\/byenhof\",\"https:\/\/www.youtube.com\/channel\/UCsru8FAZlgDK3Iy0zXfHwiA\"]}]}<\/script>\n<!-- \/ Yoast SEO plugin. -->","yoast_head_json":{"title":"Downloads - Byenhof Bedrijfsdeuren","robots":{"index":"noindex","follow":"follow"},"og_locale":"de_DE","og_type":"article","og_title":"Downloads - Byenhof Bedrijfsdeuren","og_description":"Downloads Hier finden Sie alle Downloads mit Informationen \u00fcber unser breites Sortiment, einschlie\u00dflich Produktbrosch\u00fcren und administrativen Dokumenten. Mehr entdecken Informationen zu Industrietoren Bedrijfsdeuren Flyer Niederl\u00e4ndisch Bedrijfsdeuren Flyer Deutsch Industrie Brosch\u00fcre Luxe-Line Brosch\u00fcre Garagentore Brosch\u00fcre Technische Dokumentation Sectionaltore Sektionaltor 40 mm Sektionaltor 60 mm Sektionaltor 80 mm Panorama-Sektionaltor Schlupft\u00fcr in Sectionaltor Drehrichtung Schlupft\u00fcr Administrative Dokumente Metaaluniebedingungen [&hellip;]","og_url":"https:\/\/www.byenhof.nl\/de\/downloads\/","og_site_name":"Byenhof Bedrijfsdeuren","article_publisher":"https:\/\/www.facebook.com\/Byenhof-AK-Techniek-BV-219453718085032","article_modified_time":"2026-02-09T12:49:46+00:00","og_image":[{"width":990,"height":545,"url":"https:\/\/www.byenhof.nl\/wp-content\/uploads\/2026\/01\/bw-hefdeur-3-1-1-990x545-1.jpg","type":"image\/jpeg"}],"twitter_card":"summary_large_image","twitter_site":"@byenhof","schema":{"@context":"https:\/\/schema.org","@graph":[{"@type":"WebPage","@id":"https:\/\/www.byenhof.nl\/de\/downloads\/","url":"https:\/\/www.byenhof.nl\/de\/downloads\/","name":"Downloads - Byenhof Bedrijfsdeuren","isPartOf":{"@id":"https:\/\/www.byenhof.nl\/#website"},"primaryImageOfPage":{"@id":"https:\/\/www.byenhof.nl\/de\/downloads\/#primaryimage"},"image":{"@id":"https:\/\/www.byenhof.nl\/de\/downloads\/#primaryimage"},"thumbnailUrl":"https:\/\/www.byenhof.nl\/wp-content\/uploads\/2026\/01\/bw-hefdeur-3-1-1-990x545-1.jpg","datePublished":"2026-01-27T15:25:47+00:00","dateModified":"2026-02-09T12:49:46+00:00","breadcrumb":{"@id":"https:\/\/www.byenhof.nl\/de\/downloads\/#breadcrumb"},"inLanguage":"de","potentialAction":[{"@type":"ReadAction","target":["https:\/\/www.byenhof.nl\/de\/downloads\/"]}]},{"@type":"ImageObject","inLanguage":"de","@id":"https:\/\/www.byenhof.nl\/de\/downloads\/#primaryimage","url":"https:\/\/www.byenhof.nl\/wp-content\/uploads\/2026\/01\/bw-hefdeur-3-1-1-990x545-1.jpg","contentUrl":"https:\/\/www.byenhof.nl\/wp-content\/uploads\/2026\/01\/bw-hefdeur-3-1-1-990x545-1.jpg"},{"@type":"BreadcrumbList","@id":"https:\/\/www.byenhof.nl\/de\/downloads\/#breadcrumb","itemListElement":[{"@type":"ListItem","position":1,"name":"Startseite","item":"https:\/\/www.byenhof.nl\/de\/startseite\/"},{"@type":"ListItem","position":2,"name":"Downloads"}]},{"@type":"WebSite","@id":"https:\/\/www.byenhof.nl\/#website","url":"https:\/\/www.byenhof.nl\/","name":"Byenhof Bedrijfsdeuren","description":"","publisher":{"@id":"https:\/\/www.byenhof.nl\/#organization"},"potentialAction":[{"@type":"SearchAction","target":{"@type":"EntryPoint","urlTemplate":"https:\/\/www.byenhof.nl\/?s={search_term_string}"},"query-input":{"@type":"PropertyValueSpecification","valueRequired":true,"valueName":"search_term_string"}}],"inLanguage":"de"},{"@type":"Organization","@id":"https:\/\/www.byenhof.nl\/#organization","name":"Byenhof Bedrijfsdeuren","url":"https:\/\/www.byenhof.nl\/","logo":{"@type":"ImageObject","inLanguage":"de","@id":"https:\/\/www.byenhof.nl\/#\/schema\/logo\/image\/","url":"https:\/\/www.byenhof.nl\/wp-content\/uploads\/2026\/01\/Byenhof-Bedrijfsdeuren-zwart-wit-wit_25.jpg","contentUrl":"https:\/\/www.byenhof.nl\/wp-content\/uploads\/2026\/01\/Byenhof-Bedrijfsdeuren-zwart-wit-wit_25.jpg","caption":"Byenhof Bedrijfsdeuren"},"image":{"@id":"https:\/\/www.byenhof.nl\/#\/schema\/logo\/image\/"},"sameAs":["https:\/\/www.facebook.com\/Byenhof-AK-Techniek-BV-219453718085032","https:\/\/x.com\/byenhof","https:\/\/www.youtube.com\/channel\/UCsru8FAZlgDK3Iy0zXfHwiA"]}]}},"_links":{"self":[{"href":"https:\/\/www.byenhof.nl\/de\/wp-json\/wp\/v2\/pages\/3810","targetHints":{"allow":["GET"]}}],"collection":[{"href":"https:\/\/www.byenhof.nl\/de\/wp-json\/wp\/v2\/pages"}],"about":[{"href":"https:\/\/www.byenhof.nl\/de\/wp-json\/wp\/v2\/types\/page"}],"author":[{"embeddable":true,"href":"https:\/\/www.byenhof.nl\/de\/wp-json\/wp\/v2\/users\/3"}],"replies":[{"embeddable":true,"href":"https:\/\/www.byenhof.nl\/de\/wp-json\/wp\/v2\/comments?post=3810"}],"version-history":[{"count":6,"href":"https:\/\/www.byenhof.nl\/de\/wp-json\/wp\/v2\/pages\/3810\/revisions"}],"predecessor-version":[{"id":5429,"href":"https:\/\/www.byenhof.nl\/de\/wp-json\/wp\/v2\/pages\/3810\/revisions\/5429"}],"wp:attachment":[{"href":"https:\/\/www.byenhof.nl\/de\/wp-json\/wp\/v2\/media?parent=3810"}],"curies":[{"name":"wp","href":"https:\/\/api.w.org\/{rel}","templated":true}]}}