{"id":3821,"date":"2026-01-27T16:26:03","date_gmt":"2026-01-27T15:26:03","guid":{"rendered":"https:\/\/www.byenhof.nl\/datenschutzerklaerung\/"},"modified":"2026-02-03T13:59:27","modified_gmt":"2026-02-03T12:59:27","slug":"datenschutzerklaerung","status":"publish","type":"page","link":"https:\/\/www.byenhof.nl\/de\/datenschutzerklaerung\/","title":{"rendered":"Datenschutzerkl\u00e4rung"},"content":{"rendered":"\t\t<div data-elementor-type=\"wp-page\" data-elementor-id=\"3821\" class=\"elementor elementor-3821 elementor-637\" data-elementor-post-type=\"page\">\n\t\t\t\t<div class=\"elementor-element elementor-element-6617e1a2 e-flex e-con-boxed e-con e-parent\" data-id=\"6617e1a2\" data-element_type=\"container\" data-e-type=\"container\">\n\t\t\t\t\t<div class=\"e-con-inner\">\n\t\t\t\t<div class=\"elementor-element elementor-element-5147c7ed elementor-widget elementor-widget-text-editor\" data-id=\"5147c7ed\" data-element_type=\"widget\" data-e-type=\"widget\" data-widget_type=\"text-editor.default\">\n\t\t\t\t\t\t\t\t\t<h1 data-start=\"326\" data-end=\"368\"><span style=\"font-size: 18pt;\">Datenschutzerkl\u00e4rung Byenhof Bedrijfsdeuren<\/span><\/h1><p data-start=\"370\" data-end=\"626\">Byenhof Bedrijfsdeuren, mit Sitz in Goorsestraat 6, 7041 GA &#8217;s-Heerenberg, ist der Verantwortliche im Sinne der Datenschutz-Grundverordnung (DSGVO) f\u00fcr die Verarbeitung von personenbezogenen Daten, wie in dieser Datenschutzerkl\u00e4rung beschrieben.<\/p><h2 data-start=\"628\" data-end=\"649\"><span style=\"font-size: 14pt;\">Kontaktdaten<\/span><\/h2><p data-start=\"651\" data-end=\"728\">Byenhof Bedrijfsdeuren<br data-start=\"673\" data-end=\"676\">Goorsestraat 6<br data-start=\"690\" data-end=\"693\">7041 GA &#8217;s-Heerenberg<br data-start=\"714\" data-end=\"717\">Niederlande<\/p><p data-start=\"730\" data-end=\"811\">Telefon: +31 (0)314 662419<br data-start=\"757\" data-end=\"760\">E-Mail: <a class=\"decorated-link cursor-pointer\" rel=\"noopener\" data-start=\"768\" data-end=\"783\">info@byenhof.nl<\/a><br data-start=\"783\" data-end=\"786\">Webseite: <span style=\"color: #993300;\"><strong><a class=\"decorated-link\" style=\"color: #993300;\" href=\"http:\/\/www.byenhof.nl\" target=\"_blank\" rel=\"noopener\" data-start=\"795\" data-end=\"809\">www.byenhof.nl<\/a><\/strong><\/span><\/p><hr data-start=\"813\" data-end=\"816\"><h2 data-start=\"818\" data-end=\"858\"><span style=\"font-size: 14pt;\">Personenbezogene Daten, die wir verarbeiten<\/span><\/h2><p data-start=\"860\" data-end=\"1001\">Byenhof Bedrijfsdeuren verarbeitet personenbezogene Daten, weil Sie unsere Dienste nutzen und\/oder uns diese personenbezogenen Daten selbst zur Verf\u00fcgung stellen.<\/p><p data-start=\"1003\" data-end=\"1056\">Es handelt sich um die folgenden Kategorien personenbezogener Daten:<\/p><ul style=\"list-style-type: disc;\"><li data-start=\"1059\" data-end=\"1080\">Vor- und Nachname<\/li><li data-start=\"1083\" data-end=\"1099\">Telefonnummer<\/li><li data-start=\"1102\" data-end=\"1115\">E-Mail-Adresse<\/li><\/ul><hr data-start=\"1117\" data-end=\"1120\"><h2 data-start=\"1122\" data-end=\"1171\"><span style=\"font-size: 14pt;\">Besondere und\/oder sensible personenbezogene Daten<\/span><\/h2><p data-start=\"1173\" data-end=\"1280\">Byenhof Bedrijfsdeuren verarbeitet keine besonderen oder sensiblen personenbezogenen Daten im Sinne von Artikel 9 DSGVO.<\/p><p data-start=\"1282\" data-end=\"1630\">Unsere Website und unsere Dienstleistungen richten sich nicht an Personen unter 16 Jahren. Wir erheben nicht wissentlich personenbezogene Daten von Minderj\u00e4hrigen ohne die Zustimmung der Eltern oder Erziehungsberechtigten. Da wir das Alter der Besucher nicht \u00fcberpr\u00fcfen k\u00f6nnen, raten wir Eltern, die Online-Aktivit\u00e4ten ihrer Kinder zu \u00fcberwachen.  <\/p><p data-start=\"1632\" data-end=\"1846\">Wenn Sie der Meinung sind, dass wir unrechtm\u00e4\u00dfig personenbezogene Daten eines Minderj\u00e4hrigen verarbeitet haben, kontaktieren Sie uns bitte \u00fcber <a class=\"decorated-link cursor-pointer\" rel=\"noopener\" data-start=\"1781\" data-end=\"1796\">info@byenhof.nl<\/a>. Wir werden diese Daten unverz\u00fcglich l\u00f6schen. <\/p><hr data-start=\"1848\" data-end=\"1851\"><h2 data-start=\"1853\" data-end=\"1904\"><span style=\"font-size: 14pt;\">Zwecke und Rechtsgrundlagen der Verarbeitung<\/span><\/h2><p data-start=\"1906\" data-end=\"1995\">Byenhof Bedrijfsdeuren verarbeitet personenbezogene Daten ausschlie\u00dflich f\u00fcr die folgenden Zwecke:<\/p><ul style=\"list-style-type: disc;\"><li data-start=\"1998\" data-end=\"2046\">Die Ausf\u00fchrung und Abwicklung von Vertr\u00e4gen<\/li><li data-start=\"2049\" data-end=\"2083\">Die Pflege des Kundenkontakts<\/li><li data-start=\"2086\" data-end=\"2145\">Die Bereitstellung von Informationen \u00fcber Dienstleistungen und Produkte<\/li><li data-start=\"2148\" data-end=\"2206\">Das Versenden von Newslettern und Marketingkommunikation<\/li><li data-start=\"2209\" data-end=\"2247\">Die Lieferung von Waren und Dienstleistungen<\/li><\/ul><p data-start=\"2249\" data-end=\"2331\">Die Verarbeitung erfolgt auf der Grundlage einer oder mehrerer der folgenden Rechtsgrundlagen:<\/p><ul style=\"list-style-type: disc;\"><li data-start=\"2334\" data-end=\"2393\">Einwilligung der betroffenen Person (Artikel 6 Absatz 1 Buchstabe a DSGVO)<\/li><li data-start=\"2396\" data-end=\"2478\">Erforderlich f\u00fcr die Erf\u00fcllung eines Vertrags (Artikel 6 Absatz 1 Buchstabe b DSGVO)<\/li><li data-start=\"2481\" data-end=\"2534\">Gesetzliche Verpflichtung (Artikel 6 Absatz 1 Buchstabe c DSGVO)<\/li><li data-start=\"2537\" data-end=\"2631\">Berechtigtes Interesse, einschlie\u00dflich Gesch\u00e4ftsbetrieb und Kundenverwaltung (Artikel 6 Absatz 1 Buchstabe f DSGVO)<\/li><\/ul><hr data-start=\"2633\" data-end=\"2636\"><h2 data-start=\"2638\" data-end=\"2675\"><span style=\"font-size: 14pt;\">Automatisierte Entscheidungsfindung<\/span><\/h2><p data-start=\"2677\" data-end=\"2888\">Byenhof Bedrijfsdeuren verwendet keine automatisierte Entscheidungsfindung oder Profilerstellung im Sinne von Artikel 22 DSGVO, die Rechtsfolgen f\u00fcr die Betroffenen hat oder sie anderweitig erheblich beeintr\u00e4chtigt.<\/p><hr data-start=\"2890\" data-end=\"2893\"><h2 data-start=\"2895\" data-end=\"2916\"><span style=\"font-size: 14pt;\">Aufbewahrungsfristen<\/span><\/h2><p data-start=\"2918\" data-end=\"3100\">Byenhof Bedrijfsdeuren speichert personenbezogene Daten nicht l\u00e4nger als f\u00fcr die Zwecke, f\u00fcr die sie verarbeitet werden, erforderlich ist, es sei denn, es besteht eine gesetzliche Aufbewahrungspflicht.<\/p><p data-start=\"3102\" data-end=\"3148\">Die folgenden Aufbewahrungsfristen werden angewendet:<\/p><ul style=\"list-style-type: disc;\"><li data-start=\"3151\" data-end=\"3228\">Kontakt- und Basisdaten: maximal 1 Jahr nach dem letzten Kontaktmoment<\/li><\/ul><p data-start=\"3230\" data-end=\"3323\">Nach Ablauf der Aufbewahrungsfrist werden personenbezogene Daten gel\u00f6scht oder anonymisiert.<\/p><hr data-start=\"3325\" data-end=\"3328\"><h2 data-start=\"3330\" data-end=\"3359\"><span style=\"font-size: 14pt;\">Weitergabe an Dritte<\/span><\/h2><p data-start=\"3361\" data-end=\"3466\">Byenhof Bedrijfsdeuren gibt personenbezogene Daten nur dann an Dritte weiter, wenn dies erforderlich ist f\u00fcr:<\/p><ul style=\"list-style-type: disc;\"><li data-start=\"3469\" data-end=\"3509\">die Erf\u00fcllung eines Vertrags; oder<\/li><li data-start=\"3512\" data-end=\"3556\">die Erf\u00fcllung einer gesetzlichen Verpflichtung.<\/li><\/ul><p data-start=\"3558\" data-end=\"3704\">Wenn Dritte personenbezogene Daten im Auftrag von Byenhof Bedrijfsdeuren verarbeiten, wird ein Auftragsverarbeitungsvertrag gem\u00e4\u00df Artikel 28 DSGVO geschlossen.<\/p><hr data-start=\"3706\" data-end=\"3709\"><h2 data-start=\"3711\" data-end=\"3752\"><span style=\"font-size: 14pt;\">Cookies und vergleichbare Techniken<\/span><\/h2><p data-start=\"3754\" data-end=\"3968\">Byenhof Bedrijfsdeuren verwendet funktionale, analytische und Tracking-Cookies. Cookies sind kleine Textdateien, die beim ersten Besuch der Website auf dem Ger\u00e4t des Nutzers gespeichert werden. <\/p><p data-start=\"3970\" data-end=\"4246\">Funktionale Cookies sind f\u00fcr das korrekte Funktionieren der Website erforderlich. Analytische Cookies werden verwendet, um die Nutzung der Website zu analysieren und zu optimieren. Tracking-Cookies werden eingesetzt, um personalisierte Inhalte und Werbung anzubieten.  <\/p><p data-start=\"4248\" data-end=\"4372\">Beim ersten Besuch der Website wird, soweit gesetzlich vorgeschrieben, um Erlaubnis gebeten, Cookies zu setzen.<\/p><p data-start=\"4374\" data-end=\"4584\">Sie k\u00f6nnen Cookies \u00fcber die Einstellungen Ihres Browsers l\u00f6schen oder deaktivieren. Weitere Informationen hierzu finden Sie unter: <br data-start=\"4495\" data-end=\"4498\"><span style=\"color: #993300;\"><strong><a class=\"decorated-link\" style=\"color: #993300;\" href=\"https:\/\/veiliginternetten.nl\/themes\/situatie\/cookies-wat-zijn-het-en-wat-doe-ik-ermee\/\" target=\"_blank\" rel=\"noopener\" data-start=\"4498\" data-end=\"4584\">https:\/\/veiliginternetten.nl\/themes\/situatie\/cookies-wat-zijn-het-en-wat-doe-ik-ermee\/<\/a><\/strong><\/span><\/p><hr data-start=\"4586\" data-end=\"4589\"><h2 data-start=\"4591\" data-end=\"4620\"><span style=\"font-size: 14pt;\">Rechte der Betroffenen<\/span><\/h2><p data-start=\"4622\" data-end=\"4643\">Sie haben das Recht:<\/p><ul style=\"list-style-type: disc;\"><li data-start=\"4646\" data-end=\"4692\">Auskunft \u00fcber Ihre personenbezogenen Daten zu erhalten;<\/li><li data-start=\"4695\" data-end=\"4743\">unrichtige personenbezogene Daten berichtigen zu lassen;<\/li><li data-start=\"4746\" data-end=\"4786\">personenbezogene Daten l\u00f6schen zu lassen;<\/li><li data-start=\"4789\" data-end=\"4823\">die Verarbeitung einschr\u00e4nken zu lassen;<\/li><li data-start=\"4826\" data-end=\"4865\">Widerspruch gegen die Verarbeitung einzulegen;<\/li><li data-start=\"4868\" data-end=\"4928\">Ihre personenbezogenen Daten an sich selbst oder einen Dritten \u00fcbertragen zu lassen;<\/li><li data-start=\"4931\" data-end=\"5021\">Ihre Einwilligung jederzeit zu widerrufen, sofern die Verarbeitung darauf beruht.<\/li><\/ul><p data-start=\"5023\" data-end=\"5077\">Anfragen k\u00f6nnen \u00fcber <a class=\"decorated-link cursor-pointer\" rel=\"noopener\" data-start=\"5061\" data-end=\"5076\">info@byenhof.nl<\/a> eingereicht werden.<\/p><p data-start=\"5079\" data-end=\"5251\">Zur \u00dcberpr\u00fcfung Ihrer Identit\u00e4t kann eine Kopie eines g\u00fcltigen Ausweisdokuments angefordert werden, wobei Ihr Passfoto, MRZ, die Dokumentnummer und die BSN unleserlich gemacht werden.<\/p><p data-start=\"5253\" data-end=\"5308\">Wir werden Ihre Anfrage sp\u00e4testens innerhalb von vier Wochen beantworten.<\/p><hr data-start=\"5310\" data-end=\"5313\"><h2 data-start=\"5315\" data-end=\"5330\"><span style=\"font-size: 14pt;\">Beschwerden<\/span><\/h2><p data-start=\"5332\" data-end=\"5599\">Wenn Sie der Meinung sind, dass die Verarbeitung Ihrer personenbezogenen Daten gegen die DSGVO verst\u00f6\u00dft, haben Sie das Recht, eine Beschwerde bei der Aufsichtsbeh\u00f6rde f\u00fcr personenbezogene Daten einzureichen \u00fcber:<br data-start=\"5505\" data-end=\"5508\"><span style=\"color: #993300;\"><strong><a class=\"decorated-link\" style=\"color: #993300;\" href=\"https:\/\/autoriteitpersoonsgegevens.nl\/nl\/contact-met-de-autoriteit-persoonsgegevens\/tip-ons\" target=\"_blank\" rel=\"noopener\" data-start=\"5508\" data-end=\"5599\">https:\/\/autoriteitpersoonsgegevens.nl\/nl\/contact-met-de-autoriteit-persoonsgegevens\/tip-ons<\/a><\/strong><\/span><\/p><hr data-start=\"5601\" data-end=\"5604\"><h2 data-start=\"5606\" data-end=\"5645\"><span style=\"font-size: 14pt;\">Schutz von personenbezogenen Daten<\/span><\/h2><p data-start=\"5647\" data-end=\"5849\">Byenhof Bedrijfsdeuren trifft geeignete technische und organisatorische Ma\u00dfnahmen, um personenbezogene Daten gegen Verlust, Missbrauch, unbefugten Zugriff, unbefugte Offenlegung und \u00c4nderung zu sch\u00fctzen.<\/p><p data-start=\"5851\" data-end=\"6011\">Wenn Sie vermuten, dass Ihre personenbezogenen Daten nicht ausreichend gesch\u00fctzt sind oder ein Missbrauch vorliegt, kontaktieren Sie uns bitte \u00fcber <a class=\"decorated-link cursor-pointer\" rel=\"noopener\" data-start=\"5995\" data-end=\"6010\">info@byenhof.nl<\/a>.<\/p>\t\t\t\t\t\t\t\t<\/div>\n\t\t\t\t\t<\/div>\n\t\t\t\t<\/div>\n\t\t\t\t<\/div>\n\t\t","protected":false},"excerpt":{"rendered":"<p>Datenschutzerkl\u00e4rung Byenhof Bedrijfsdeuren Byenhof Bedrijfsdeuren, mit Sitz in Goorsestraat 6, 7041 GA &#8217;s-Heerenberg, ist der Verantwortliche im Sinne der Datenschutz-Grundverordnung (DSGVO) f\u00fcr die Verarbeitung von personenbezogenen Daten, wie in dieser Datenschutzerkl\u00e4rung beschrieben. Kontaktdaten Byenhof BedrijfsdeurenGoorsestraat 67041 GA &#8217;s-HeerenbergNiederlande Telefon: +31 (0)314 662419E-Mail: info@byenhof.nlWebseite: www.byenhof.nl Personenbezogene Daten, die wir verarbeiten Byenhof Bedrijfsdeuren verarbeitet personenbezogene Daten, weil [&hellip;]<\/p>\n","protected":false},"author":3,"featured_media":0,"parent":0,"menu_order":7,"comment_status":"closed","ping_status":"closed","template":"","meta":{"footnotes":""},"class_list":["post-3821","page","type-page","status-publish","hentry"],"yoast_head":"<!-- This site is optimized with the Yoast SEO plugin v27.1.1 - https:\/\/yoast.com\/product\/yoast-seo-wordpress\/ -->\n<title>Datenschutzerkl\u00e4rung - Byenhof Bedrijfsdeuren<\/title>\n<meta name=\"robots\" content=\"index, follow, max-snippet:-1, max-image-preview:large, max-video-preview:-1\" \/>\n<link rel=\"canonical\" href=\"https:\/\/www.byenhof.nl\/de\/datenschutzerklaerung\/\" \/>\n<meta property=\"og:locale\" content=\"de_DE\" \/>\n<meta property=\"og:type\" content=\"article\" \/>\n<meta property=\"og:title\" content=\"Datenschutzerkl\u00e4rung - Byenhof Bedrijfsdeuren\" \/>\n<meta property=\"og:description\" content=\"Datenschutzerkl\u00e4rung Byenhof Bedrijfsdeuren Byenhof Bedrijfsdeuren, mit Sitz in Goorsestraat 6, 7041 GA &#8217;s-Heerenberg, ist der Verantwortliche im Sinne der Datenschutz-Grundverordnung (DSGVO) f\u00fcr die Verarbeitung von personenbezogenen Daten, wie in dieser Datenschutzerkl\u00e4rung beschrieben. Kontaktdaten Byenhof BedrijfsdeurenGoorsestraat 67041 GA &#8217;s-HeerenbergNiederlande Telefon: +31 (0)314 662419E-Mail: info@byenhof.nlWebseite: www.byenhof.nl Personenbezogene Daten, die wir verarbeiten Byenhof Bedrijfsdeuren verarbeitet personenbezogene Daten, weil [&hellip;]\" \/>\n<meta property=\"og:url\" content=\"https:\/\/www.byenhof.nl\/de\/datenschutzerklaerung\/\" \/>\n<meta property=\"og:site_name\" content=\"Byenhof Bedrijfsdeuren\" \/>\n<meta property=\"article:publisher\" content=\"https:\/\/www.facebook.com\/Byenhof-AK-Techniek-BV-219453718085032\" \/>\n<meta property=\"article:modified_time\" content=\"2026-02-03T12:59:27+00:00\" \/>\n<meta name=\"twitter:card\" content=\"summary_large_image\" \/>\n<meta name=\"twitter:site\" content=\"@byenhof\" \/>\n<meta name=\"twitter:label1\" content=\"Gesch\u00e4tzte Lesezeit\" \/>\n\t<meta name=\"twitter:data1\" content=\"3\u00a0Minuten\" \/>\n<script type=\"application\/ld+json\" class=\"yoast-schema-graph\">{\"@context\":\"https:\/\/schema.org\",\"@graph\":[{\"@type\":\"WebPage\",\"@id\":\"https:\/\/www.byenhof.nl\/de\/datenschutzerklaerung\/\",\"url\":\"https:\/\/www.byenhof.nl\/de\/datenschutzerklaerung\/\",\"name\":\"Datenschutzerkl\u00e4rung - Byenhof Bedrijfsdeuren\",\"isPartOf\":{\"@id\":\"https:\/\/www.byenhof.nl\/#website\"},\"datePublished\":\"2026-01-27T15:26:03+00:00\",\"dateModified\":\"2026-02-03T12:59:27+00:00\",\"breadcrumb\":{\"@id\":\"https:\/\/www.byenhof.nl\/de\/datenschutzerklaerung\/#breadcrumb\"},\"inLanguage\":\"de\",\"potentialAction\":[{\"@type\":\"ReadAction\",\"target\":[\"https:\/\/www.byenhof.nl\/de\/datenschutzerklaerung\/\"]}]},{\"@type\":\"BreadcrumbList\",\"@id\":\"https:\/\/www.byenhof.nl\/de\/datenschutzerklaerung\/#breadcrumb\",\"itemListElement\":[{\"@type\":\"ListItem\",\"position\":1,\"name\":\"Startseite\",\"item\":\"https:\/\/www.byenhof.nl\/de\/startseite\/\"},{\"@type\":\"ListItem\",\"position\":2,\"name\":\"Datenschutzerkl\u00e4rung\"}]},{\"@type\":\"WebSite\",\"@id\":\"https:\/\/www.byenhof.nl\/#website\",\"url\":\"https:\/\/www.byenhof.nl\/\",\"name\":\"Byenhof Bedrijfsdeuren\",\"description\":\"\",\"publisher\":{\"@id\":\"https:\/\/www.byenhof.nl\/#organization\"},\"potentialAction\":[{\"@type\":\"SearchAction\",\"target\":{\"@type\":\"EntryPoint\",\"urlTemplate\":\"https:\/\/www.byenhof.nl\/?s={search_term_string}\"},\"query-input\":{\"@type\":\"PropertyValueSpecification\",\"valueRequired\":true,\"valueName\":\"search_term_string\"}}],\"inLanguage\":\"de\"},{\"@type\":\"Organization\",\"@id\":\"https:\/\/www.byenhof.nl\/#organization\",\"name\":\"Byenhof Bedrijfsdeuren\",\"url\":\"https:\/\/www.byenhof.nl\/\",\"logo\":{\"@type\":\"ImageObject\",\"inLanguage\":\"de\",\"@id\":\"https:\/\/www.byenhof.nl\/#\/schema\/logo\/image\/\",\"url\":\"https:\/\/www.byenhof.nl\/wp-content\/uploads\/2026\/01\/Byenhof-Bedrijfsdeuren-zwart-wit-wit_25.jpg\",\"contentUrl\":\"https:\/\/www.byenhof.nl\/wp-content\/uploads\/2026\/01\/Byenhof-Bedrijfsdeuren-zwart-wit-wit_25.jpg\",\"caption\":\"Byenhof Bedrijfsdeuren\"},\"image\":{\"@id\":\"https:\/\/www.byenhof.nl\/#\/schema\/logo\/image\/\"},\"sameAs\":[\"https:\/\/www.facebook.com\/Byenhof-AK-Techniek-BV-219453718085032\",\"https:\/\/x.com\/byenhof\",\"https:\/\/www.youtube.com\/channel\/UCsru8FAZlgDK3Iy0zXfHwiA\"]}]}<\/script>\n<!-- \/ Yoast SEO plugin. -->","yoast_head_json":{"title":"Datenschutzerkl\u00e4rung - Byenhof Bedrijfsdeuren","robots":{"index":"index","follow":"follow","max-snippet":"max-snippet:-1","max-image-preview":"max-image-preview:large","max-video-preview":"max-video-preview:-1"},"canonical":"https:\/\/www.byenhof.nl\/de\/datenschutzerklaerung\/","og_locale":"de_DE","og_type":"article","og_title":"Datenschutzerkl\u00e4rung - Byenhof Bedrijfsdeuren","og_description":"Datenschutzerkl\u00e4rung Byenhof Bedrijfsdeuren Byenhof Bedrijfsdeuren, mit Sitz in Goorsestraat 6, 7041 GA &#8217;s-Heerenberg, ist der Verantwortliche im Sinne der Datenschutz-Grundverordnung (DSGVO) f\u00fcr die Verarbeitung von personenbezogenen Daten, wie in dieser Datenschutzerkl\u00e4rung beschrieben. Kontaktdaten Byenhof BedrijfsdeurenGoorsestraat 67041 GA &#8217;s-HeerenbergNiederlande Telefon: +31 (0)314 662419E-Mail: info@byenhof.nlWebseite: www.byenhof.nl Personenbezogene Daten, die wir verarbeiten Byenhof Bedrijfsdeuren verarbeitet personenbezogene Daten, weil [&hellip;]","og_url":"https:\/\/www.byenhof.nl\/de\/datenschutzerklaerung\/","og_site_name":"Byenhof Bedrijfsdeuren","article_publisher":"https:\/\/www.facebook.com\/Byenhof-AK-Techniek-BV-219453718085032","article_modified_time":"2026-02-03T12:59:27+00:00","twitter_card":"summary_large_image","twitter_site":"@byenhof","twitter_misc":{"Gesch\u00e4tzte Lesezeit":"3\u00a0Minuten"},"schema":{"@context":"https:\/\/schema.org","@graph":[{"@type":"WebPage","@id":"https:\/\/www.byenhof.nl\/de\/datenschutzerklaerung\/","url":"https:\/\/www.byenhof.nl\/de\/datenschutzerklaerung\/","name":"Datenschutzerkl\u00e4rung - Byenhof Bedrijfsdeuren","isPartOf":{"@id":"https:\/\/www.byenhof.nl\/#website"},"datePublished":"2026-01-27T15:26:03+00:00","dateModified":"2026-02-03T12:59:27+00:00","breadcrumb":{"@id":"https:\/\/www.byenhof.nl\/de\/datenschutzerklaerung\/#breadcrumb"},"inLanguage":"de","potentialAction":[{"@type":"ReadAction","target":["https:\/\/www.byenhof.nl\/de\/datenschutzerklaerung\/"]}]},{"@type":"BreadcrumbList","@id":"https:\/\/www.byenhof.nl\/de\/datenschutzerklaerung\/#breadcrumb","itemListElement":[{"@type":"ListItem","position":1,"name":"Startseite","item":"https:\/\/www.byenhof.nl\/de\/startseite\/"},{"@type":"ListItem","position":2,"name":"Datenschutzerkl\u00e4rung"}]},{"@type":"WebSite","@id":"https:\/\/www.byenhof.nl\/#website","url":"https:\/\/www.byenhof.nl\/","name":"Byenhof Bedrijfsdeuren","description":"","publisher":{"@id":"https:\/\/www.byenhof.nl\/#organization"},"potentialAction":[{"@type":"SearchAction","target":{"@type":"EntryPoint","urlTemplate":"https:\/\/www.byenhof.nl\/?s={search_term_string}"},"query-input":{"@type":"PropertyValueSpecification","valueRequired":true,"valueName":"search_term_string"}}],"inLanguage":"de"},{"@type":"Organization","@id":"https:\/\/www.byenhof.nl\/#organization","name":"Byenhof Bedrijfsdeuren","url":"https:\/\/www.byenhof.nl\/","logo":{"@type":"ImageObject","inLanguage":"de","@id":"https:\/\/www.byenhof.nl\/#\/schema\/logo\/image\/","url":"https:\/\/www.byenhof.nl\/wp-content\/uploads\/2026\/01\/Byenhof-Bedrijfsdeuren-zwart-wit-wit_25.jpg","contentUrl":"https:\/\/www.byenhof.nl\/wp-content\/uploads\/2026\/01\/Byenhof-Bedrijfsdeuren-zwart-wit-wit_25.jpg","caption":"Byenhof Bedrijfsdeuren"},"image":{"@id":"https:\/\/www.byenhof.nl\/#\/schema\/logo\/image\/"},"sameAs":["https:\/\/www.facebook.com\/Byenhof-AK-Techniek-BV-219453718085032","https:\/\/x.com\/byenhof","https:\/\/www.youtube.com\/channel\/UCsru8FAZlgDK3Iy0zXfHwiA"]}]}},"_links":{"self":[{"href":"https:\/\/www.byenhof.nl\/de\/wp-json\/wp\/v2\/pages\/3821","targetHints":{"allow":["GET"]}}],"collection":[{"href":"https:\/\/www.byenhof.nl\/de\/wp-json\/wp\/v2\/pages"}],"about":[{"href":"https:\/\/www.byenhof.nl\/de\/wp-json\/wp\/v2\/types\/page"}],"author":[{"embeddable":true,"href":"https:\/\/www.byenhof.nl\/de\/wp-json\/wp\/v2\/users\/3"}],"replies":[{"embeddable":true,"href":"https:\/\/www.byenhof.nl\/de\/wp-json\/wp\/v2\/comments?post=3821"}],"version-history":[{"count":3,"href":"https:\/\/www.byenhof.nl\/de\/wp-json\/wp\/v2\/pages\/3821\/revisions"}],"predecessor-version":[{"id":4946,"href":"https:\/\/www.byenhof.nl\/de\/wp-json\/wp\/v2\/pages\/3821\/revisions\/4946"}],"wp:attachment":[{"href":"https:\/\/www.byenhof.nl\/de\/wp-json\/wp\/v2\/media?parent=3821"}],"curies":[{"name":"wp","href":"https:\/\/api.w.org\/{rel}","templated":true}]}}