{"id":3839,"date":"2026-01-27T16:26:21","date_gmt":"2026-01-27T15:26:21","guid":{"rendered":"https:\/\/www.byenhof.nl\/ueber-uns\/"},"modified":"2026-02-06T11:57:14","modified_gmt":"2026-02-06T10:57:14","slug":"ueber-uns","status":"publish","type":"page","link":"https:\/\/www.byenhof.nl\/de\/ueber-uns\/","title":{"rendered":"\u00dcber uns"},"content":{"rendered":"\t\t<div data-elementor-type=\"wp-page\" data-elementor-id=\"3839\" class=\"elementor elementor-3839 elementor-9\" data-elementor-post-type=\"page\">\n\t\t\t\t<div class=\"elementor-element elementor-element-6b18ab6f e-flex e-con-boxed e-con e-parent\" data-id=\"6b18ab6f\" data-element_type=\"container\" data-e-type=\"container\" data-settings=\"{&quot;background_background&quot;:&quot;classic&quot;}\">\n\t\t\t\t\t<div class=\"e-con-inner\">\n\t\t\t\t<div class=\"elementor-element elementor-element-2d3c85e0 elementor-widget elementor-widget-breadcrumbs\" data-id=\"2d3c85e0\" data-element_type=\"widget\" data-e-type=\"widget\" data-widget_type=\"breadcrumbs.default\">\n\t\t\t\t\t<p id=\"breadcrumbs\"><span><span><a href=\"https:\/\/www.byenhof.nl\/de\/startseite\/\">Startseite<\/a><\/span><\/span><\/p>\t\t\t\t<\/div>\n\t\t\t\t\t<\/div>\n\t\t\t\t<\/div>\n\t\t<div class=\"elementor-element elementor-element-511f726f e-flex e-con-boxed e-con e-parent\" data-id=\"511f726f\" data-element_type=\"container\" data-e-type=\"container\" data-settings=\"{&quot;background_background&quot;:&quot;classic&quot;}\">\n\t\t\t\t\t<div class=\"e-con-inner\">\n\t\t<div class=\"elementor-element elementor-element-78e0f124 e-con-full e-flex e-con e-child\" data-id=\"78e0f124\" data-element_type=\"container\" data-e-type=\"container\">\n\t\t\t\t<div class=\"elementor-element elementor-element-53f0454c elementor-widget elementor-widget-heading\" data-id=\"53f0454c\" data-element_type=\"widget\" data-e-type=\"widget\" data-widget_type=\"heading.default\">\n\t\t\t\t\t<h1 class=\"elementor-heading-title elementor-size-default\">\u00dcber uns<\/h1>\t\t\t\t<\/div>\n\t\t\t\t<div class=\"elementor-element elementor-element-7f207c1d elementor-widget elementor-widget-text-editor\" data-id=\"7f207c1d\" data-element_type=\"widget\" data-e-type=\"widget\" data-widget_type=\"text-editor.default\">\n\t\t\t\t\t\t\t\t\t<p>Byenhof Bedrijfsdeuren steht f\u00fcr zuverl\u00e4ssige Ma\u00dfanfertigungen, in denen Handwerkskunst, Qualit\u00e4t und Engagement zusammenkommen. Mit jahrelanger Erfahrung und einem starken Fokus auf Technik entwickeln und produzieren wir T\u00fcren und Abschl\u00fcsse f\u00fcr verschiedenste Anwendungen. Wir denken aktiv vom ersten Entwurf an mit und setzen W\u00fcnsche in praktische und nachhaltige L\u00f6sungen um. So unterst\u00fctzen wir unsere Kunden mit Produkten, auf die sie langfristig vertrauen k\u00f6nnen.   <\/p>\t\t\t\t\t\t\t\t<\/div>\n\t\t\t\t<\/div>\n\t\t<div class=\"elementor-element elementor-element-c8d56f2 e-con-full e-flex e-con e-child\" data-id=\"c8d56f2\" data-element_type=\"container\" data-e-type=\"container\">\n\t\t\t\t<div class=\"elementor-element elementor-element-30b69979 elementor-absolute teaser__image elementor-widget elementor-widget-image\" data-id=\"30b69979\" data-element_type=\"widget\" data-e-type=\"widget\" data-settings=\"{&quot;_position&quot;:&quot;absolute&quot;}\" data-widget_type=\"image.default\">\n\t\t\t\t\t\t\t\t\t\t\t\t\t\t\t<img fetchpriority=\"high\" decoding=\"async\" width=\"1024\" height=\"616\" src=\"https:\/\/www.byenhof.nl\/wp-content\/uploads\/2025\/10\/20250824101452-scaled-e1759310779405-1024x616.jpg\" class=\"attachment-large size-large wp-image-1676\" alt=\"\" srcset=\"https:\/\/www.byenhof.nl\/wp-content\/uploads\/2025\/10\/20250824101452-scaled-e1759310779405-1024x616.jpg 1024w, https:\/\/www.byenhof.nl\/wp-content\/uploads\/2025\/10\/20250824101452-scaled-e1759310779405-300x180.jpg 300w, https:\/\/www.byenhof.nl\/wp-content\/uploads\/2025\/10\/20250824101452-scaled-e1759310779405-768x462.jpg 768w, https:\/\/www.byenhof.nl\/wp-content\/uploads\/2025\/10\/20250824101452-scaled-e1759310779405-1536x924.jpg 1536w, https:\/\/www.byenhof.nl\/wp-content\/uploads\/2025\/10\/20250824101452-scaled-e1759310779405-2048x1232.jpg 2048w\" sizes=\"(max-width: 1024px) 100vw, 1024px\" \/>\t\t\t\t\t\t\t\t\t\t\t\t\t\t\t<\/div>\n\t\t\t\t<\/div>\n\t\t\t\t\t<\/div>\n\t\t\t\t<\/div>\n\t\t<div class=\"elementor-element elementor-element-7b1a6cc9 e-flex e-con-boxed e-con e-parent\" data-id=\"7b1a6cc9\" data-element_type=\"container\" data-e-type=\"container\">\n\t\t\t\t\t<div class=\"e-con-inner\">\n\t\t\t\t<div class=\"elementor-element elementor-element-651ae56a elementor-align-center elementor-icon-list--layout-traditional elementor-list-item-link-full_width elementor-widget elementor-widget-icon-list\" data-id=\"651ae56a\" data-element_type=\"widget\" data-e-type=\"widget\" data-widget_type=\"icon-list.default\">\n\t\t\t\t\t\t\t<ul class=\"elementor-icon-list-items\">\n\t\t\t\t\t\t\t<li class=\"elementor-icon-list-item\">\n\t\t\t\t\t\t\t\t\t\t\t<a href=\"#ontdek\">\n\n\t\t\t\t\t\t\t\t\t\t\t\t<span class=\"elementor-icon-list-icon\">\n\t\t\t\t\t\t\t<svg aria-hidden=\"true\" class=\"e-font-icon-svg e-fas-chevron-circle-down\" viewBox=\"0 0 512 512\" xmlns=\"http:\/\/www.w3.org\/2000\/svg\"><path d=\"M504 256c0 137-111 248-248 248S8 393 8 256 119 8 256 8s248 111 248 248zM273 369.9l135.5-135.5c9.4-9.4 9.4-24.6 0-33.9l-17-17c-9.4-9.4-24.6-9.4-33.9 0L256 285.1 154.4 183.5c-9.4-9.4-24.6-9.4-33.9 0l-17 17c-9.4 9.4-9.4 24.6 0 33.9L239 369.9c9.4 9.4 24.6 9.4 34 0z\"><\/path><\/svg>\t\t\t\t\t\t<\/span>\n\t\t\t\t\t\t\t\t\t\t<span class=\"elementor-icon-list-text\">Mehr entdecken<\/span>\n\t\t\t\t\t\t\t\t\t\t\t<\/a>\n\t\t\t\t\t\t\t\t\t<\/li>\n\t\t\t\t\t\t<\/ul>\n\t\t\t\t\t\t<\/div>\n\t\t\t\t\t<\/div>\n\t\t\t\t<\/div>\n\t\t<div class=\"elementor-element elementor-element-6081846 e-flex e-con-boxed e-con e-parent\" data-id=\"6081846\" data-element_type=\"container\" data-e-type=\"container\">\n\t\t\t\t\t<div class=\"e-con-inner\">\n\t\t\t\t<div class=\"elementor-element elementor-element-2c933c3c elementor-widget elementor-widget-text-editor\" data-id=\"2c933c3c\" data-element_type=\"widget\" data-e-type=\"widget\" data-widget_type=\"text-editor.default\">\n\t\t\t\t\t\t\t\t\t<p data-start=\"256\" data-end=\"536\">Byenhof Bedrijfsdeuren steht seit mehr als 40 Jahren f\u00fcr Zuverl\u00e4ssigkeit, Handwerkskunst und Genauigkeit. Mit einer Produktionsfl\u00e4che von \u00fcber 3.000 m\u00b2 und einem Lagerbestand von mehr als 100.000 Metern Profilen geh\u00f6ren wir zu den f\u00fchrenden Herstellern in unserer Branche. <\/p><p data-start=\"538\" data-end=\"798\">Wir entwickeln, produzieren und montieren hochwertige L\u00f6sungen f\u00fcr den Industrie-, Wohnungs- und Fassadenbau. Dar\u00fcber hinaus \u00fcbernehmen wir Service und Wartung f\u00fcr alle unsere Produkte, sodass Qualit\u00e4t und Betriebssicherheit auch langfristig gew\u00e4hrleistet bleiben. <\/p><h2 data-start=\"800\" data-end=\"842\">Neue Techniken und sich \u00e4ndernde Anforderungen<\/h2><p data-start=\"843\" data-end=\"1170\">Byenhof Bedrijfsdeuren ist ein flexibles und fortschrittliches Unternehmen, das aktiv auf neue Techniken und sich \u00e4ndernde Gesetze und Vorschriften, wie Brandschutz und Arbeitsschutzgesetze, eingeht. Indem wir unseren Kunden gut zuh\u00f6ren und aktiv mitdenken, realisieren wir L\u00f6sungen, die sowohl technische als auch praktische Anforderungen erf\u00fcllen. <\/p><p data-start=\"1172\" data-end=\"1426\">Wir sind spezialisiert auf den Verschluss von \u00d6ffnungen, Schleusen, Durchg\u00e4ngen und Fassaden, unter anderem in den Bereichen Brandschutz, Einbruchschutz und Isolation. Dies tun wir mit ma\u00dfgefertigten T\u00fcren und Klappen, die auf die jeweilige Anwendung abgestimmt sind. <\/p><h2 data-start=\"1428\" data-end=\"1465\">Entwicklung, Produktion und Montage<\/h2><p data-start=\"1466\" data-end=\"1741\">Das Leistungsspektrum von Byenhof Bedrijfsdeuren reicht von der ersten Skizze bis zur kompletten Montage vor Ort. Innovative Produkte entstehen durch eine Kombination aus intensivem Kundenkontakt und dem Wissen und der Kreativit\u00e4t unserer Mitarbeiter in den Abteilungen Entwicklung, Produktion und Montage. <\/p><p data-start=\"1743\" data-end=\"1944\">Dank unseres breiten Produktprogramms bieten wir f\u00fcr nahezu jede Anwendung eine passende L\u00f6sung. Die Qualit\u00e4t unserer Produkte wird durch ein erfahrenes und qualifiziertes Team von Fachleuten gew\u00e4hrleistet. <\/p><h2 data-start=\"1946\" data-end=\"1983\">Sicher und zuverl\u00e4ssig produziert<\/h2><p data-start=\"1984\" data-end=\"2274\">Alle Produkte von Byenhof Bedrijfsdeuren werden mit modernen Produktionstechniken und einem umfangreichen Maschinenpark hergestellt. W\u00e4hrend aller Produktionsphasen wird die Qualit\u00e4t und Sicherheit sorgf\u00e4ltig \u00fcberwacht. Dies f\u00fchrt zu langlebigen, zuverl\u00e4ssigen Produkten, die hohen Anspr\u00fcchen und Normen gen\u00fcgen.  <\/p><p data-start=\"2276\" data-end=\"2400\">Unsere effiziente <span style=\"color: #993300;\"><strong><a style=\"color: #993300;\" href=\"https:\/\/www.byenhof.nl\/de\/massanfertigung\/arbeitsweise\/\">Arbeitsweise<\/a><\/strong><\/span> und die Liebe zum Detail garantieren eine konstante Qualit\u00e4t, auf die sich unsere Kunden verlassen k\u00f6nnen.<\/p>\t\t\t\t\t\t\t\t<\/div>\n\t\t\t\t\t<\/div>\n\t\t\t\t<\/div>\n\t\t<div class=\"elementor-element elementor-element-3d00b2d e-flex e-con-boxed e-con e-parent\" data-id=\"3d00b2d\" data-element_type=\"container\" data-e-type=\"container\">\n\t\t\t\t\t<div class=\"e-con-inner\">\n\t\t<div class=\"elementor-element elementor-element-5cc62c1 e-con-full e-flex e-con e-child\" data-id=\"5cc62c1\" data-element_type=\"container\" data-e-type=\"container\">\n\t\t\t\t<div class=\"elementor-element elementor-element-b74ddcf elementor-widget elementor-widget-text-editor\" data-id=\"b74ddcf\" data-element_type=\"widget\" data-e-type=\"widget\" data-widget_type=\"text-editor.default\">\n\t\t\t\t\t\t\t\t\t<h2>Ausstellungsraum<\/h2><p data-start=\"2414\" data-end=\"2682\">In unserem Ausstellungsraum von \u00fcber 400 m\u00b2 pr\u00e4sentieren wir ein breites Sortiment an Byenhof-Produkten. Sie sind herzlich eingeladen, unsere L\u00f6sungen aus der N\u00e4he zu betrachten und Ihre Fragen zu besprechen. Unsere Verkaufsmitarbeiter empfangen Sie gerne bei einer Tasse Kaffee.  <\/p><p data-start=\"2684\" data-end=\"2777\">Sie sind ohne Terminvereinbarung willkommen, wir freuen uns jedoch \u00fcber eine Terminvereinbarung, damit wir uns ausreichend Zeit f\u00fcr Sie nehmen k\u00f6nnen.<\/p>\t\t\t\t\t\t\t\t<\/div>\n\t\t\t\t<\/div>\n\t\t<div class=\"elementor-element elementor-element-59ad647 e-con-full e-flex e-con e-child\" data-id=\"59ad647\" data-element_type=\"container\" data-e-type=\"container\">\n\t\t\t\t<div class=\"elementor-element elementor-element-b5feed0 elementor-widget elementor-widget-image\" data-id=\"b5feed0\" data-element_type=\"widget\" data-e-type=\"widget\" data-widget_type=\"image.default\">\n\t\t\t\t\t\t\t\t\t\t\t\t\t\t\t<img decoding=\"async\" width=\"900\" height=\"720\" src=\"https:\/\/www.byenhof.nl\/wp-content\/uploads\/2026\/01\/contactmap-900x720-1.png\" class=\"attachment-large size-large wp-image-3840\" alt=\"\" srcset=\"https:\/\/www.byenhof.nl\/wp-content\/uploads\/2026\/01\/contactmap-900x720-1.png 900w, https:\/\/www.byenhof.nl\/wp-content\/uploads\/2026\/01\/contactmap-900x720-1-300x240.png 300w, https:\/\/www.byenhof.nl\/wp-content\/uploads\/2026\/01\/contactmap-900x720-1-768x614.png 768w\" sizes=\"(max-width: 900px) 100vw, 900px\" \/>\t\t\t\t\t\t\t\t\t\t\t\t\t\t\t<\/div>\n\t\t\t\t<\/div>\n\t\t\t\t\t<\/div>\n\t\t\t\t<\/div>\n\t\t<div class=\"elementor-element elementor-element-8e94595 e-flex e-con-boxed e-con e-parent\" data-id=\"8e94595\" data-element_type=\"container\" data-e-type=\"container\">\n\t\t\t\t\t<div class=\"e-con-inner\">\n\t\t<div class=\"elementor-element elementor-element-1147a76 e-con-full e-flex e-con e-child\" data-id=\"1147a76\" data-element_type=\"container\" data-e-type=\"container\">\n\t\t\t\t<div class=\"elementor-element elementor-element-cf16e2a elementor-widget elementor-widget-text-editor\" data-id=\"cf16e2a\" data-element_type=\"widget\" data-e-type=\"widget\" data-widget_type=\"text-editor.default\">\n\t\t\t\t\t\t\t\t\t<h2>\u00d6ffnungszeiten<\/h2><p>Montag bis Freitag sind wir von 07.30 bis 12.00 Uhr und von 12.30 bis 16.30 Uhr ge\u00f6ffnet.<\/p><p>Samstags und abends sind wir nach Vereinbarung ge\u00f6ffnet.<\/p><p>Sie erreichen uns hierf\u00fcr unter <span style=\"color: #000000;\">0314 \u2013 66 24 19 <\/span> oder per <strong><span style=\"color: #993300;\"><a style=\"color: #993300;\" href=\"mailto:%20info@byenhof.nl\" target=\"_blank\" rel=\"noopener\">info@byenhof.nl<\/a><\/span><\/strong>.<\/p>\t\t\t\t\t\t\t\t<\/div>\n\t\t\t\t<\/div>\n\t\t<div class=\"elementor-element elementor-element-acbfe8e e-con-full e-flex e-con e-child\" data-id=\"acbfe8e\" data-element_type=\"container\" data-e-type=\"container\">\n\t\t\t\t<div class=\"elementor-element elementor-element-508c3cd elementor-widget elementor-widget-image\" data-id=\"508c3cd\" data-element_type=\"widget\" data-e-type=\"widget\" data-widget_type=\"image.default\">\n\t\t\t\t\t\t\t\t\t\t\t\t\t\t\t<img decoding=\"async\" width=\"2560\" height=\"1920\" src=\"https:\/\/www.byenhof.nl\/wp-content\/uploads\/2026\/02\/image00015-scaled.jpeg\" class=\"attachment-large size-large wp-image-4449\" alt=\"\" srcset=\"https:\/\/www.byenhof.nl\/wp-content\/uploads\/2026\/02\/image00015-scaled.jpeg 2560w, https:\/\/www.byenhof.nl\/wp-content\/uploads\/2026\/02\/image00015-768x576.jpeg 768w, https:\/\/www.byenhof.nl\/wp-content\/uploads\/2026\/02\/image00015-1536x1152.jpeg 1536w, https:\/\/www.byenhof.nl\/wp-content\/uploads\/2026\/02\/image00015-2048x1536.jpeg 2048w\" sizes=\"(max-width: 2560px) 100vw, 2560px\" \/>\t\t\t\t\t\t\t\t\t\t\t\t\t\t\t<\/div>\n\t\t\t\t<\/div>\n\t\t\t\t\t<\/div>\n\t\t\t\t<\/div>\n\t\t\t\t<\/div>\n\t\t","protected":false},"excerpt":{"rendered":"<p>\u00dcber uns Byenhof Bedrijfsdeuren steht f\u00fcr zuverl\u00e4ssige Ma\u00dfanfertigungen, in denen Handwerkskunst, Qualit\u00e4t und Engagement zusammenkommen. Mit jahrelanger Erfahrung und einem starken Fokus auf Technik entwickeln und produzieren wir T\u00fcren und Abschl\u00fcsse f\u00fcr verschiedenste Anwendungen. Wir denken aktiv vom ersten Entwurf an mit und setzen W\u00fcnsche in praktische und nachhaltige L\u00f6sungen um. So unterst\u00fctzen wir unsere [&hellip;]<\/p>\n","protected":false},"author":3,"featured_media":0,"parent":0,"menu_order":2,"comment_status":"closed","ping_status":"closed","template":"elementor_header_footer","meta":{"footnotes":""},"class_list":["post-3839","page","type-page","status-publish","hentry"],"yoast_head":"<!-- This site is optimized with the Yoast SEO plugin v27.1.1 - https:\/\/yoast.com\/product\/yoast-seo-wordpress\/ -->\n<title>\u00dcber uns | Byenhof<\/title>\n<meta name=\"description\" content=\"Wir sind ein flexibles Unternehmen, das auf neue Techniken und neue Anforderungen der Beh\u00f6rden eingeht.\" \/>\n<meta name=\"robots\" content=\"index, follow, max-snippet:-1, max-image-preview:large, max-video-preview:-1\" \/>\n<link rel=\"canonical\" href=\"https:\/\/www.byenhof.nl\/over-ons\/\" \/>\n<meta property=\"og:locale\" content=\"de_DE\" \/>\n<meta property=\"og:type\" content=\"article\" \/>\n<meta property=\"og:title\" content=\"\u00dcber uns | Byenhof\" \/>\n<meta property=\"og:description\" content=\"Wir sind ein flexibles Unternehmen, das auf neue Techniken und neue Anforderungen der Beh\u00f6rden eingeht.\" \/>\n<meta property=\"og:url\" content=\"https:\/\/www.byenhof.nl\/over-ons\/\" \/>\n<meta property=\"og:site_name\" content=\"Byenhof Bedrijfsdeuren\" \/>\n<meta property=\"article:publisher\" content=\"https:\/\/www.facebook.com\/Byenhof-AK-Techniek-BV-219453718085032\" \/>\n<meta property=\"article:modified_time\" content=\"2026-02-06T10:57:14+00:00\" \/>\n<meta property=\"og:image\" content=\"https:\/\/www.byenhof.nl\/wp-content\/uploads\/2025\/10\/20250824101452-scaled-e1759310779405-1024x616.jpg\" \/>\n\t<meta property=\"og:image:width\" content=\"1024\" \/>\n\t<meta property=\"og:image:height\" content=\"616\" \/>\n\t<meta property=\"og:image:type\" content=\"image\/jpeg\" \/>\n<meta name=\"twitter:card\" content=\"summary_large_image\" \/>\n<meta name=\"twitter:site\" content=\"@byenhof\" \/>\n<meta name=\"twitter:label1\" content=\"Gesch\u00e4tzte Lesezeit\" \/>\n\t<meta name=\"twitter:data1\" content=\"2\u00a0Minuten\" \/>\n<script type=\"application\/ld+json\" class=\"yoast-schema-graph\">{\"@context\":\"https:\/\/schema.org\",\"@graph\":[{\"@type\":\"WebPage\",\"@id\":\"https:\/\/www.byenhof.nl\/over-ons\/\",\"url\":\"https:\/\/www.byenhof.nl\/over-ons\/\",\"name\":\"\u00dcber uns | Byenhof\",\"isPartOf\":{\"@id\":\"https:\/\/www.byenhof.nl\/#website\"},\"primaryImageOfPage\":{\"@id\":\"https:\/\/www.byenhof.nl\/over-ons\/#primaryimage\"},\"image\":{\"@id\":\"https:\/\/www.byenhof.nl\/over-ons\/#primaryimage\"},\"thumbnailUrl\":\"https:\/\/www.byenhof.nl\/wp-content\/uploads\/2025\/10\/20250824101452-scaled-e1759310779405-1024x616.jpg\",\"datePublished\":\"2026-01-27T15:26:21+00:00\",\"dateModified\":\"2026-02-06T10:57:14+00:00\",\"description\":\"Wir sind ein flexibles Unternehmen, das auf neue Techniken und neue Anforderungen der Beh\u00f6rden eingeht.\",\"breadcrumb\":{\"@id\":\"https:\/\/www.byenhof.nl\/over-ons\/#breadcrumb\"},\"inLanguage\":\"de\",\"potentialAction\":[{\"@type\":\"ReadAction\",\"target\":[\"https:\/\/www.byenhof.nl\/over-ons\/\"]}]},{\"@type\":\"ImageObject\",\"inLanguage\":\"de\",\"@id\":\"https:\/\/www.byenhof.nl\/over-ons\/#primaryimage\",\"url\":\"https:\/\/www.byenhof.nl\/wp-content\/uploads\/2025\/10\/20250824101452-scaled-e1759310779405-1024x616.jpg\",\"contentUrl\":\"https:\/\/www.byenhof.nl\/wp-content\/uploads\/2025\/10\/20250824101452-scaled-e1759310779405-1024x616.jpg\"},{\"@type\":\"BreadcrumbList\",\"@id\":\"https:\/\/www.byenhof.nl\/over-ons\/#breadcrumb\",\"itemListElement\":[{\"@type\":\"ListItem\",\"position\":1,\"name\":\"Startseite\",\"item\":\"https:\/\/www.byenhof.nl\/de\/startseite\/\"},{\"@type\":\"ListItem\",\"position\":2,\"name\":\"\u00dcber uns\"}]},{\"@type\":\"WebSite\",\"@id\":\"https:\/\/www.byenhof.nl\/#website\",\"url\":\"https:\/\/www.byenhof.nl\/\",\"name\":\"Byenhof Bedrijfsdeuren\",\"description\":\"\",\"publisher\":{\"@id\":\"https:\/\/www.byenhof.nl\/#organization\"},\"potentialAction\":[{\"@type\":\"SearchAction\",\"target\":{\"@type\":\"EntryPoint\",\"urlTemplate\":\"https:\/\/www.byenhof.nl\/?s={search_term_string}\"},\"query-input\":{\"@type\":\"PropertyValueSpecification\",\"valueRequired\":true,\"valueName\":\"search_term_string\"}}],\"inLanguage\":\"de\"},{\"@type\":\"Organization\",\"@id\":\"https:\/\/www.byenhof.nl\/#organization\",\"name\":\"Byenhof Bedrijfsdeuren\",\"url\":\"https:\/\/www.byenhof.nl\/\",\"logo\":{\"@type\":\"ImageObject\",\"inLanguage\":\"de\",\"@id\":\"https:\/\/www.byenhof.nl\/#\/schema\/logo\/image\/\",\"url\":\"https:\/\/www.byenhof.nl\/wp-content\/uploads\/2026\/01\/Byenhof-Bedrijfsdeuren-zwart-wit-wit_25.jpg\",\"contentUrl\":\"https:\/\/www.byenhof.nl\/wp-content\/uploads\/2026\/01\/Byenhof-Bedrijfsdeuren-zwart-wit-wit_25.jpg\",\"caption\":\"Byenhof Bedrijfsdeuren\"},\"image\":{\"@id\":\"https:\/\/www.byenhof.nl\/#\/schema\/logo\/image\/\"},\"sameAs\":[\"https:\/\/www.facebook.com\/Byenhof-AK-Techniek-BV-219453718085032\",\"https:\/\/x.com\/byenhof\",\"https:\/\/www.youtube.com\/channel\/UCsru8FAZlgDK3Iy0zXfHwiA\"]}]}<\/script>\n<!-- \/ Yoast SEO plugin. -->","yoast_head_json":{"title":"\u00dcber uns | Byenhof","description":"Wir sind ein flexibles Unternehmen, das auf neue Techniken und neue Anforderungen der Beh\u00f6rden eingeht.","robots":{"index":"index","follow":"follow","max-snippet":"max-snippet:-1","max-image-preview":"max-image-preview:large","max-video-preview":"max-video-preview:-1"},"canonical":"https:\/\/www.byenhof.nl\/over-ons\/","og_locale":"de_DE","og_type":"article","og_title":"\u00dcber uns | Byenhof","og_description":"Wir sind ein flexibles Unternehmen, das auf neue Techniken und neue Anforderungen der Beh\u00f6rden eingeht.","og_url":"https:\/\/www.byenhof.nl\/over-ons\/","og_site_name":"Byenhof Bedrijfsdeuren","article_publisher":"https:\/\/www.facebook.com\/Byenhof-AK-Techniek-BV-219453718085032","article_modified_time":"2026-02-06T10:57:14+00:00","og_image":[{"width":1024,"height":616,"url":"https:\/\/www.byenhof.nl\/wp-content\/uploads\/2025\/10\/20250824101452-scaled-e1759310779405-1024x616.jpg","type":"image\/jpeg"}],"twitter_card":"summary_large_image","twitter_site":"@byenhof","twitter_misc":{"Gesch\u00e4tzte Lesezeit":"2\u00a0Minuten"},"schema":{"@context":"https:\/\/schema.org","@graph":[{"@type":"WebPage","@id":"https:\/\/www.byenhof.nl\/over-ons\/","url":"https:\/\/www.byenhof.nl\/over-ons\/","name":"\u00dcber uns | Byenhof","isPartOf":{"@id":"https:\/\/www.byenhof.nl\/#website"},"primaryImageOfPage":{"@id":"https:\/\/www.byenhof.nl\/over-ons\/#primaryimage"},"image":{"@id":"https:\/\/www.byenhof.nl\/over-ons\/#primaryimage"},"thumbnailUrl":"https:\/\/www.byenhof.nl\/wp-content\/uploads\/2025\/10\/20250824101452-scaled-e1759310779405-1024x616.jpg","datePublished":"2026-01-27T15:26:21+00:00","dateModified":"2026-02-06T10:57:14+00:00","description":"Wir sind ein flexibles Unternehmen, das auf neue Techniken und neue Anforderungen der Beh\u00f6rden eingeht.","breadcrumb":{"@id":"https:\/\/www.byenhof.nl\/over-ons\/#breadcrumb"},"inLanguage":"de","potentialAction":[{"@type":"ReadAction","target":["https:\/\/www.byenhof.nl\/over-ons\/"]}]},{"@type":"ImageObject","inLanguage":"de","@id":"https:\/\/www.byenhof.nl\/over-ons\/#primaryimage","url":"https:\/\/www.byenhof.nl\/wp-content\/uploads\/2025\/10\/20250824101452-scaled-e1759310779405-1024x616.jpg","contentUrl":"https:\/\/www.byenhof.nl\/wp-content\/uploads\/2025\/10\/20250824101452-scaled-e1759310779405-1024x616.jpg"},{"@type":"BreadcrumbList","@id":"https:\/\/www.byenhof.nl\/over-ons\/#breadcrumb","itemListElement":[{"@type":"ListItem","position":1,"name":"Startseite","item":"https:\/\/www.byenhof.nl\/de\/startseite\/"},{"@type":"ListItem","position":2,"name":"\u00dcber uns"}]},{"@type":"WebSite","@id":"https:\/\/www.byenhof.nl\/#website","url":"https:\/\/www.byenhof.nl\/","name":"Byenhof Bedrijfsdeuren","description":"","publisher":{"@id":"https:\/\/www.byenhof.nl\/#organization"},"potentialAction":[{"@type":"SearchAction","target":{"@type":"EntryPoint","urlTemplate":"https:\/\/www.byenhof.nl\/?s={search_term_string}"},"query-input":{"@type":"PropertyValueSpecification","valueRequired":true,"valueName":"search_term_string"}}],"inLanguage":"de"},{"@type":"Organization","@id":"https:\/\/www.byenhof.nl\/#organization","name":"Byenhof Bedrijfsdeuren","url":"https:\/\/www.byenhof.nl\/","logo":{"@type":"ImageObject","inLanguage":"de","@id":"https:\/\/www.byenhof.nl\/#\/schema\/logo\/image\/","url":"https:\/\/www.byenhof.nl\/wp-content\/uploads\/2026\/01\/Byenhof-Bedrijfsdeuren-zwart-wit-wit_25.jpg","contentUrl":"https:\/\/www.byenhof.nl\/wp-content\/uploads\/2026\/01\/Byenhof-Bedrijfsdeuren-zwart-wit-wit_25.jpg","caption":"Byenhof Bedrijfsdeuren"},"image":{"@id":"https:\/\/www.byenhof.nl\/#\/schema\/logo\/image\/"},"sameAs":["https:\/\/www.facebook.com\/Byenhof-AK-Techniek-BV-219453718085032","https:\/\/x.com\/byenhof","https:\/\/www.youtube.com\/channel\/UCsru8FAZlgDK3Iy0zXfHwiA"]}]}},"_links":{"self":[{"href":"https:\/\/www.byenhof.nl\/de\/wp-json\/wp\/v2\/pages\/3839","targetHints":{"allow":["GET"]}}],"collection":[{"href":"https:\/\/www.byenhof.nl\/de\/wp-json\/wp\/v2\/pages"}],"about":[{"href":"https:\/\/www.byenhof.nl\/de\/wp-json\/wp\/v2\/types\/page"}],"author":[{"embeddable":true,"href":"https:\/\/www.byenhof.nl\/de\/wp-json\/wp\/v2\/users\/3"}],"replies":[{"embeddable":true,"href":"https:\/\/www.byenhof.nl\/de\/wp-json\/wp\/v2\/comments?post=3839"}],"version-history":[{"count":6,"href":"https:\/\/www.byenhof.nl\/de\/wp-json\/wp\/v2\/pages\/3839\/revisions"}],"predecessor-version":[{"id":5408,"href":"https:\/\/www.byenhof.nl\/de\/wp-json\/wp\/v2\/pages\/3839\/revisions\/5408"}],"wp:attachment":[{"href":"https:\/\/www.byenhof.nl\/de\/wp-json\/wp\/v2\/media?parent=3839"}],"curies":[{"name":"wp","href":"https:\/\/api.w.org\/{rel}","templated":true}]}}